{"id":1355,"date":"2021-01-25T11:16:40","date_gmt":"2021-01-25T11:16:40","guid":{"rendered":"https:\/\/havusnow.com\/?page_id=1355"},"modified":"2023-03-14T17:16:17","modified_gmt":"2023-03-14T17:16:17","slug":"sustainable-technology","status":"publish","type":"page","link":"https:\/\/havusnow.com\/fi\/sustainable-technology\/","title":{"rendered":"Ekologisuus"},"content":{"rendered":"<div data-elementor-type=\"wp-page\" data-elementor-id=\"1355\" class=\"elementor elementor-1355\">\n\t\t\t\t\t\t<section class=\"elementor-section elementor-top-section elementor-element elementor-element-16aefc7 elementor-section-boxed elementor-section-height-default elementor-section-height-default\" data-id=\"16aefc7\" data-element_type=\"section\" data-e-type=\"section\">\n\t\t\t\t\t\t<div class=\"elementor-container elementor-column-gap-default\">\n\t\t\t\t\t<div class=\"elementor-column elementor-col-100 elementor-top-column elementor-element elementor-element-11917d8\" data-id=\"11917d8\" data-element_type=\"column\" data-e-type=\"column\">\n\t\t\t<div class=\"elementor-widget-wrap elementor-element-populated\">\n\t\t\t\t\t\t<div class=\"elementor-element elementor-element-d6c1c7a elementor-widget elementor-widget-heading\" data-id=\"d6c1c7a\" data-element_type=\"widget\" data-e-type=\"widget\" data-widget_type=\"heading.default\">\n\t\t\t\t<div class=\"elementor-widget-container\">\n\t\t\t\t\t<h2 class=\"elementor-heading-title elementor-size-default\">Intohimona vihreys.<\/h2>\t\t\t\t<\/div>\n\t\t\t\t<\/div>\n\t\t\t\t\t<\/div>\n\t\t<\/div>\n\t\t\t\t\t<\/div>\n\t\t<\/section>\n\t\t\t\t<section class=\"elementor-section elementor-top-section elementor-element elementor-element-81d344c elementor-section-boxed elementor-section-height-default elementor-section-height-default\" data-id=\"81d344c\" data-element_type=\"section\" data-e-type=\"section\">\n\t\t\t\t\t\t<div class=\"elementor-container elementor-column-gap-default\">\n\t\t\t\t\t<div class=\"elementor-column elementor-col-100 elementor-top-column elementor-element elementor-element-143289d\" data-id=\"143289d\" data-element_type=\"column\" data-e-type=\"column\">\n\t\t\t<div class=\"elementor-widget-wrap elementor-element-populated\">\n\t\t\t\t\t\t<div class=\"elementor-element elementor-element-f3b28ac elementor-widget elementor-widget-text-editor\" data-id=\"f3b28ac\" data-element_type=\"widget\" data-e-type=\"widget\" data-widget_type=\"text-editor.default\">\n\t\t\t\t<div class=\"elementor-widget-container\">\n\t\t\t\t\t\t\t\t\t<p>Aivan ensimm\u00e4isist\u00e4 suksista l\u00e4htien tavoitteemme on ollut yksinkertainen. Haluamme tehd\u00e4 muutoksen. Haluamme m\u00e4\u00e4ritell\u00e4 uudelleen sen, miten suksia valmistetaan, tehd\u00e4ksemme maailman ekologisimpia ja parhaita laskuv\u00e4lineit\u00e4. Haluamme p\u00e4\u00e4st\u00e4 eroon muovista ja muista ymp\u00e4rist\u00f6lle haitallisista materiaaleista pelastaaksemme talvet ja maapallon.<\/p><p>K\u00e4ytt\u00e4m\u00e4mme vaihtoehtoiset luonnonmateriaalit erottavat meid\u00e4t muista. Niiden ansiosta tuotteistamme syntyv\u00e4 j\u00e4te on p\u00e4\u00e4asiassa puupurua, ja niiden hiilijalanj\u00e4lki on huomattavasti muita valmistajia pienempi. 60% v\u00e4hemm\u00e4n muovia, uniikki ulkon\u00e4k\u00f6 ja kest\u00e4vyys ovat muita hyvi\u00e4 ominaisuuksia. Perinteiset valmistustavat ovat eritt\u00e4in haitallisia luonnolle, koska myrkylliset kemikaalit, kaadetut mets\u00e4t, muovij\u00e4te ja lopulta kierr\u00e4tyskelvottomat tuotteet kaikki osaltaan lis\u00e4\u00e4v\u00e4t ilmaston l\u00e4mpenemist\u00e4 ja luonnon saastumista.\u00a0<\/p><p>Vuosien kehitysty\u00f6n, sek\u00e4 huolellisen testauksen avulla olemme kehitt\u00e4neet kest\u00e4v\u00e4n rakenteen, joka k\u00e4ytt\u00e4\u00e4 maailman ekologisimpia materiaaleja. Yhdistimme t\u00e4m\u00e4n suomalaiseen yli vuosisadan kokemukseen suksien rakentamisesta ja tuloksena saimme loistavan alaa johtavan ymp\u00e4rist\u00f6yst\u00e4v\u00e4llisen rakenteen, joka vahingoittaa mahdollisimman v\u00e4h\u00e4n luontoa. Vaikka tuotteen valmistuksesta muodostuu aina pieni jalanj\u00e4lki, etsimme kokoajan tapoja saada se niin pieneksi kuin mahdollista.\u00a0<\/p><p>Miksi n\u00e4hd\u00e4 n\u00e4in paljon vaivaa? - Koska on vain yksi Maapallo, eik\u00e4 ihmiskunnalla ole varaa pilata sit\u00e4.<\/p>\t\t\t\t\t\t\t\t<\/div>\n\t\t\t\t<\/div>\n\t\t\t\t\t<\/div>\n\t\t<\/div>\n\t\t\t\t\t<\/div>\n\t\t<\/section>\n\t\t\t\t<section class=\"elementor-section elementor-top-section elementor-element elementor-element-9827901 elementor-section-stretched elementor-section-boxed elementor-section-height-default elementor-section-height-default\" data-id=\"9827901\" data-element_type=\"section\" data-e-type=\"section\" data-settings=\"{&quot;stretch_section&quot;:&quot;section-stretched&quot;,&quot;background_background&quot;:&quot;classic&quot;}\">\n\t\t\t\t\t\t<div class=\"elementor-container elementor-column-gap-default\">\n\t\t\t\t\t<div class=\"elementor-column elementor-col-33 elementor-top-column elementor-element elementor-element-8efb617\" data-id=\"8efb617\" data-element_type=\"column\" data-e-type=\"column\">\n\t\t\t<div class=\"elementor-widget-wrap elementor-element-populated\">\n\t\t\t\t\t\t<div class=\"elementor-element elementor-element-43700d8 elementor-view-default elementor-widget elementor-widget-icon\" data-id=\"43700d8\" data-element_type=\"widget\" data-e-type=\"widget\" data-widget_type=\"icon.default\">\n\t\t\t\t<div class=\"elementor-widget-container\">\n\t\t\t\t\t\t\t<div class=\"elementor-icon-wrapper\">\n\t\t\t<div class=\"elementor-icon\">\n\t\t\t<i aria-hidden=\"true\" class=\"fas fa-seedling\"><\/i>\t\t\t<\/div>\n\t\t<\/div>\n\t\t\t\t\t\t<\/div>\n\t\t\t\t<\/div>\n\t\t\t\t<div class=\"elementor-element elementor-element-0c7c5c0 elementor-widget elementor-widget-heading\" data-id=\"0c7c5c0\" data-element_type=\"widget\" data-e-type=\"widget\" data-widget_type=\"heading.default\">\n\t\t\t\t<div class=\"elementor-widget-container\">\n\t\t\t\t\t<h2 class=\"elementor-heading-title elementor-size-default\">Pellavakuitu<\/h2>\t\t\t\t<\/div>\n\t\t\t\t<\/div>\n\t\t\t\t<div class=\"elementor-element elementor-element-983a25f elementor-widget elementor-widget-text-editor\" data-id=\"983a25f\" data-element_type=\"widget\" data-e-type=\"widget\" data-widget_type=\"text-editor.default\">\n\t\t\t\t<div class=\"elementor-widget-container\">\n\t\t\t\t\t\t\t\t\t<p>Jokainen HAVU laskettelusuksi on rakennettu t\u00e4m\u00e4n mahtavan materiaalin avulla. Sill\u00e4 on 75% pienempi hiilijalanj\u00e4lki kuin hiilikuidulla. Pellava on maailman ekologisin vahvikemateriaali, ja sill\u00e4 on historiaa viljelykasvina jo vuosisatojen ajan. Sen iskun- ja t\u00e4rin\u00e4nvaimennusominaisuudet, sek\u00e4 kest\u00e4vyys varmistavat, ett\u00e4 laskeminen on mahdollisimman miellytt\u00e4v\u00e4\u00e4.\u00a0<\/p>\t\t\t\t\t\t\t\t<\/div>\n\t\t\t\t<\/div>\n\t\t\t\t\t<\/div>\n\t\t<\/div>\n\t\t\t\t<div class=\"elementor-column elementor-col-33 elementor-top-column elementor-element elementor-element-9fbf331\" data-id=\"9fbf331\" data-element_type=\"column\" data-e-type=\"column\">\n\t\t\t<div class=\"elementor-widget-wrap elementor-element-populated\">\n\t\t\t\t\t\t<div class=\"elementor-element elementor-element-f4eb24b elementor-view-default elementor-widget elementor-widget-icon\" data-id=\"f4eb24b\" data-element_type=\"widget\" data-e-type=\"widget\" data-widget_type=\"icon.default\">\n\t\t\t\t<div class=\"elementor-widget-container\">\n\t\t\t\t\t\t\t<div class=\"elementor-icon-wrapper\">\n\t\t\t<div class=\"elementor-icon\">\n\t\t\t<i aria-hidden=\"true\" class=\"fas fa-tree\"><\/i>\t\t\t<\/div>\n\t\t<\/div>\n\t\t\t\t\t\t<\/div>\n\t\t\t\t<\/div>\n\t\t\t\t<div class=\"elementor-element elementor-element-1bd13e4 elementor-widget elementor-widget-heading\" data-id=\"1bd13e4\" data-element_type=\"widget\" data-e-type=\"widget\" data-widget_type=\"heading.default\">\n\t\t\t\t<div class=\"elementor-widget-container\">\n\t\t\t\t\t<h2 class=\"elementor-heading-title elementor-size-default\">T\u00e4yspuuydin<\/h2>\t\t\t\t<\/div>\n\t\t\t\t<\/div>\n\t\t\t\t<div class=\"elementor-element elementor-element-91ad0f7 elementor-widget elementor-widget-text-editor\" data-id=\"91ad0f7\" data-element_type=\"widget\" data-e-type=\"widget\" data-widget_type=\"text-editor.default\">\n\t\t\t\t<div class=\"elementor-widget-container\">\n\t\t\t\t\t\t\t\t\t<p>Ytimiss\u00e4mme k\u00e4ytett\u00e4v\u00e4 puu tulee paikallisista metsist\u00e4, joita hoidetaan kest\u00e4v\u00e4sti, ett\u00e4 ne s\u00e4ilyv\u00e4t metsin\u00e4 my\u00f6s tulevaisuudessa. Suurin osa puusta on per\u00e4isin omasta mets\u00e4st\u00e4mme, ja on meid\u00e4n itse kaatamaa ja sahaamaa. Joka kerta kun puita kaadetaan, uusia istutetaan tilalle. T\u00e4m\u00e4n j\u00e4lkeen valmistamme niist\u00e4 huolellisesti ytimi\u00e4, joilla on parhaat mahdolliset ominaisuudet.\u00a0<\/p>\t\t\t\t\t\t\t\t<\/div>\n\t\t\t\t<\/div>\n\t\t\t\t\t<\/div>\n\t\t<\/div>\n\t\t\t\t<div class=\"elementor-column elementor-col-33 elementor-top-column elementor-element elementor-element-9f2152b\" data-id=\"9f2152b\" data-element_type=\"column\" data-e-type=\"column\">\n\t\t\t<div class=\"elementor-widget-wrap elementor-element-populated\">\n\t\t\t\t\t\t<div class=\"elementor-element elementor-element-49108d2 elementor-view-default elementor-widget elementor-widget-icon\" data-id=\"49108d2\" data-element_type=\"widget\" data-e-type=\"widget\" data-widget_type=\"icon.default\">\n\t\t\t\t<div class=\"elementor-widget-container\">\n\t\t\t\t\t\t\t<div class=\"elementor-icon-wrapper\">\n\t\t\t<div class=\"elementor-icon\">\n\t\t\t<i aria-hidden=\"true\" class=\"fas fa-tree\"><\/i>\t\t\t<\/div>\n\t\t<\/div>\n\t\t\t\t\t\t<\/div>\n\t\t\t\t<\/div>\n\t\t\t\t<div class=\"elementor-element elementor-element-58a37f1 elementor-widget elementor-widget-heading\" data-id=\"58a37f1\" data-element_type=\"widget\" data-e-type=\"widget\" data-widget_type=\"heading.default\">\n\t\t\t\t<div class=\"elementor-widget-container\">\n\t\t\t\t\t<h2 class=\"elementor-heading-title elementor-size-default\"><a href=\"https:\/\/havusnow.com\/fi\/wood-sidewalls\/\">Kovapuiset sidewallit<\/a><\/h2>\t\t\t\t<\/div>\n\t\t\t\t<\/div>\n\t\t\t\t<div class=\"elementor-element elementor-element-6dba0ef elementor-widget elementor-widget-text-editor\" data-id=\"6dba0ef\" data-element_type=\"widget\" data-e-type=\"widget\" data-widget_type=\"text-editor.default\">\n\t\t\t\t<div class=\"elementor-widget-container\">\n\t\t\t\t\t\t\t\t\t<p>Eritt\u00e4in kest\u00e4v\u00e4 vaahterapuu k\u00e4siteltyn\u00e4 pellava\u00f6ljyll\u00e4 muodostaa ekologisen ja kest\u00e4v\u00e4n sidewall-materiaalin. Se v\u00e4hent\u00e4\u00e4 huomattavasti muovin m\u00e4\u00e4r\u00e4\u00e4, n\u00e4ytt\u00e4\u00e4 ainutlaatuiselta ja lis\u00e4\u00e4 luonnollista kanttituntumaa. Vaahterapuu my\u00f6s kest\u00e4\u00e4 painetta ja iskuja yht\u00e4 hyvin kuin perinteinen muovi, joissakin testeiss\u00e4mme jopa paremmin.\u00a0<\/p>\t\t\t\t\t\t\t\t<\/div>\n\t\t\t\t<\/div>\n\t\t\t\t\t<\/div>\n\t\t<\/div>\n\t\t\t\t\t<\/div>\n\t\t<\/section>\n\t\t\t\t<section class=\"elementor-section elementor-top-section elementor-element elementor-element-8649a01 elementor-section-stretched elementor-section-boxed elementor-section-height-default elementor-section-height-default\" data-id=\"8649a01\" data-element_type=\"section\" data-e-type=\"section\" data-settings=\"{&quot;stretch_section&quot;:&quot;section-stretched&quot;,&quot;background_background&quot;:&quot;classic&quot;}\">\n\t\t\t\t\t\t<div class=\"elementor-container elementor-column-gap-default\">\n\t\t\t\t\t<div class=\"elementor-column elementor-col-33 elementor-top-column elementor-element elementor-element-bd2d8d8\" data-id=\"bd2d8d8\" data-element_type=\"column\" data-e-type=\"column\">\n\t\t\t<div class=\"elementor-widget-wrap elementor-element-populated\">\n\t\t\t\t\t\t<div class=\"elementor-element elementor-element-98ad3cd elementor-view-default elementor-widget elementor-widget-icon\" data-id=\"98ad3cd\" data-element_type=\"widget\" data-e-type=\"widget\" data-widget_type=\"icon.default\">\n\t\t\t\t<div class=\"elementor-widget-container\">\n\t\t\t\t\t\t\t<div class=\"elementor-icon-wrapper\">\n\t\t\t<div class=\"elementor-icon\">\n\t\t\t<i aria-hidden=\"true\" class=\"fas fa-leaf\"><\/i>\t\t\t<\/div>\n\t\t<\/div>\n\t\t\t\t\t\t<\/div>\n\t\t\t\t<\/div>\n\t\t\t\t<div class=\"elementor-element elementor-element-2b4272c elementor-widget elementor-widget-heading\" data-id=\"2b4272c\" data-element_type=\"widget\" data-e-type=\"widget\" data-widget_type=\"heading.default\">\n\t\t\t\t<div class=\"elementor-widget-container\">\n\t\t\t\t\t<h2 class=\"elementor-heading-title elementor-size-default\">Puupinta<\/h2>\t\t\t\t<\/div>\n\t\t\t\t<\/div>\n\t\t\t\t<div class=\"elementor-element elementor-element-6b2097f elementor-widget elementor-widget-text-editor\" data-id=\"6b2097f\" data-element_type=\"widget\" data-e-type=\"widget\" data-widget_type=\"text-editor.default\">\n\t\t\t\t<div class=\"elementor-widget-container\">\n\t\t\t\t\t\t\t\t\t<p>Puuviilut toimivat loistavasti pintamateriaalina. Ne ovat 100% luonnontuote ja jokainen viilu n\u00e4ytt\u00e4\u00e4 omanlaiseltaan. Emme k\u00e4yt\u00e4 eksoottisia puulajeja sill\u00e4 ne vahingoittavat sademetsien, kuten Amazonin ekosysteemi\u00e4. Sen sijaan k\u00e4yt\u00e4mme paikallisia lajeja, kuten koivua ja tammea. Eritt\u00e4in vahvan lakkakerroksen ansiosta ne kest\u00e4v\u00e4t k\u00e4ytt\u00f6\u00e4, ja toisin kuin muovisen pinnan, voi puisen hioa ja lakata uudelleen.\u00a0<\/p>\t\t\t\t\t\t\t\t<\/div>\n\t\t\t\t<\/div>\n\t\t\t\t\t<\/div>\n\t\t<\/div>\n\t\t\t\t<div class=\"elementor-column elementor-col-33 elementor-top-column elementor-element elementor-element-f826561\" data-id=\"f826561\" data-element_type=\"column\" data-e-type=\"column\">\n\t\t\t<div class=\"elementor-widget-wrap elementor-element-populated\">\n\t\t\t\t\t\t<div class=\"elementor-element elementor-element-dd48eb4 elementor-view-default elementor-widget elementor-widget-icon\" data-id=\"dd48eb4\" data-element_type=\"widget\" data-e-type=\"widget\" data-widget_type=\"icon.default\">\n\t\t\t\t<div class=\"elementor-widget-container\">\n\t\t\t\t\t\t\t<div class=\"elementor-icon-wrapper\">\n\t\t\t<div class=\"elementor-icon\">\n\t\t\t<i aria-hidden=\"true\" class=\"fas fa-bong\"><\/i>\t\t\t<\/div>\n\t\t<\/div>\n\t\t\t\t\t\t<\/div>\n\t\t\t\t<\/div>\n\t\t\t\t<div class=\"elementor-element elementor-element-60fb140 elementor-widget elementor-widget-heading\" data-id=\"60fb140\" data-element_type=\"widget\" data-e-type=\"widget\" data-widget_type=\"heading.default\">\n\t\t\t\t<div class=\"elementor-widget-container\">\n\t\t\t\t\t<h2 class=\"elementor-heading-title elementor-size-default\">Bio Hartsi<\/h2>\t\t\t\t<\/div>\n\t\t\t\t<\/div>\n\t\t\t\t<div class=\"elementor-element elementor-element-498aee0 elementor-widget elementor-widget-text-editor\" data-id=\"498aee0\" data-element_type=\"widget\" data-e-type=\"widget\" data-widget_type=\"text-editor.default\">\n\t\t\t\t<div class=\"elementor-widget-container\">\n\t\t\t\t\t\t\t\t\t<p>Perinteiset epoksihartsit ovat eritt\u00e4in myrkyllisi\u00e4 luonnolle. K\u00e4yt\u00e4mme bio-hartsia, joka sis\u00e4lt\u00e4\u00e4 yhteens\u00e4 30% teollisuuden sivutuotteena syntyneit\u00e4 uusiutuvia ainesosia. T\u00e4m\u00e4 pienent\u00e4\u00e4 energiankulutusta ja v\u00e4hent\u00e4\u00e4 j\u00e4tteen m\u00e4\u00e4r\u00e4\u00e4. Se my\u00f6s lis\u00e4\u00e4 v\u00e4lineiden kimmoisuutta, ja eritt\u00e4in korkea tarttuvuus est\u00e4\u00e4 suksia tai lautaa hajoamasta.<\/p>\t\t\t\t\t\t\t\t<\/div>\n\t\t\t\t<\/div>\n\t\t\t\t\t<\/div>\n\t\t<\/div>\n\t\t\t\t<div class=\"elementor-column elementor-col-33 elementor-top-column elementor-element elementor-element-5605fa2\" data-id=\"5605fa2\" data-element_type=\"column\" data-e-type=\"column\">\n\t\t\t<div class=\"elementor-widget-wrap elementor-element-populated\">\n\t\t\t\t\t\t<div class=\"elementor-element elementor-element-4c7881d elementor-view-default elementor-widget elementor-widget-icon\" data-id=\"4c7881d\" data-element_type=\"widget\" data-e-type=\"widget\" data-widget_type=\"icon.default\">\n\t\t\t\t<div class=\"elementor-widget-container\">\n\t\t\t\t\t\t\t<div class=\"elementor-icon-wrapper\">\n\t\t\t<div class=\"elementor-icon\">\n\t\t\t<i aria-hidden=\"true\" class=\"fas fa-map-marker-alt\"><\/i>\t\t\t<\/div>\n\t\t<\/div>\n\t\t\t\t\t\t<\/div>\n\t\t\t\t<\/div>\n\t\t\t\t<div class=\"elementor-element elementor-element-63792dd elementor-widget elementor-widget-heading\" data-id=\"63792dd\" data-element_type=\"widget\" data-e-type=\"widget\" data-widget_type=\"heading.default\">\n\t\t\t\t<div class=\"elementor-widget-container\">\n\t\t\t\t\t<h2 class=\"elementor-heading-title elementor-size-default\">Valmistettu paikallisesti<\/h2>\t\t\t\t<\/div>\n\t\t\t\t<\/div>\n\t\t\t\t<div class=\"elementor-element elementor-element-3f7832b elementor-widget elementor-widget-text-editor\" data-id=\"3f7832b\" data-element_type=\"widget\" data-e-type=\"widget\" data-widget_type=\"text-editor.default\">\n\t\t\t\t<div class=\"elementor-widget-container\">\n\t\t\t\t\t\t\t\t\t<p>Kaikki mit\u00e4 myymme on omin k\u00e4sin valmistamaamme, keskell\u00e4 Suomalaista maaseutua, omalla verstaallamme. Sanomme ison ei valmistuksen ulkoistamiselle jonnekin toiselle puolelle maailmaa, koska se aiheuttaa valtavan paljon turhia p\u00e4\u00e4st\u00f6j\u00e4, vain voittojen tavoittelun kustannuksella.\u00a0<\/p>\t\t\t\t\t\t\t\t<\/div>\n\t\t\t\t<\/div>\n\t\t\t\t\t<\/div>\n\t\t<\/div>\n\t\t\t\t\t<\/div>\n\t\t<\/section>\n\t\t\t\t<section class=\"elementor-section elementor-top-section elementor-element elementor-element-f6f636f elementor-section-stretched elementor-section-boxed elementor-section-height-default elementor-section-height-default\" data-id=\"f6f636f\" data-element_type=\"section\" data-e-type=\"section\" data-settings=\"{&quot;stretch_section&quot;:&quot;section-stretched&quot;,&quot;background_background&quot;:&quot;classic&quot;}\">\n\t\t\t\t\t\t<div class=\"elementor-container elementor-column-gap-default\">\n\t\t\t\t\t<div class=\"elementor-column elementor-col-100 elementor-top-column elementor-element elementor-element-dc4a9b1\" data-id=\"dc4a9b1\" data-element_type=\"column\" data-e-type=\"column\">\n\t\t\t<div class=\"elementor-widget-wrap elementor-element-populated\">\n\t\t\t\t\t\t<div class=\"elementor-element elementor-element-904b7d1 elementor-widget elementor-widget-heading\" data-id=\"904b7d1\" data-element_type=\"widget\" data-e-type=\"widget\" data-widget_type=\"heading.default\">\n\t\t\t\t<div class=\"elementor-widget-container\">\n\t\t\t\t\t<h2 class=\"elementor-heading-title elementor-size-default\">#THEGREENSKIS<\/h2>\t\t\t\t<\/div>\n\t\t\t\t<\/div>\n\t\t\t\t\t<\/div>\n\t\t<\/div>\n\t\t\t\t\t<\/div>\n\t\t<\/section>\n\t\t\t\t<\/div>","protected":false},"excerpt":{"rendered":"<p>Passion for Green. Since the very first pair of skis our goal have been simple. We want to make change. We want to redefine the way skis are made to make the most ecological and best products on the planet. We want to get away from plastic and other harmful materials to protect our winters [&hellip;]<\/p>\n","protected":false},"author":3,"featured_media":0,"parent":0,"menu_order":0,"comment_status":"closed","ping_status":"closed","template":"","meta":{"nf_dc_page":"","footnotes":""},"class_list":["post-1355","page","type-page","status-publish","hentry","entry","owp-thumbs-layout-horizontal","owp-btn-normal","owp-tabs-layout-horizontal","has-no-thumbnails","has-product-nav","circle-sale"],"yoast_head":"<!-- This site is optimized with the Yoast SEO plugin v27.2 - https:\/\/yoast.com\/product\/yoast-seo-wordpress\/ -->\n<title>Sustainable technology - HAVU Snow<\/title>\n<meta name=\"description\" content=\"Passion for Green. Since the very first pair of skis our goal have been simple. We want to make change. We want to redefine the way skis are made to make\" \/>\n<meta name=\"robots\" content=\"index, follow, max-snippet:-1, max-image-preview:large, max-video-preview:-1\" \/>\n<link rel=\"canonical\" href=\"https:\/\/havusnow.com\/fi\/sustainable-technology\/\" \/>\n<meta property=\"og:locale\" content=\"fi_FI\" \/>\n<meta property=\"og:type\" content=\"article\" \/>\n<meta property=\"og:title\" content=\"Sustainable technology - HAVU Snow\" \/>\n<meta property=\"og:description\" content=\"Passion for Green. Since the very first pair of skis our goal have been simple. We want to make change. We want to redefine the way skis are made to make\" \/>\n<meta property=\"og:url\" content=\"https:\/\/havusnow.com\/fi\/sustainable-technology\/\" \/>\n<meta property=\"og:site_name\" content=\"HAVU Snow\" \/>\n<meta property=\"article:publisher\" content=\"https:\/\/www.facebook.com\/Havu-Snow-105382571245950\" \/>\n<meta property=\"article:modified_time\" content=\"2023-03-14T17:16:17+00:00\" \/>\n<meta property=\"og:image\" content=\"https:\/\/havusnow.com\/wp-content\/uploads\/2020\/09\/logo.png\" \/>\n\t<meta property=\"og:image:width\" content=\"847\" \/>\n\t<meta property=\"og:image:height\" content=\"839\" \/>\n\t<meta property=\"og:image:type\" content=\"image\/png\" \/>\n<meta name=\"twitter:card\" content=\"summary_large_image\" \/>\n<meta name=\"twitter:label1\" content=\"Arvioitu lukuaika\" \/>\n\t<meta name=\"twitter:data1\" content=\"3 minuuttia\" \/>\n<script type=\"application\/ld+json\" class=\"yoast-schema-graph\">{\"@context\":\"https:\/\/schema.org\",\"@graph\":[{\"@type\":\"WebPage\",\"@id\":\"https:\/\/havusnow.com\/sustainable-technology\/\",\"url\":\"https:\/\/havusnow.com\/sustainable-technology\/\",\"name\":\"Sustainable technology - HAVU Snow\",\"isPartOf\":{\"@id\":\"https:\/\/havusnow.com\/#website\"},\"datePublished\":\"2021-01-25T11:16:40+00:00\",\"dateModified\":\"2023-03-14T17:16:17+00:00\",\"description\":\"Passion for Green. Since the very first pair of skis our goal have been simple. We want to make change. We want to redefine the way skis are made to make\",\"breadcrumb\":{\"@id\":\"https:\/\/havusnow.com\/sustainable-technology\/#breadcrumb\"},\"inLanguage\":\"fi\",\"potentialAction\":[{\"@type\":\"ReadAction\",\"target\":[\"https:\/\/havusnow.com\/sustainable-technology\/\"]}]},{\"@type\":\"BreadcrumbList\",\"@id\":\"https:\/\/havusnow.com\/sustainable-technology\/#breadcrumb\",\"itemListElement\":[{\"@type\":\"ListItem\",\"position\":1,\"name\":\"Home\",\"item\":\"https:\/\/havusnow.com\/\"},{\"@type\":\"ListItem\",\"position\":2,\"name\":\"Sustainable technology\"}]},{\"@type\":\"WebSite\",\"@id\":\"https:\/\/havusnow.com\/#website\",\"url\":\"https:\/\/havusnow.com\/\",\"name\":\"HAVU Snow\",\"description\":\"sustainable skis, boards handmade in Finland\",\"publisher\":{\"@id\":\"https:\/\/havusnow.com\/#organization\"},\"inLanguage\":\"fi\"},{\"@type\":\"Organization\",\"@id\":\"https:\/\/havusnow.com\/#organization\",\"name\":\"Havu Snow\",\"url\":\"https:\/\/havusnow.com\/\",\"logo\":{\"@type\":\"ImageObject\",\"inLanguage\":\"fi\",\"@id\":\"https:\/\/havusnow.com\/#\/schema\/logo\/image\/\",\"url\":\"https:\/\/i0.wp.com\/havusnow.com\/wp-content\/uploads\/2020\/09\/logo.png?fit=847%2C839&ssl=1\",\"contentUrl\":\"https:\/\/i0.wp.com\/havusnow.com\/wp-content\/uploads\/2020\/09\/logo.png?fit=847%2C839&ssl=1\",\"width\":847,\"height\":839,\"caption\":\"Havu Snow\"},\"image\":{\"@id\":\"https:\/\/havusnow.com\/#\/schema\/logo\/image\/\"},\"sameAs\":[\"https:\/\/www.facebook.com\/Havu-Snow-105382571245950\",\"https:\/\/www.instagram.com\/havusnow\/\"]}]}<\/script>\n<!-- \/ Yoast SEO plugin. -->","yoast_head_json":{"title":"Sustainable technology - HAVU Snow","description":"Passion for Green. Since the very first pair of skis our goal have been simple. We want to make change. We want to redefine the way skis are made to make","robots":{"index":"index","follow":"follow","max-snippet":"max-snippet:-1","max-image-preview":"max-image-preview:large","max-video-preview":"max-video-preview:-1"},"canonical":"https:\/\/havusnow.com\/fi\/sustainable-technology\/","og_locale":"fi_FI","og_type":"article","og_title":"Sustainable technology - HAVU Snow","og_description":"Passion for Green. Since the very first pair of skis our goal have been simple. We want to make change. We want to redefine the way skis are made to make","og_url":"https:\/\/havusnow.com\/fi\/sustainable-technology\/","og_site_name":"HAVU Snow","article_publisher":"https:\/\/www.facebook.com\/Havu-Snow-105382571245950","article_modified_time":"2023-03-14T17:16:17+00:00","og_image":[{"width":847,"height":839,"url":"https:\/\/havusnow.com\/wp-content\/uploads\/2020\/09\/logo.png","type":"image\/png"}],"twitter_card":"summary_large_image","twitter_misc":{"Arvioitu lukuaika":"3 minuuttia"},"schema":{"@context":"https:\/\/schema.org","@graph":[{"@type":"WebPage","@id":"https:\/\/havusnow.com\/sustainable-technology\/","url":"https:\/\/havusnow.com\/sustainable-technology\/","name":"Sustainable technology - HAVU Snow","isPartOf":{"@id":"https:\/\/havusnow.com\/#website"},"datePublished":"2021-01-25T11:16:40+00:00","dateModified":"2023-03-14T17:16:17+00:00","description":"Passion for Green. Since the very first pair of skis our goal have been simple. We want to make change. We want to redefine the way skis are made to make","breadcrumb":{"@id":"https:\/\/havusnow.com\/sustainable-technology\/#breadcrumb"},"inLanguage":"fi","potentialAction":[{"@type":"ReadAction","target":["https:\/\/havusnow.com\/sustainable-technology\/"]}]},{"@type":"BreadcrumbList","@id":"https:\/\/havusnow.com\/sustainable-technology\/#breadcrumb","itemListElement":[{"@type":"ListItem","position":1,"name":"Home","item":"https:\/\/havusnow.com\/"},{"@type":"ListItem","position":2,"name":"Sustainable technology"}]},{"@type":"WebSite","@id":"https:\/\/havusnow.com\/#website","url":"https:\/\/havusnow.com\/","name":"HAVU Snow","description":"sustainable skis, boards handmade in Finland","publisher":{"@id":"https:\/\/havusnow.com\/#organization"},"inLanguage":"fi"},{"@type":"Organization","@id":"https:\/\/havusnow.com\/#organization","name":"Havu Snow","url":"https:\/\/havusnow.com\/","logo":{"@type":"ImageObject","inLanguage":"fi","@id":"https:\/\/havusnow.com\/#\/schema\/logo\/image\/","url":"https:\/\/i0.wp.com\/havusnow.com\/wp-content\/uploads\/2020\/09\/logo.png?fit=847%2C839&ssl=1","contentUrl":"https:\/\/i0.wp.com\/havusnow.com\/wp-content\/uploads\/2020\/09\/logo.png?fit=847%2C839&ssl=1","width":847,"height":839,"caption":"Havu Snow"},"image":{"@id":"https:\/\/havusnow.com\/#\/schema\/logo\/image\/"},"sameAs":["https:\/\/www.facebook.com\/Havu-Snow-105382571245950","https:\/\/www.instagram.com\/havusnow\/"]}]}},"_links":{"self":[{"href":"https:\/\/havusnow.com\/fi\/wp-json\/wp\/v2\/pages\/1355","targetHints":{"allow":["GET"]}}],"collection":[{"href":"https:\/\/havusnow.com\/fi\/wp-json\/wp\/v2\/pages"}],"about":[{"href":"https:\/\/havusnow.com\/fi\/wp-json\/wp\/v2\/types\/page"}],"author":[{"embeddable":true,"href":"https:\/\/havusnow.com\/fi\/wp-json\/wp\/v2\/users\/3"}],"replies":[{"embeddable":true,"href":"https:\/\/havusnow.com\/fi\/wp-json\/wp\/v2\/comments?post=1355"}],"version-history":[{"count":0,"href":"https:\/\/havusnow.com\/fi\/wp-json\/wp\/v2\/pages\/1355\/revisions"}],"wp:attachment":[{"href":"https:\/\/havusnow.com\/fi\/wp-json\/wp\/v2\/media?parent=1355"}],"curies":[{"name":"wp","href":"https:\/\/api.w.org\/{rel}","templated":true}]}}