{"id":1388,"date":"2021-01-26T18:42:28","date_gmt":"2021-01-26T18:42:28","guid":{"rendered":"https:\/\/havusnow.com\/?page_id=1388"},"modified":"2021-01-26T19:36:42","modified_gmt":"2021-01-26T19:36:42","slug":"disclaimer","status":"publish","type":"page","link":"https:\/\/havusnow.com\/fi\/disclaimer\/","title":{"rendered":"Vastuuvapauslauseke"},"content":{"rendered":"<div data-elementor-type=\"wp-page\" data-elementor-id=\"1388\" class=\"elementor elementor-1388\">\n\t\t\t\t\t\t<section class=\"elementor-section elementor-top-section elementor-element elementor-element-bb3fcc3 elementor-section-boxed elementor-section-height-default elementor-section-height-default\" data-id=\"bb3fcc3\" data-element_type=\"section\" data-e-type=\"section\">\n\t\t\t\t\t\t<div class=\"elementor-container elementor-column-gap-default\">\n\t\t\t\t\t<div class=\"elementor-column elementor-col-100 elementor-top-column elementor-element elementor-element-0da8ed9\" data-id=\"0da8ed9\" data-element_type=\"column\" data-e-type=\"column\">\n\t\t\t<div class=\"elementor-widget-wrap elementor-element-populated\">\n\t\t\t\t\t\t<div class=\"elementor-element elementor-element-0cd2af7 elementor-widget elementor-widget-heading\" data-id=\"0cd2af7\" data-element_type=\"widget\" data-e-type=\"widget\" data-widget_type=\"heading.default\">\n\t\t\t\t<div class=\"elementor-widget-container\">\n\t\t\t\t\t<h2 class=\"elementor-heading-title elementor-size-default\">Vastuuvapauslauseke<\/h2>\t\t\t\t<\/div>\n\t\t\t\t<\/div>\n\t\t\t\t\t<\/div>\n\t\t<\/div>\n\t\t\t\t\t<\/div>\n\t\t<\/section>\n\t\t\t\t<section class=\"elementor-section elementor-top-section elementor-element elementor-element-f192532 elementor-section-boxed elementor-section-height-default elementor-section-height-default\" data-id=\"f192532\" data-element_type=\"section\" data-e-type=\"section\">\n\t\t\t\t\t\t<div class=\"elementor-container elementor-column-gap-default\">\n\t\t\t\t\t<div class=\"elementor-column elementor-col-100 elementor-top-column elementor-element elementor-element-0ae9b6f\" data-id=\"0ae9b6f\" data-element_type=\"column\" data-e-type=\"column\">\n\t\t\t<div class=\"elementor-widget-wrap elementor-element-populated\">\n\t\t\t\t\t\t<div class=\"elementor-element elementor-element-f00f461 elementor-widget elementor-widget-text-editor\" data-id=\"f00f461\" data-element_type=\"widget\" data-e-type=\"widget\" data-widget_type=\"text-editor.default\">\n\t\t\t\t<div class=\"elementor-widget-container\">\n\t\t\t\t\t\t\t\t\t<p>Laskettelu, lumilautailu ja urheilulajit yleisesti sis\u00e4lt\u00e4v\u00e4t pienen riskin loukkaantumiseen tai pahimmassa tapauksessa kuolemaan. Asiakkaat ottavat ja hyv\u00e4ksyv\u00e4t t\u00e4yden vastuun kaikista toimista, jotka voivat johtaa taloudellisiin menetyksiin, henkil\u00f6vahinkoihin, muihin menetyksiin, kustannuksiin ja vahinkoihin. HAVU Sports ei ole vastuussa mist\u00e4\u00e4n vahingoista tai loukkaantumisista, jotka ovat seurausta yll\u00e4 mainituista urheilulajeista tai HAVU Snow -tuotteiden v\u00e4\u00e4rink\u00e4yt\u00f6st\u00e4.\u00a0\u00a0<\/p><p>HAVU Sports ei ole miss\u00e4\u00e4n olosuhteissa vastuussa suorista, ep\u00e4suorista, v\u00e4lillisist\u00e4 tai esimerkillisist\u00e4 vahingoista, jotka johtuvat tuotteiden k\u00e4yt\u00f6st\u00e4 tai t\u00e4m\u00e4n verkkosivuston tiedoista riippumatta siit\u00e4, aiheutuuko vahinkoja tuotteiden tai t\u00e4m\u00e4n sivuston tarjoamien tietojen oikeasta tai v\u00e4\u00e4rink\u00e4yt\u00f6st\u00e4.\u00a0\u00a0<\/p><p>Lumiurheilussa p\u00e4\u00e4asia on hauskanpito ja uusien asioiden oppiminen. K\u00e4yt\u00e4 suojavarusteita, \u00e4l\u00e4 ylit\u00e4 taitotasoasi ja toimi turvallisesti!<\/p>\t\t\t\t\t\t\t\t<\/div>\n\t\t\t\t<\/div>\n\t\t\t\t\t<\/div>\n\t\t<\/div>\n\t\t\t\t\t<\/div>\n\t\t<\/section>\n\t\t\t\t<\/div>","protected":false},"excerpt":{"rendered":"<p>Disclaimer Skiing, snowboarding, and sports in general involve minor risk of injury or in worst case death. Buyers take and accept full responsibility for any actions that may lead to economic loss, personal injury, other losses, costs and damages. HAVU Snow is not responsible for any damages or injuries sustained from above mentioned sports or [&hellip;]<\/p>\n","protected":false},"author":3,"featured_media":0,"parent":0,"menu_order":0,"comment_status":"closed","ping_status":"closed","template":"","meta":{"nf_dc_page":"","footnotes":""},"class_list":["post-1388","page","type-page","status-publish","hentry","entry","owp-thumbs-layout-horizontal","owp-btn-normal","owp-tabs-layout-horizontal","has-no-thumbnails","has-product-nav","circle-sale"],"yoast_head":"<!-- This site is optimized with the Yoast SEO plugin v27.2 - https:\/\/yoast.com\/product\/yoast-seo-wordpress\/ -->\n<title>Disclaimer - HAVU Snow<\/title>\n<meta name=\"description\" content=\"Disclaimer Skiing, snowboarding, and sports in general involve minor risk of injury or in worst case death. Buyers take and accept full responsibility for\" \/>\n<meta name=\"robots\" content=\"index, follow, max-snippet:-1, max-image-preview:large, max-video-preview:-1\" \/>\n<link rel=\"canonical\" href=\"https:\/\/havusnow.com\/fi\/disclaimer\/\" \/>\n<meta property=\"og:locale\" content=\"fi_FI\" \/>\n<meta property=\"og:type\" content=\"article\" \/>\n<meta property=\"og:title\" content=\"Disclaimer - HAVU Snow\" \/>\n<meta property=\"og:description\" content=\"Disclaimer Skiing, snowboarding, and sports in general involve minor risk of injury or in worst case death. Buyers take and accept full responsibility for\" \/>\n<meta property=\"og:url\" content=\"https:\/\/havusnow.com\/fi\/disclaimer\/\" \/>\n<meta property=\"og:site_name\" content=\"HAVU Snow\" \/>\n<meta property=\"article:publisher\" content=\"https:\/\/www.facebook.com\/Havu-Snow-105382571245950\" \/>\n<meta property=\"article:modified_time\" content=\"2021-01-26T19:36:42+00:00\" \/>\n<meta property=\"og:image\" content=\"https:\/\/havusnow.com\/wp-content\/uploads\/2020\/09\/logo.png\" \/>\n\t<meta property=\"og:image:width\" content=\"847\" \/>\n\t<meta property=\"og:image:height\" content=\"839\" \/>\n\t<meta property=\"og:image:type\" content=\"image\/png\" \/>\n<meta name=\"twitter:card\" content=\"summary_large_image\" \/>\n<meta name=\"twitter:label1\" content=\"Arvioitu lukuaika\" \/>\n\t<meta name=\"twitter:data1\" content=\"1 minuutti\" \/>\n<script type=\"application\/ld+json\" class=\"yoast-schema-graph\">{\"@context\":\"https:\/\/schema.org\",\"@graph\":[{\"@type\":\"WebPage\",\"@id\":\"https:\/\/havusnow.com\/disclaimer\/\",\"url\":\"https:\/\/havusnow.com\/disclaimer\/\",\"name\":\"Disclaimer - HAVU Snow\",\"isPartOf\":{\"@id\":\"https:\/\/havusnow.com\/#website\"},\"datePublished\":\"2021-01-26T18:42:28+00:00\",\"dateModified\":\"2021-01-26T19:36:42+00:00\",\"description\":\"Disclaimer Skiing, snowboarding, and sports in general involve minor risk of injury or in worst case death. Buyers take and accept full responsibility for\",\"breadcrumb\":{\"@id\":\"https:\/\/havusnow.com\/disclaimer\/#breadcrumb\"},\"inLanguage\":\"fi\",\"potentialAction\":[{\"@type\":\"ReadAction\",\"target\":[\"https:\/\/havusnow.com\/disclaimer\/\"]}]},{\"@type\":\"BreadcrumbList\",\"@id\":\"https:\/\/havusnow.com\/disclaimer\/#breadcrumb\",\"itemListElement\":[{\"@type\":\"ListItem\",\"position\":1,\"name\":\"Home\",\"item\":\"https:\/\/havusnow.com\/\"},{\"@type\":\"ListItem\",\"position\":2,\"name\":\"Disclaimer\"}]},{\"@type\":\"WebSite\",\"@id\":\"https:\/\/havusnow.com\/#website\",\"url\":\"https:\/\/havusnow.com\/\",\"name\":\"HAVU Snow\",\"description\":\"sustainable skis, boards handmade in Finland\",\"publisher\":{\"@id\":\"https:\/\/havusnow.com\/#organization\"},\"inLanguage\":\"fi\"},{\"@type\":\"Organization\",\"@id\":\"https:\/\/havusnow.com\/#organization\",\"name\":\"Havu Snow\",\"url\":\"https:\/\/havusnow.com\/\",\"logo\":{\"@type\":\"ImageObject\",\"inLanguage\":\"fi\",\"@id\":\"https:\/\/havusnow.com\/#\/schema\/logo\/image\/\",\"url\":\"https:\/\/i0.wp.com\/havusnow.com\/wp-content\/uploads\/2020\/09\/logo.png?fit=847%2C839&ssl=1\",\"contentUrl\":\"https:\/\/i0.wp.com\/havusnow.com\/wp-content\/uploads\/2020\/09\/logo.png?fit=847%2C839&ssl=1\",\"width\":847,\"height\":839,\"caption\":\"Havu Snow\"},\"image\":{\"@id\":\"https:\/\/havusnow.com\/#\/schema\/logo\/image\/\"},\"sameAs\":[\"https:\/\/www.facebook.com\/Havu-Snow-105382571245950\",\"https:\/\/www.instagram.com\/havusnow\/\"]}]}<\/script>\n<!-- \/ Yoast SEO plugin. -->","yoast_head_json":{"title":"Disclaimer - HAVU Snow","description":"Disclaimer Skiing, snowboarding, and sports in general involve minor risk of injury or in worst case death. Buyers take and accept full responsibility for","robots":{"index":"index","follow":"follow","max-snippet":"max-snippet:-1","max-image-preview":"max-image-preview:large","max-video-preview":"max-video-preview:-1"},"canonical":"https:\/\/havusnow.com\/fi\/disclaimer\/","og_locale":"fi_FI","og_type":"article","og_title":"Disclaimer - HAVU Snow","og_description":"Disclaimer Skiing, snowboarding, and sports in general involve minor risk of injury or in worst case death. Buyers take and accept full responsibility for","og_url":"https:\/\/havusnow.com\/fi\/disclaimer\/","og_site_name":"HAVU Snow","article_publisher":"https:\/\/www.facebook.com\/Havu-Snow-105382571245950","article_modified_time":"2021-01-26T19:36:42+00:00","og_image":[{"width":847,"height":839,"url":"https:\/\/havusnow.com\/wp-content\/uploads\/2020\/09\/logo.png","type":"image\/png"}],"twitter_card":"summary_large_image","twitter_misc":{"Arvioitu lukuaika":"1 minuutti"},"schema":{"@context":"https:\/\/schema.org","@graph":[{"@type":"WebPage","@id":"https:\/\/havusnow.com\/disclaimer\/","url":"https:\/\/havusnow.com\/disclaimer\/","name":"Disclaimer - HAVU Snow","isPartOf":{"@id":"https:\/\/havusnow.com\/#website"},"datePublished":"2021-01-26T18:42:28+00:00","dateModified":"2021-01-26T19:36:42+00:00","description":"Disclaimer Skiing, snowboarding, and sports in general involve minor risk of injury or in worst case death. Buyers take and accept full responsibility for","breadcrumb":{"@id":"https:\/\/havusnow.com\/disclaimer\/#breadcrumb"},"inLanguage":"fi","potentialAction":[{"@type":"ReadAction","target":["https:\/\/havusnow.com\/disclaimer\/"]}]},{"@type":"BreadcrumbList","@id":"https:\/\/havusnow.com\/disclaimer\/#breadcrumb","itemListElement":[{"@type":"ListItem","position":1,"name":"Home","item":"https:\/\/havusnow.com\/"},{"@type":"ListItem","position":2,"name":"Disclaimer"}]},{"@type":"WebSite","@id":"https:\/\/havusnow.com\/#website","url":"https:\/\/havusnow.com\/","name":"HAVU Snow","description":"sustainable skis, boards handmade in Finland","publisher":{"@id":"https:\/\/havusnow.com\/#organization"},"inLanguage":"fi"},{"@type":"Organization","@id":"https:\/\/havusnow.com\/#organization","name":"Havu Snow","url":"https:\/\/havusnow.com\/","logo":{"@type":"ImageObject","inLanguage":"fi","@id":"https:\/\/havusnow.com\/#\/schema\/logo\/image\/","url":"https:\/\/i0.wp.com\/havusnow.com\/wp-content\/uploads\/2020\/09\/logo.png?fit=847%2C839&ssl=1","contentUrl":"https:\/\/i0.wp.com\/havusnow.com\/wp-content\/uploads\/2020\/09\/logo.png?fit=847%2C839&ssl=1","width":847,"height":839,"caption":"Havu Snow"},"image":{"@id":"https:\/\/havusnow.com\/#\/schema\/logo\/image\/"},"sameAs":["https:\/\/www.facebook.com\/Havu-Snow-105382571245950","https:\/\/www.instagram.com\/havusnow\/"]}]}},"_links":{"self":[{"href":"https:\/\/havusnow.com\/fi\/wp-json\/wp\/v2\/pages\/1388","targetHints":{"allow":["GET"]}}],"collection":[{"href":"https:\/\/havusnow.com\/fi\/wp-json\/wp\/v2\/pages"}],"about":[{"href":"https:\/\/havusnow.com\/fi\/wp-json\/wp\/v2\/types\/page"}],"author":[{"embeddable":true,"href":"https:\/\/havusnow.com\/fi\/wp-json\/wp\/v2\/users\/3"}],"replies":[{"embeddable":true,"href":"https:\/\/havusnow.com\/fi\/wp-json\/wp\/v2\/comments?post=1388"}],"version-history":[{"count":0,"href":"https:\/\/havusnow.com\/fi\/wp-json\/wp\/v2\/pages\/1388\/revisions"}],"wp:attachment":[{"href":"https:\/\/havusnow.com\/fi\/wp-json\/wp\/v2\/media?parent=1388"}],"curies":[{"name":"wp","href":"https:\/\/api.w.org\/{rel}","templated":true}]}}