{"id":1645,"date":"2021-07-09T14:55:06","date_gmt":"2021-07-09T14:55:06","guid":{"rendered":"https:\/\/havusnow.com\/?page_id=1645"},"modified":"2021-07-09T15:28:48","modified_gmt":"2021-07-09T15:28:48","slug":"the-new-surfer-balance-board","status":"publish","type":"page","link":"https:\/\/havusnow.com\/fi\/the-new-surfer-balance-board\/","title":{"rendered":"The new Surfer Balance Board"},"content":{"rendered":"<div data-elementor-type=\"wp-page\" data-elementor-id=\"1645\" class=\"elementor elementor-1645\">\n\t\t\t\t\t\t<section class=\"elementor-section elementor-top-section elementor-element elementor-element-9322994 elementor-section-full_width elementor-section-height-min-height elementor-section-height-default elementor-section-items-middle\" data-id=\"9322994\" data-element_type=\"section\" data-e-type=\"section\">\n\t\t\t\t\t\t<div class=\"elementor-container elementor-column-gap-default\">\n\t\t\t\t\t<div class=\"elementor-column elementor-col-50 elementor-top-column elementor-element elementor-element-58cbc88\" data-id=\"58cbc88\" data-element_type=\"column\" data-e-type=\"column\" data-settings=\"{&quot;background_background&quot;:&quot;classic&quot;}\">\n\t\t\t<div class=\"elementor-widget-wrap elementor-element-populated\">\n\t\t\t\t\t\t<div class=\"elementor-element elementor-element-334e407 elementor-widget elementor-widget-heading\" data-id=\"334e407\" data-element_type=\"widget\" data-e-type=\"widget\" data-widget_type=\"heading.default\">\n\t\t\t\t<div class=\"elementor-widget-container\">\n\t\t\t\t\t<h2 class=\"elementor-heading-title elementor-size-default\">Uusi Surf Tasapainolauta on t\u00e4\u00e4ll\u00e4!<\/h2>\t\t\t\t<\/div>\n\t\t\t\t<\/div>\n\t\t\t\t<div class=\"elementor-element elementor-element-8a1d5a1 elementor-widget elementor-widget-text-editor\" data-id=\"8a1d5a1\" data-element_type=\"widget\" data-e-type=\"widget\" data-widget_type=\"text-editor.default\">\n\t\t\t\t<div class=\"elementor-widget-container\">\n\t\t\t\t\t\t\t\t\t<p>Alkuper\u00e4inen HAVU Tasapainolauta sai uuden yst\u00e4v\u00e4n! Laudan muoto on saanut innoituksensa surffilaudoista. Nyt voit kehitt\u00e4\u00e4 tasapainoasi kuin olisit surffaamassa etel\u00e4n aalloilla! Saatavilla samoissa v\u00e4reiss\u00e4 kuin alkuper\u00e4inen HAVU tasapainolauta, mutta pystymme muokkaamaan v\u00e4rej\u00e4 l\u00e4hes loputtomasti asiakkaan toiveiden mukaan.<\/p>\t\t\t\t\t\t\t\t<\/div>\n\t\t\t\t<\/div>\n\t\t\t\t\t<\/div>\n\t\t<\/div>\n\t\t\t\t<div class=\"elementor-column elementor-col-50 elementor-top-column elementor-element elementor-element-e2abb65\" data-id=\"e2abb65\" data-element_type=\"column\" data-e-type=\"column\" data-settings=\"{&quot;background_background&quot;:&quot;classic&quot;}\">\n\t\t\t<div class=\"elementor-widget-wrap elementor-element-populated\">\n\t\t\t\t\t\t<div class=\"elementor-element elementor-element-89014b7 elementor-widget elementor-widget-image\" data-id=\"89014b7\" data-element_type=\"widget\" data-e-type=\"widget\" data-widget_type=\"image.default\">\n\t\t\t\t<div class=\"elementor-widget-container\">\n\t\t\t\t\t\t\t\t\t\t\t\t\t\t\t<img loading=\"lazy\" decoding=\"async\" width=\"1024\" height=\"769\" src=\"https:\/\/havusnow.com\/wp-content\/uploads\/2021\/07\/new-surfer-1024x769.jpg\" class=\"attachment-large size-large wp-image-1648\" alt=\"\" srcset=\"https:\/\/havusnow.com\/wp-content\/uploads\/2021\/07\/new-surfer-1024x769.jpg 1024w, https:\/\/havusnow.com\/wp-content\/uploads\/2021\/07\/new-surfer-300x225.jpg 300w, https:\/\/havusnow.com\/wp-content\/uploads\/2021\/07\/new-surfer-768x577.jpg 768w, https:\/\/havusnow.com\/wp-content\/uploads\/2021\/07\/new-surfer-1536x1153.jpg 1536w\" sizes=\"auto, (max-width: 1024px) 100vw, 1024px\" \/>\t\t\t\t\t\t\t\t\t\t\t\t\t\t\t<\/div>\n\t\t\t\t<\/div>\n\t\t\t\t\t<\/div>\n\t\t<\/div>\n\t\t\t\t\t<\/div>\n\t\t<\/section>\n\t\t\t\t<\/div>","protected":false},"excerpt":{"rendered":"<p>It\u2018s here! The new Surfer Balance board! The original HAVU Balance Board got a new friend! Shape inspired by surfboards you can now train your balance like you were surfing on the waves. Available in same colours as the Original board but we have almost endless possibilities to customize colours as you like.<\/p>","protected":false},"author":3,"featured_media":0,"parent":0,"menu_order":0,"comment_status":"closed","ping_status":"closed","template":"","meta":{"nf_dc_page":"","footnotes":""},"class_list":["post-1645","page","type-page","status-publish","hentry","entry","owp-thumbs-layout-horizontal","owp-btn-normal","owp-tabs-layout-horizontal","has-no-thumbnails","has-product-nav","circle-sale"],"yoast_head":"<!-- This site is optimized with the Yoast SEO plugin v27.2 - https:\/\/yoast.com\/product\/yoast-seo-wordpress\/ -->\n<title>The new Surfer Balance Board - HAVU Snow<\/title>\n<meta name=\"description\" content=\"It\u2018s here! The new Surfer Balance board! The original HAVU Balance Board got a new friend! Shape inspired by surfboards you can now train your balance\" \/>\n<meta name=\"robots\" content=\"index, follow, max-snippet:-1, max-image-preview:large, max-video-preview:-1\" \/>\n<link rel=\"canonical\" href=\"https:\/\/havusnow.com\/fi\/the-new-surfer-balance-board\/\" \/>\n<meta property=\"og:locale\" content=\"fi_FI\" \/>\n<meta property=\"og:type\" content=\"article\" \/>\n<meta property=\"og:title\" content=\"The new Surfer Balance Board - HAVU Snow\" \/>\n<meta property=\"og:description\" content=\"It\u2018s here! The new Surfer Balance board! The original HAVU Balance Board got a new friend! Shape inspired by surfboards you can now train your balance\" \/>\n<meta property=\"og:url\" content=\"https:\/\/havusnow.com\/fi\/the-new-surfer-balance-board\/\" \/>\n<meta property=\"og:site_name\" content=\"HAVU Snow\" \/>\n<meta property=\"article:publisher\" content=\"https:\/\/www.facebook.com\/Havu-Snow-105382571245950\" \/>\n<meta property=\"article:modified_time\" content=\"2021-07-09T15:28:48+00:00\" \/>\n<meta property=\"og:image\" content=\"https:\/\/havusnow.com\/wp-content\/uploads\/2021\/07\/new-surfer-1024x769.jpg\" \/>\n<meta name=\"twitter:card\" content=\"summary_large_image\" \/>\n<meta name=\"twitter:label1\" content=\"Arvioitu lukuaika\" \/>\n\t<meta name=\"twitter:data1\" content=\"1 minuutti\" \/>\n<script type=\"application\/ld+json\" class=\"yoast-schema-graph\">{\"@context\":\"https:\/\/schema.org\",\"@graph\":[{\"@type\":\"WebPage\",\"@id\":\"https:\/\/havusnow.com\/the-new-surfer-balance-board\/\",\"url\":\"https:\/\/havusnow.com\/the-new-surfer-balance-board\/\",\"name\":\"The new Surfer Balance Board - HAVU Snow\",\"isPartOf\":{\"@id\":\"https:\/\/havusnow.com\/#website\"},\"primaryImageOfPage\":{\"@id\":\"https:\/\/havusnow.com\/the-new-surfer-balance-board\/#primaryimage\"},\"image\":{\"@id\":\"https:\/\/havusnow.com\/the-new-surfer-balance-board\/#primaryimage\"},\"thumbnailUrl\":\"https:\/\/havusnow.com\/wp-content\/uploads\/2021\/07\/new-surfer-1024x769.jpg\",\"datePublished\":\"2021-07-09T14:55:06+00:00\",\"dateModified\":\"2021-07-09T15:28:48+00:00\",\"description\":\"It\u2018s here! The new Surfer Balance board! The original HAVU Balance Board got a new friend! Shape inspired by surfboards you can now train your balance\",\"breadcrumb\":{\"@id\":\"https:\/\/havusnow.com\/the-new-surfer-balance-board\/#breadcrumb\"},\"inLanguage\":\"fi\",\"potentialAction\":[{\"@type\":\"ReadAction\",\"target\":[\"https:\/\/havusnow.com\/the-new-surfer-balance-board\/\"]}]},{\"@type\":\"ImageObject\",\"inLanguage\":\"fi\",\"@id\":\"https:\/\/havusnow.com\/the-new-surfer-balance-board\/#primaryimage\",\"url\":\"https:\/\/havusnow.com\/wp-content\/uploads\/2021\/07\/new-surfer-1024x769.jpg\",\"contentUrl\":\"https:\/\/havusnow.com\/wp-content\/uploads\/2021\/07\/new-surfer-1024x769.jpg\"},{\"@type\":\"BreadcrumbList\",\"@id\":\"https:\/\/havusnow.com\/the-new-surfer-balance-board\/#breadcrumb\",\"itemListElement\":[{\"@type\":\"ListItem\",\"position\":1,\"name\":\"Home\",\"item\":\"https:\/\/havusnow.com\/\"},{\"@type\":\"ListItem\",\"position\":2,\"name\":\"The new Surfer Balance Board\"}]},{\"@type\":\"WebSite\",\"@id\":\"https:\/\/havusnow.com\/#website\",\"url\":\"https:\/\/havusnow.com\/\",\"name\":\"HAVU Snow\",\"description\":\"sustainable skis, boards handmade in Finland\",\"publisher\":{\"@id\":\"https:\/\/havusnow.com\/#organization\"},\"inLanguage\":\"fi\"},{\"@type\":\"Organization\",\"@id\":\"https:\/\/havusnow.com\/#organization\",\"name\":\"Havu Snow\",\"url\":\"https:\/\/havusnow.com\/\",\"logo\":{\"@type\":\"ImageObject\",\"inLanguage\":\"fi\",\"@id\":\"https:\/\/havusnow.com\/#\/schema\/logo\/image\/\",\"url\":\"https:\/\/i0.wp.com\/havusnow.com\/wp-content\/uploads\/2020\/09\/logo.png?fit=847%2C839&ssl=1\",\"contentUrl\":\"https:\/\/i0.wp.com\/havusnow.com\/wp-content\/uploads\/2020\/09\/logo.png?fit=847%2C839&ssl=1\",\"width\":847,\"height\":839,\"caption\":\"Havu Snow\"},\"image\":{\"@id\":\"https:\/\/havusnow.com\/#\/schema\/logo\/image\/\"},\"sameAs\":[\"https:\/\/www.facebook.com\/Havu-Snow-105382571245950\",\"https:\/\/www.instagram.com\/havusnow\/\"]}]}<\/script>\n<!-- \/ Yoast SEO plugin. -->","yoast_head_json":{"title":"The new Surfer Balance Board - HAVU Snow","description":"It\u2018s here! The new Surfer Balance board! The original HAVU Balance Board got a new friend! Shape inspired by surfboards you can now train your balance","robots":{"index":"index","follow":"follow","max-snippet":"max-snippet:-1","max-image-preview":"max-image-preview:large","max-video-preview":"max-video-preview:-1"},"canonical":"https:\/\/havusnow.com\/fi\/the-new-surfer-balance-board\/","og_locale":"fi_FI","og_type":"article","og_title":"The new Surfer Balance Board - HAVU Snow","og_description":"It\u2018s here! The new Surfer Balance board! The original HAVU Balance Board got a new friend! Shape inspired by surfboards you can now train your balance","og_url":"https:\/\/havusnow.com\/fi\/the-new-surfer-balance-board\/","og_site_name":"HAVU Snow","article_publisher":"https:\/\/www.facebook.com\/Havu-Snow-105382571245950","article_modified_time":"2021-07-09T15:28:48+00:00","og_image":[{"url":"https:\/\/havusnow.com\/wp-content\/uploads\/2021\/07\/new-surfer-1024x769.jpg","type":"","width":"","height":""}],"twitter_card":"summary_large_image","twitter_misc":{"Arvioitu lukuaika":"1 minuutti"},"schema":{"@context":"https:\/\/schema.org","@graph":[{"@type":"WebPage","@id":"https:\/\/havusnow.com\/the-new-surfer-balance-board\/","url":"https:\/\/havusnow.com\/the-new-surfer-balance-board\/","name":"The new Surfer Balance Board - HAVU Snow","isPartOf":{"@id":"https:\/\/havusnow.com\/#website"},"primaryImageOfPage":{"@id":"https:\/\/havusnow.com\/the-new-surfer-balance-board\/#primaryimage"},"image":{"@id":"https:\/\/havusnow.com\/the-new-surfer-balance-board\/#primaryimage"},"thumbnailUrl":"https:\/\/havusnow.com\/wp-content\/uploads\/2021\/07\/new-surfer-1024x769.jpg","datePublished":"2021-07-09T14:55:06+00:00","dateModified":"2021-07-09T15:28:48+00:00","description":"It\u2018s here! The new Surfer Balance board! The original HAVU Balance Board got a new friend! Shape inspired by surfboards you can now train your balance","breadcrumb":{"@id":"https:\/\/havusnow.com\/the-new-surfer-balance-board\/#breadcrumb"},"inLanguage":"fi","potentialAction":[{"@type":"ReadAction","target":["https:\/\/havusnow.com\/the-new-surfer-balance-board\/"]}]},{"@type":"ImageObject","inLanguage":"fi","@id":"https:\/\/havusnow.com\/the-new-surfer-balance-board\/#primaryimage","url":"https:\/\/havusnow.com\/wp-content\/uploads\/2021\/07\/new-surfer-1024x769.jpg","contentUrl":"https:\/\/havusnow.com\/wp-content\/uploads\/2021\/07\/new-surfer-1024x769.jpg"},{"@type":"BreadcrumbList","@id":"https:\/\/havusnow.com\/the-new-surfer-balance-board\/#breadcrumb","itemListElement":[{"@type":"ListItem","position":1,"name":"Home","item":"https:\/\/havusnow.com\/"},{"@type":"ListItem","position":2,"name":"The new Surfer Balance Board"}]},{"@type":"WebSite","@id":"https:\/\/havusnow.com\/#website","url":"https:\/\/havusnow.com\/","name":"HAVU Snow","description":"sustainable skis, boards handmade in Finland","publisher":{"@id":"https:\/\/havusnow.com\/#organization"},"inLanguage":"fi"},{"@type":"Organization","@id":"https:\/\/havusnow.com\/#organization","name":"Havu Snow","url":"https:\/\/havusnow.com\/","logo":{"@type":"ImageObject","inLanguage":"fi","@id":"https:\/\/havusnow.com\/#\/schema\/logo\/image\/","url":"https:\/\/i0.wp.com\/havusnow.com\/wp-content\/uploads\/2020\/09\/logo.png?fit=847%2C839&ssl=1","contentUrl":"https:\/\/i0.wp.com\/havusnow.com\/wp-content\/uploads\/2020\/09\/logo.png?fit=847%2C839&ssl=1","width":847,"height":839,"caption":"Havu Snow"},"image":{"@id":"https:\/\/havusnow.com\/#\/schema\/logo\/image\/"},"sameAs":["https:\/\/www.facebook.com\/Havu-Snow-105382571245950","https:\/\/www.instagram.com\/havusnow\/"]}]}},"_links":{"self":[{"href":"https:\/\/havusnow.com\/fi\/wp-json\/wp\/v2\/pages\/1645","targetHints":{"allow":["GET"]}}],"collection":[{"href":"https:\/\/havusnow.com\/fi\/wp-json\/wp\/v2\/pages"}],"about":[{"href":"https:\/\/havusnow.com\/fi\/wp-json\/wp\/v2\/types\/page"}],"author":[{"embeddable":true,"href":"https:\/\/havusnow.com\/fi\/wp-json\/wp\/v2\/users\/3"}],"replies":[{"embeddable":true,"href":"https:\/\/havusnow.com\/fi\/wp-json\/wp\/v2\/comments?post=1645"}],"version-history":[{"count":0,"href":"https:\/\/havusnow.com\/fi\/wp-json\/wp\/v2\/pages\/1645\/revisions"}],"wp:attachment":[{"href":"https:\/\/havusnow.com\/fi\/wp-json\/wp\/v2\/media?parent=1645"}],"curies":[{"name":"wp","href":"https:\/\/api.w.org\/{rel}","templated":true}]}}