{"id":1670,"date":"2021-07-09T15:32:14","date_gmt":"2021-07-09T15:32:14","guid":{"rendered":"https:\/\/havusnow.com\/?page_id=1670"},"modified":"2021-07-12T16:11:03","modified_gmt":"2021-07-12T16:11:03","slug":"tiira-cruiser-longboard","status":"publish","type":"page","link":"https:\/\/havusnow.com\/fi\/tiira-cruiser-longboard\/","title":{"rendered":"Tiira Cruiser Longboard"},"content":{"rendered":"<div data-elementor-type=\"wp-page\" data-elementor-id=\"1670\" class=\"elementor elementor-1670\">\n\t\t\t\t\t\t<section class=\"elementor-section elementor-top-section elementor-element elementor-element-164b20b elementor-section-boxed elementor-section-height-default elementor-section-height-default\" data-id=\"164b20b\" data-element_type=\"section\" data-e-type=\"section\">\n\t\t\t\t\t\t<div class=\"elementor-container elementor-column-gap-default\">\n\t\t\t\t\t<div class=\"elementor-column elementor-col-100 elementor-top-column elementor-element elementor-element-73425d3\" data-id=\"73425d3\" data-element_type=\"column\" data-e-type=\"column\">\n\t\t\t<div class=\"elementor-widget-wrap elementor-element-populated\">\n\t\t\t\t\t\t<div class=\"elementor-element elementor-element-cec2b35 elementor-widget elementor-widget-heading\" data-id=\"cec2b35\" data-element_type=\"widget\" data-e-type=\"widget\" data-widget_type=\"heading.default\">\n\t\t\t\t<div class=\"elementor-widget-container\">\n\t\t\t\t\t<h2 class=\"elementor-heading-title elementor-size-default\">Tiira - Seikkailijoille<\/h2>\t\t\t\t<\/div>\n\t\t\t\t<\/div>\n\t\t\t\t<div class=\"elementor-element elementor-element-83f8d67 elementor-widget elementor-widget-text-editor\" data-id=\"83f8d67\" data-element_type=\"widget\" data-e-type=\"widget\" data-widget_type=\"text-editor.default\">\n\t\t\t\t<div class=\"elementor-widget-container\">\n\t\t\t\t\t\t\t\t\t<p>Tiira Cruiser Longboard on rakennettu kuten kalliit kuituvahvikkeiset Longboardit. Se on ketter\u00e4 ja eritt\u00e4in leikkis\u00e4 lauta maksimaaliseen hauskuuteen mutta silti tarpeeksi vakaa, jotta liikkuminen olisi mukavaa.  Kompakti koko tekee laudasta t\u00e4ydellisen kaverin kaikkiin seikkailuihin. Complete on varustettu 180mm Paris v3 trukeilla ja 69mm Arbor renkailla. Yhdistelm\u00e4, joka toimii my\u00f6s huonommassa maastossa!<\/p>\t\t\t\t\t\t\t\t<\/div>\n\t\t\t\t<\/div>\n\t\t\t\t\t<\/div>\n\t\t<\/div>\n\t\t\t\t\t<\/div>\n\t\t<\/section>\n\t\t\t\t<section class=\"elementor-section elementor-top-section elementor-element elementor-element-fa3d572 elementor-section-boxed elementor-section-height-default elementor-section-height-default\" data-id=\"fa3d572\" data-element_type=\"section\" data-e-type=\"section\">\n\t\t\t\t\t\t<div class=\"elementor-container elementor-column-gap-default\">\n\t\t\t\t\t<div class=\"elementor-column elementor-col-50 elementor-top-column elementor-element elementor-element-ee0026a\" data-id=\"ee0026a\" data-element_type=\"column\" data-e-type=\"column\">\n\t\t\t<div class=\"elementor-widget-wrap elementor-element-populated\">\n\t\t\t\t\t\t<div class=\"elementor-element elementor-element-3030a53 elementor-widget elementor-widget-image\" data-id=\"3030a53\" data-element_type=\"widget\" data-e-type=\"widget\" data-widget_type=\"image.default\">\n\t\t\t\t<div class=\"elementor-widget-container\">\n\t\t\t\t\t\t\t\t\t\t\t\t\t\t\t<img loading=\"lazy\" decoding=\"async\" width=\"1024\" height=\"769\" src=\"https:\/\/havusnow.com\/wp-content\/uploads\/2021\/06\/Cruiser-Longboard-4-1024x769.jpg\" class=\"attachment-large size-large wp-image-1575\" alt=\"\" srcset=\"https:\/\/havusnow.com\/wp-content\/uploads\/2021\/06\/Cruiser-Longboard-4-1024x769.jpg 1024w, https:\/\/havusnow.com\/wp-content\/uploads\/2021\/06\/Cruiser-Longboard-4-300x225.jpg 300w, https:\/\/havusnow.com\/wp-content\/uploads\/2021\/06\/Cruiser-Longboard-4-768x577.jpg 768w, https:\/\/havusnow.com\/wp-content\/uploads\/2021\/06\/Cruiser-Longboard-4-1536x1153.jpg 1536w, https:\/\/havusnow.com\/wp-content\/uploads\/2021\/06\/Cruiser-Longboard-4-16x12.jpg 16w, https:\/\/havusnow.com\/wp-content\/uploads\/2021\/06\/Cruiser-Longboard-4-600x450.jpg 600w, https:\/\/havusnow.com\/wp-content\/uploads\/2021\/06\/Cruiser-Longboard-4.jpg 1998w\" sizes=\"auto, (max-width: 1024px) 100vw, 1024px\" \/>\t\t\t\t\t\t\t\t\t\t\t\t\t\t\t<\/div>\n\t\t\t\t<\/div>\n\t\t\t\t\t<\/div>\n\t\t<\/div>\n\t\t\t\t<div class=\"elementor-column elementor-col-50 elementor-top-column elementor-element elementor-element-409d20b\" data-id=\"409d20b\" data-element_type=\"column\" data-e-type=\"column\">\n\t\t\t<div class=\"elementor-widget-wrap elementor-element-populated\">\n\t\t\t\t\t\t<div class=\"elementor-element elementor-element-8b272db elementor-widget elementor-widget-text-editor\" data-id=\"8b272db\" data-element_type=\"widget\" data-e-type=\"widget\" data-widget_type=\"text-editor.default\">\n\t\t\t\t<div class=\"elementor-widget-container\">\n\t\t\t\t\t\t\t\t\t<p>Halusimme l\u00f6yt\u00e4\u00e4 hyv\u00e4\u00e4 k\u00e4ytt\u00f6\u00e4 suksien valmistamisesta yli j\u00e4\u00e4neille materiaaleille, joten kehitimme t\u00e4m\u00e4n laudan. Ydinpuu samaa kuin suksissa, 4 kerrosta pellavakuituja ja puuviilupinnat vaimentavat t\u00e4rin\u00e4\u00e4 hyvin. Laudassa on sopivasti poppia ja se on hyvin kest\u00e4v\u00e4.<\/p><p>Saatavilla vain rajoitetun ajan joten osta omasi nyt!\u00a0<\/p><p>Lis\u00e4\u00e4 lautamalleja tulossa! Ota yhteytt\u00e4 jos haluat tiet\u00e4\u00e4 lis\u00e4\u00e4.<\/p>\t\t\t\t\t\t\t\t<\/div>\n\t\t\t\t<\/div>\n\t\t\t\t\t<\/div>\n\t\t<\/div>\n\t\t\t\t\t<\/div>\n\t\t<\/section>\n\t\t\t\t<\/div>","protected":false},"excerpt":{"rendered":"<p>Tiira &#8211; Adventure time Tiira is a high tech Cruiser Longboard constructed like expensive composite Longboards. It is nimble and really playful board for maximum fun but still stable enough for smooth ride. Its compact size makes it perfect friend for city adventures. Equipped with 180mm Paris v3 Trucks and 69mm Arbor Wheels. Works even [&hellip;]<\/p>\n","protected":false},"author":3,"featured_media":0,"parent":0,"menu_order":0,"comment_status":"closed","ping_status":"closed","template":"","meta":{"nf_dc_page":"","footnotes":""},"class_list":["post-1670","page","type-page","status-publish","hentry","entry","owp-thumbs-layout-horizontal","owp-btn-normal","owp-tabs-layout-horizontal","has-no-thumbnails","has-product-nav","circle-sale"],"yoast_head":"<!-- This site is optimized with the Yoast SEO plugin v27.2 - https:\/\/yoast.com\/product\/yoast-seo-wordpress\/ -->\n<title>Tiira Cruiser Longboard - HAVU Snow<\/title>\n<meta name=\"description\" content=\"Tiira - Adventure time Tiira is a high tech Cruiser Longboard constructed like expensive composite Longboards. It is nimble and really playful board for\" \/>\n<meta name=\"robots\" content=\"index, follow, max-snippet:-1, max-image-preview:large, max-video-preview:-1\" \/>\n<link rel=\"canonical\" href=\"https:\/\/havusnow.com\/fi\/tiira-cruiser-longboard\/\" \/>\n<meta property=\"og:locale\" content=\"fi_FI\" \/>\n<meta property=\"og:type\" content=\"article\" \/>\n<meta property=\"og:title\" content=\"Tiira Cruiser Longboard - HAVU Snow\" \/>\n<meta property=\"og:description\" content=\"Tiira - Adventure time Tiira is a high tech Cruiser Longboard constructed like expensive composite Longboards. It is nimble and really playful board for\" \/>\n<meta property=\"og:url\" content=\"https:\/\/havusnow.com\/fi\/tiira-cruiser-longboard\/\" \/>\n<meta property=\"og:site_name\" content=\"HAVU Snow\" \/>\n<meta property=\"article:publisher\" content=\"https:\/\/www.facebook.com\/Havu-Snow-105382571245950\" \/>\n<meta property=\"article:modified_time\" content=\"2021-07-12T16:11:03+00:00\" \/>\n<meta property=\"og:image\" content=\"https:\/\/havusnow.com\/wp-content\/uploads\/2021\/06\/Cruiser-Longboard-4-1024x769.jpg\" \/>\n<meta name=\"twitter:card\" content=\"summary_large_image\" \/>\n<meta name=\"twitter:label1\" content=\"Arvioitu lukuaika\" \/>\n\t<meta name=\"twitter:data1\" content=\"1 minuutti\" \/>\n<script type=\"application\/ld+json\" class=\"yoast-schema-graph\">{\"@context\":\"https:\/\/schema.org\",\"@graph\":[{\"@type\":\"WebPage\",\"@id\":\"https:\/\/havusnow.com\/tiira-cruiser-longboard\/\",\"url\":\"https:\/\/havusnow.com\/tiira-cruiser-longboard\/\",\"name\":\"Tiira Cruiser Longboard - HAVU Snow\",\"isPartOf\":{\"@id\":\"https:\/\/havusnow.com\/#website\"},\"primaryImageOfPage\":{\"@id\":\"https:\/\/havusnow.com\/tiira-cruiser-longboard\/#primaryimage\"},\"image\":{\"@id\":\"https:\/\/havusnow.com\/tiira-cruiser-longboard\/#primaryimage\"},\"thumbnailUrl\":\"https:\/\/havusnow.com\/wp-content\/uploads\/2021\/06\/Cruiser-Longboard-4-1024x769.jpg\",\"datePublished\":\"2021-07-09T15:32:14+00:00\",\"dateModified\":\"2021-07-12T16:11:03+00:00\",\"description\":\"Tiira - Adventure time Tiira is a high tech Cruiser Longboard constructed like expensive composite Longboards. It is nimble and really playful board for\",\"breadcrumb\":{\"@id\":\"https:\/\/havusnow.com\/tiira-cruiser-longboard\/#breadcrumb\"},\"inLanguage\":\"fi\",\"potentialAction\":[{\"@type\":\"ReadAction\",\"target\":[\"https:\/\/havusnow.com\/tiira-cruiser-longboard\/\"]}]},{\"@type\":\"ImageObject\",\"inLanguage\":\"fi\",\"@id\":\"https:\/\/havusnow.com\/tiira-cruiser-longboard\/#primaryimage\",\"url\":\"https:\/\/havusnow.com\/wp-content\/uploads\/2021\/06\/Cruiser-Longboard-4-1024x769.jpg\",\"contentUrl\":\"https:\/\/havusnow.com\/wp-content\/uploads\/2021\/06\/Cruiser-Longboard-4-1024x769.jpg\"},{\"@type\":\"BreadcrumbList\",\"@id\":\"https:\/\/havusnow.com\/tiira-cruiser-longboard\/#breadcrumb\",\"itemListElement\":[{\"@type\":\"ListItem\",\"position\":1,\"name\":\"Home\",\"item\":\"https:\/\/havusnow.com\/\"},{\"@type\":\"ListItem\",\"position\":2,\"name\":\"Tiira Cruiser Longboard\"}]},{\"@type\":\"WebSite\",\"@id\":\"https:\/\/havusnow.com\/#website\",\"url\":\"https:\/\/havusnow.com\/\",\"name\":\"HAVU Snow\",\"description\":\"sustainable skis, boards handmade in Finland\",\"publisher\":{\"@id\":\"https:\/\/havusnow.com\/#organization\"},\"inLanguage\":\"fi\"},{\"@type\":\"Organization\",\"@id\":\"https:\/\/havusnow.com\/#organization\",\"name\":\"Havu Snow\",\"url\":\"https:\/\/havusnow.com\/\",\"logo\":{\"@type\":\"ImageObject\",\"inLanguage\":\"fi\",\"@id\":\"https:\/\/havusnow.com\/#\/schema\/logo\/image\/\",\"url\":\"https:\/\/i0.wp.com\/havusnow.com\/wp-content\/uploads\/2020\/09\/logo.png?fit=847%2C839&ssl=1\",\"contentUrl\":\"https:\/\/i0.wp.com\/havusnow.com\/wp-content\/uploads\/2020\/09\/logo.png?fit=847%2C839&ssl=1\",\"width\":847,\"height\":839,\"caption\":\"Havu Snow\"},\"image\":{\"@id\":\"https:\/\/havusnow.com\/#\/schema\/logo\/image\/\"},\"sameAs\":[\"https:\/\/www.facebook.com\/Havu-Snow-105382571245950\",\"https:\/\/www.instagram.com\/havusnow\/\"]}]}<\/script>\n<!-- \/ Yoast SEO plugin. -->","yoast_head_json":{"title":"Tiira Cruiser Longboard - HAVU Snow","description":"Tiira - Adventure time Tiira is a high tech Cruiser Longboard constructed like expensive composite Longboards. It is nimble and really playful board for","robots":{"index":"index","follow":"follow","max-snippet":"max-snippet:-1","max-image-preview":"max-image-preview:large","max-video-preview":"max-video-preview:-1"},"canonical":"https:\/\/havusnow.com\/fi\/tiira-cruiser-longboard\/","og_locale":"fi_FI","og_type":"article","og_title":"Tiira Cruiser Longboard - HAVU Snow","og_description":"Tiira - Adventure time Tiira is a high tech Cruiser Longboard constructed like expensive composite Longboards. It is nimble and really playful board for","og_url":"https:\/\/havusnow.com\/fi\/tiira-cruiser-longboard\/","og_site_name":"HAVU Snow","article_publisher":"https:\/\/www.facebook.com\/Havu-Snow-105382571245950","article_modified_time":"2021-07-12T16:11:03+00:00","og_image":[{"url":"https:\/\/havusnow.com\/wp-content\/uploads\/2021\/06\/Cruiser-Longboard-4-1024x769.jpg","type":"","width":"","height":""}],"twitter_card":"summary_large_image","twitter_misc":{"Arvioitu lukuaika":"1 minuutti"},"schema":{"@context":"https:\/\/schema.org","@graph":[{"@type":"WebPage","@id":"https:\/\/havusnow.com\/tiira-cruiser-longboard\/","url":"https:\/\/havusnow.com\/tiira-cruiser-longboard\/","name":"Tiira Cruiser Longboard - HAVU Snow","isPartOf":{"@id":"https:\/\/havusnow.com\/#website"},"primaryImageOfPage":{"@id":"https:\/\/havusnow.com\/tiira-cruiser-longboard\/#primaryimage"},"image":{"@id":"https:\/\/havusnow.com\/tiira-cruiser-longboard\/#primaryimage"},"thumbnailUrl":"https:\/\/havusnow.com\/wp-content\/uploads\/2021\/06\/Cruiser-Longboard-4-1024x769.jpg","datePublished":"2021-07-09T15:32:14+00:00","dateModified":"2021-07-12T16:11:03+00:00","description":"Tiira - Adventure time Tiira is a high tech Cruiser Longboard constructed like expensive composite Longboards. It is nimble and really playful board for","breadcrumb":{"@id":"https:\/\/havusnow.com\/tiira-cruiser-longboard\/#breadcrumb"},"inLanguage":"fi","potentialAction":[{"@type":"ReadAction","target":["https:\/\/havusnow.com\/tiira-cruiser-longboard\/"]}]},{"@type":"ImageObject","inLanguage":"fi","@id":"https:\/\/havusnow.com\/tiira-cruiser-longboard\/#primaryimage","url":"https:\/\/havusnow.com\/wp-content\/uploads\/2021\/06\/Cruiser-Longboard-4-1024x769.jpg","contentUrl":"https:\/\/havusnow.com\/wp-content\/uploads\/2021\/06\/Cruiser-Longboard-4-1024x769.jpg"},{"@type":"BreadcrumbList","@id":"https:\/\/havusnow.com\/tiira-cruiser-longboard\/#breadcrumb","itemListElement":[{"@type":"ListItem","position":1,"name":"Home","item":"https:\/\/havusnow.com\/"},{"@type":"ListItem","position":2,"name":"Tiira Cruiser Longboard"}]},{"@type":"WebSite","@id":"https:\/\/havusnow.com\/#website","url":"https:\/\/havusnow.com\/","name":"HAVU Snow","description":"sustainable skis, boards handmade in Finland","publisher":{"@id":"https:\/\/havusnow.com\/#organization"},"inLanguage":"fi"},{"@type":"Organization","@id":"https:\/\/havusnow.com\/#organization","name":"Havu Snow","url":"https:\/\/havusnow.com\/","logo":{"@type":"ImageObject","inLanguage":"fi","@id":"https:\/\/havusnow.com\/#\/schema\/logo\/image\/","url":"https:\/\/i0.wp.com\/havusnow.com\/wp-content\/uploads\/2020\/09\/logo.png?fit=847%2C839&ssl=1","contentUrl":"https:\/\/i0.wp.com\/havusnow.com\/wp-content\/uploads\/2020\/09\/logo.png?fit=847%2C839&ssl=1","width":847,"height":839,"caption":"Havu Snow"},"image":{"@id":"https:\/\/havusnow.com\/#\/schema\/logo\/image\/"},"sameAs":["https:\/\/www.facebook.com\/Havu-Snow-105382571245950","https:\/\/www.instagram.com\/havusnow\/"]}]}},"_links":{"self":[{"href":"https:\/\/havusnow.com\/fi\/wp-json\/wp\/v2\/pages\/1670","targetHints":{"allow":["GET"]}}],"collection":[{"href":"https:\/\/havusnow.com\/fi\/wp-json\/wp\/v2\/pages"}],"about":[{"href":"https:\/\/havusnow.com\/fi\/wp-json\/wp\/v2\/types\/page"}],"author":[{"embeddable":true,"href":"https:\/\/havusnow.com\/fi\/wp-json\/wp\/v2\/users\/3"}],"replies":[{"embeddable":true,"href":"https:\/\/havusnow.com\/fi\/wp-json\/wp\/v2\/comments?post=1670"}],"version-history":[{"count":0,"href":"https:\/\/havusnow.com\/fi\/wp-json\/wp\/v2\/pages\/1670\/revisions"}],"wp:attachment":[{"href":"https:\/\/havusnow.com\/fi\/wp-json\/wp\/v2\/media?parent=1670"}],"curies":[{"name":"wp","href":"https:\/\/api.w.org\/{rel}","templated":true}]}}