{"id":1758,"date":"2021-08-03T15:30:30","date_gmt":"2021-08-03T15:30:30","guid":{"rendered":"https:\/\/havusnow.com\/?page_id=1758"},"modified":"2021-08-03T16:15:53","modified_gmt":"2021-08-03T16:15:53","slug":"new-boards","status":"publish","type":"page","link":"https:\/\/havusnow.com\/fi\/new-boards\/","title":{"rendered":"Uudet Laudat saatavilla nyt!"},"content":{"rendered":"<div data-elementor-type=\"wp-page\" data-elementor-id=\"1758\" class=\"elementor elementor-1758\">\n\t\t\t\t\t\t<section class=\"elementor-section elementor-top-section elementor-element elementor-element-168567a elementor-section-boxed elementor-section-height-default elementor-section-height-default\" data-id=\"168567a\" data-element_type=\"section\" data-e-type=\"section\">\n\t\t\t\t\t\t<div class=\"elementor-container elementor-column-gap-default\">\n\t\t\t\t\t<div class=\"elementor-column elementor-col-100 elementor-top-column elementor-element elementor-element-2f7cdfe\" data-id=\"2f7cdfe\" data-element_type=\"column\" data-e-type=\"column\">\n\t\t\t<div class=\"elementor-widget-wrap elementor-element-populated\">\n\t\t\t\t\t\t<div class=\"elementor-element elementor-element-733d6c9 elementor-widget elementor-widget-image\" data-id=\"733d6c9\" data-element_type=\"widget\" data-e-type=\"widget\" data-widget_type=\"image.default\">\n\t\t\t\t<div class=\"elementor-widget-container\">\n\t\t\t\t\t\t\t\t\t\t\t\t\t\t\t<img loading=\"lazy\" decoding=\"async\" width=\"1024\" height=\"576\" src=\"https:\/\/havusnow.com\/wp-content\/uploads\/2021\/08\/cover-boards-1024x576.jpg\" class=\"attachment-large size-large wp-image-1753\" alt=\"\" srcset=\"https:\/\/havusnow.com\/wp-content\/uploads\/2021\/08\/cover-boards-1024x576.jpg 1024w, https:\/\/havusnow.com\/wp-content\/uploads\/2021\/08\/cover-boards-300x169.jpg 300w, https:\/\/havusnow.com\/wp-content\/uploads\/2021\/08\/cover-boards-768x432.jpg 768w, https:\/\/havusnow.com\/wp-content\/uploads\/2021\/08\/cover-boards-1536x864.jpg 1536w, https:\/\/havusnow.com\/wp-content\/uploads\/2021\/08\/cover-boards-2048x1152.jpg 2048w, https:\/\/havusnow.com\/wp-content\/uploads\/2021\/08\/cover-boards-16x9.jpg 16w, https:\/\/havusnow.com\/wp-content\/uploads\/2021\/08\/cover-boards-600x337.jpg 600w\" sizes=\"auto, (max-width: 1024px) 100vw, 1024px\" \/>\t\t\t\t\t\t\t\t\t\t\t\t\t\t\t<\/div>\n\t\t\t\t<\/div>\n\t\t\t\t\t<\/div>\n\t\t<\/div>\n\t\t\t\t\t<\/div>\n\t\t<\/section>\n\t\t\t\t<section class=\"elementor-section elementor-top-section elementor-element elementor-element-2556fb5 elementor-section-boxed elementor-section-height-default elementor-section-height-default\" data-id=\"2556fb5\" data-element_type=\"section\" data-e-type=\"section\">\n\t\t\t\t\t\t<div class=\"elementor-container elementor-column-gap-default\">\n\t\t\t\t\t<div class=\"elementor-column elementor-col-100 elementor-top-column elementor-element elementor-element-90a99e4\" data-id=\"90a99e4\" data-element_type=\"column\" data-e-type=\"column\">\n\t\t\t<div class=\"elementor-widget-wrap elementor-element-populated\">\n\t\t\t\t\t\t<div class=\"elementor-element elementor-element-8340c89 elementor-widget elementor-widget-heading\" data-id=\"8340c89\" data-element_type=\"widget\" data-e-type=\"widget\" data-widget_type=\"heading.default\">\n\t\t\t\t<div class=\"elementor-widget-container\">\n\t\t\t\t\t<h2 class=\"elementor-heading-title elementor-size-default\">Uudet Laudat saatavilla nyt!<\/h2>\t\t\t\t<\/div>\n\t\t\t\t<\/div>\n\t\t\t\t<div class=\"elementor-element elementor-element-7730edc elementor-widget elementor-widget-text-editor\" data-id=\"7730edc\" data-element_type=\"widget\" data-e-type=\"widget\" data-widget_type=\"text-editor.default\">\n\t\t\t\t<div class=\"elementor-widget-container\">\n\t\t\t\t\t\t\t\t\t<p>Haukka Longboard ja Saukko Cruiser lauta ovat t\u00e4\u00e4ll\u00e4! N\u00e4m\u00e4 uniikit laudat on suunniteltu kruisailuun ja hauskanpitoon.<\/p><p>Haukka on todella vakaa lauta, joka rakastaa vauhtia ja kurvailua. Isot renkaat ja leve\u00e4t trukit tekev\u00e4t ajosta mukavaa my\u00f6s karkeammilla pinnoilla ja medium jousto auttavat k\u00e4\u00e4nn\u00f6ksiss\u00e4. Molemmat laudat on tehty 7 kerroksesta korkealaatuista Suomalaista koivuviilua.<\/p><p>Saukko on oikea valinta niille, jotka pit\u00e4v\u00e4t tiukoista k\u00e4\u00e4nn\u00f6ksist\u00e4, surffaillen ymp\u00e4riins\u00e4 ja haluavat laudan olevan vakaa ja hauska. Concave muoto antaa loistavan hallinnan lautaan ja leve\u00e4t trukit ja isot renkaat tekev\u00e4t laudasta vakaan my\u00f6s karkemmilla pinnoilla.\u00a0\u00a0<\/p>\t\t\t\t\t\t\t\t<\/div>\n\t\t\t\t<\/div>\n\t\t\t\t<div class=\"elementor-element elementor-element-c5a99da elementor-align-center elementor-widget elementor-widget-button\" data-id=\"c5a99da\" data-element_type=\"widget\" data-e-type=\"widget\" data-widget_type=\"button.default\">\n\t\t\t\t<div class=\"elementor-widget-container\">\n\t\t\t\t\t\t\t\t\t<div class=\"elementor-button-wrapper\">\n\t\t\t\t\t<a class=\"elementor-button elementor-button-link elementor-size-sm\" href=\"https:\/\/havusnow.com\/fi\/products\/\">\n\t\t\t\t\t\t<span class=\"elementor-button-content-wrapper\">\n\t\t\t\t\t\t\t\t\t<span class=\"elementor-button-text\">Osta Nyt<\/span>\n\t\t\t\t\t<\/span>\n\t\t\t\t\t<\/a>\n\t\t\t\t<\/div>\n\t\t\t\t\t\t\t\t<\/div>\n\t\t\t\t<\/div>\n\t\t\t\t\t<\/div>\n\t\t<\/div>\n\t\t\t\t\t<\/div>\n\t\t<\/section>\n\t\t\t\t<\/div>","protected":false},"excerpt":{"rendered":"<p>New Boards! Haukka Longboard and Saukko Cruiser board are here! These unique boards are designed for cruising around and having fun. Haukka is a really stable board that likes speed and carving. Big wheels and wide trucks smooth out the ride on rougher roads and medium flex supports you on turns. Both Boards are crafted [&hellip;]<\/p>\n","protected":false},"author":3,"featured_media":0,"parent":0,"menu_order":0,"comment_status":"closed","ping_status":"closed","template":"","meta":{"nf_dc_page":"","footnotes":""},"class_list":["post-1758","page","type-page","status-publish","hentry","entry","owp-thumbs-layout-horizontal","owp-btn-normal","owp-tabs-layout-horizontal","has-no-thumbnails","has-product-nav","circle-sale"],"yoast_head":"<!-- This site is optimized with the Yoast SEO plugin v27.2 - https:\/\/yoast.com\/product\/yoast-seo-wordpress\/ -->\n<title>New Boards! - HAVU Snow<\/title>\n<meta name=\"description\" content=\"New Boards! Haukka Longboard and Saukko Cruiser board are here! These unique boards are designed for cruising around and having fun. Haukka is a really\" \/>\n<meta name=\"robots\" content=\"index, follow, max-snippet:-1, max-image-preview:large, max-video-preview:-1\" \/>\n<link rel=\"canonical\" href=\"https:\/\/havusnow.com\/fi\/new-boards\/\" \/>\n<meta property=\"og:locale\" content=\"fi_FI\" \/>\n<meta property=\"og:type\" content=\"article\" \/>\n<meta property=\"og:title\" content=\"New Boards! - HAVU Snow\" \/>\n<meta property=\"og:description\" content=\"New Boards! Haukka Longboard and Saukko Cruiser board are here! These unique boards are designed for cruising around and having fun. Haukka is a really\" \/>\n<meta property=\"og:url\" content=\"https:\/\/havusnow.com\/fi\/new-boards\/\" \/>\n<meta property=\"og:site_name\" content=\"HAVU Snow\" \/>\n<meta property=\"article:publisher\" content=\"https:\/\/www.facebook.com\/Havu-Snow-105382571245950\" \/>\n<meta property=\"article:modified_time\" content=\"2021-08-03T16:15:53+00:00\" \/>\n<meta property=\"og:image\" content=\"https:\/\/havusnow.com\/wp-content\/uploads\/2021\/08\/cover-boards-1024x576.jpg\" \/>\n<meta name=\"twitter:card\" content=\"summary_large_image\" \/>\n<meta name=\"twitter:label1\" content=\"Arvioitu lukuaika\" \/>\n\t<meta name=\"twitter:data1\" content=\"1 minuutti\" \/>\n<script type=\"application\/ld+json\" class=\"yoast-schema-graph\">{\"@context\":\"https:\/\/schema.org\",\"@graph\":[{\"@type\":\"WebPage\",\"@id\":\"https:\/\/havusnow.com\/new-boards\/\",\"url\":\"https:\/\/havusnow.com\/new-boards\/\",\"name\":\"New Boards! - HAVU Snow\",\"isPartOf\":{\"@id\":\"https:\/\/havusnow.com\/#website\"},\"primaryImageOfPage\":{\"@id\":\"https:\/\/havusnow.com\/new-boards\/#primaryimage\"},\"image\":{\"@id\":\"https:\/\/havusnow.com\/new-boards\/#primaryimage\"},\"thumbnailUrl\":\"https:\/\/havusnow.com\/wp-content\/uploads\/2021\/08\/cover-boards-1024x576.jpg\",\"datePublished\":\"2021-08-03T15:30:30+00:00\",\"dateModified\":\"2021-08-03T16:15:53+00:00\",\"description\":\"New Boards! Haukka Longboard and Saukko Cruiser board are here! These unique boards are designed for cruising around and having fun. Haukka is a really\",\"breadcrumb\":{\"@id\":\"https:\/\/havusnow.com\/new-boards\/#breadcrumb\"},\"inLanguage\":\"fi\",\"potentialAction\":[{\"@type\":\"ReadAction\",\"target\":[\"https:\/\/havusnow.com\/new-boards\/\"]}]},{\"@type\":\"ImageObject\",\"inLanguage\":\"fi\",\"@id\":\"https:\/\/havusnow.com\/new-boards\/#primaryimage\",\"url\":\"https:\/\/havusnow.com\/wp-content\/uploads\/2021\/08\/cover-boards-1024x576.jpg\",\"contentUrl\":\"https:\/\/havusnow.com\/wp-content\/uploads\/2021\/08\/cover-boards-1024x576.jpg\"},{\"@type\":\"BreadcrumbList\",\"@id\":\"https:\/\/havusnow.com\/new-boards\/#breadcrumb\",\"itemListElement\":[{\"@type\":\"ListItem\",\"position\":1,\"name\":\"Home\",\"item\":\"https:\/\/havusnow.com\/\"},{\"@type\":\"ListItem\",\"position\":2,\"name\":\"New Boards!\"}]},{\"@type\":\"WebSite\",\"@id\":\"https:\/\/havusnow.com\/#website\",\"url\":\"https:\/\/havusnow.com\/\",\"name\":\"HAVU Snow\",\"description\":\"sustainable skis, boards handmade in Finland\",\"publisher\":{\"@id\":\"https:\/\/havusnow.com\/#organization\"},\"inLanguage\":\"fi\"},{\"@type\":\"Organization\",\"@id\":\"https:\/\/havusnow.com\/#organization\",\"name\":\"Havu Snow\",\"url\":\"https:\/\/havusnow.com\/\",\"logo\":{\"@type\":\"ImageObject\",\"inLanguage\":\"fi\",\"@id\":\"https:\/\/havusnow.com\/#\/schema\/logo\/image\/\",\"url\":\"https:\/\/i0.wp.com\/havusnow.com\/wp-content\/uploads\/2020\/09\/logo.png?fit=847%2C839&ssl=1\",\"contentUrl\":\"https:\/\/i0.wp.com\/havusnow.com\/wp-content\/uploads\/2020\/09\/logo.png?fit=847%2C839&ssl=1\",\"width\":847,\"height\":839,\"caption\":\"Havu Snow\"},\"image\":{\"@id\":\"https:\/\/havusnow.com\/#\/schema\/logo\/image\/\"},\"sameAs\":[\"https:\/\/www.facebook.com\/Havu-Snow-105382571245950\",\"https:\/\/www.instagram.com\/havusnow\/\"]}]}<\/script>\n<!-- \/ Yoast SEO plugin. -->","yoast_head_json":{"title":"New Boards! - HAVU Snow","description":"New Boards! Haukka Longboard and Saukko Cruiser board are here! These unique boards are designed for cruising around and having fun. Haukka is a really","robots":{"index":"index","follow":"follow","max-snippet":"max-snippet:-1","max-image-preview":"max-image-preview:large","max-video-preview":"max-video-preview:-1"},"canonical":"https:\/\/havusnow.com\/fi\/new-boards\/","og_locale":"fi_FI","og_type":"article","og_title":"New Boards! - HAVU Snow","og_description":"New Boards! Haukka Longboard and Saukko Cruiser board are here! These unique boards are designed for cruising around and having fun. Haukka is a really","og_url":"https:\/\/havusnow.com\/fi\/new-boards\/","og_site_name":"HAVU Snow","article_publisher":"https:\/\/www.facebook.com\/Havu-Snow-105382571245950","article_modified_time":"2021-08-03T16:15:53+00:00","og_image":[{"url":"https:\/\/havusnow.com\/wp-content\/uploads\/2021\/08\/cover-boards-1024x576.jpg","type":"","width":"","height":""}],"twitter_card":"summary_large_image","twitter_misc":{"Arvioitu lukuaika":"1 minuutti"},"schema":{"@context":"https:\/\/schema.org","@graph":[{"@type":"WebPage","@id":"https:\/\/havusnow.com\/new-boards\/","url":"https:\/\/havusnow.com\/new-boards\/","name":"New Boards! - HAVU Snow","isPartOf":{"@id":"https:\/\/havusnow.com\/#website"},"primaryImageOfPage":{"@id":"https:\/\/havusnow.com\/new-boards\/#primaryimage"},"image":{"@id":"https:\/\/havusnow.com\/new-boards\/#primaryimage"},"thumbnailUrl":"https:\/\/havusnow.com\/wp-content\/uploads\/2021\/08\/cover-boards-1024x576.jpg","datePublished":"2021-08-03T15:30:30+00:00","dateModified":"2021-08-03T16:15:53+00:00","description":"New Boards! Haukka Longboard and Saukko Cruiser board are here! These unique boards are designed for cruising around and having fun. Haukka is a really","breadcrumb":{"@id":"https:\/\/havusnow.com\/new-boards\/#breadcrumb"},"inLanguage":"fi","potentialAction":[{"@type":"ReadAction","target":["https:\/\/havusnow.com\/new-boards\/"]}]},{"@type":"ImageObject","inLanguage":"fi","@id":"https:\/\/havusnow.com\/new-boards\/#primaryimage","url":"https:\/\/havusnow.com\/wp-content\/uploads\/2021\/08\/cover-boards-1024x576.jpg","contentUrl":"https:\/\/havusnow.com\/wp-content\/uploads\/2021\/08\/cover-boards-1024x576.jpg"},{"@type":"BreadcrumbList","@id":"https:\/\/havusnow.com\/new-boards\/#breadcrumb","itemListElement":[{"@type":"ListItem","position":1,"name":"Home","item":"https:\/\/havusnow.com\/"},{"@type":"ListItem","position":2,"name":"New Boards!"}]},{"@type":"WebSite","@id":"https:\/\/havusnow.com\/#website","url":"https:\/\/havusnow.com\/","name":"HAVU Snow","description":"sustainable skis, boards handmade in Finland","publisher":{"@id":"https:\/\/havusnow.com\/#organization"},"inLanguage":"fi"},{"@type":"Organization","@id":"https:\/\/havusnow.com\/#organization","name":"Havu Snow","url":"https:\/\/havusnow.com\/","logo":{"@type":"ImageObject","inLanguage":"fi","@id":"https:\/\/havusnow.com\/#\/schema\/logo\/image\/","url":"https:\/\/i0.wp.com\/havusnow.com\/wp-content\/uploads\/2020\/09\/logo.png?fit=847%2C839&ssl=1","contentUrl":"https:\/\/i0.wp.com\/havusnow.com\/wp-content\/uploads\/2020\/09\/logo.png?fit=847%2C839&ssl=1","width":847,"height":839,"caption":"Havu Snow"},"image":{"@id":"https:\/\/havusnow.com\/#\/schema\/logo\/image\/"},"sameAs":["https:\/\/www.facebook.com\/Havu-Snow-105382571245950","https:\/\/www.instagram.com\/havusnow\/"]}]}},"_links":{"self":[{"href":"https:\/\/havusnow.com\/fi\/wp-json\/wp\/v2\/pages\/1758","targetHints":{"allow":["GET"]}}],"collection":[{"href":"https:\/\/havusnow.com\/fi\/wp-json\/wp\/v2\/pages"}],"about":[{"href":"https:\/\/havusnow.com\/fi\/wp-json\/wp\/v2\/types\/page"}],"author":[{"embeddable":true,"href":"https:\/\/havusnow.com\/fi\/wp-json\/wp\/v2\/users\/3"}],"replies":[{"embeddable":true,"href":"https:\/\/havusnow.com\/fi\/wp-json\/wp\/v2\/comments?post=1758"}],"version-history":[{"count":0,"href":"https:\/\/havusnow.com\/fi\/wp-json\/wp\/v2\/pages\/1758\/revisions"}],"wp:attachment":[{"href":"https:\/\/havusnow.com\/fi\/wp-json\/wp\/v2\/media?parent=1758"}],"curies":[{"name":"wp","href":"https:\/\/api.w.org\/{rel}","templated":true}]}}