{"id":190,"date":"2020-05-26T19:26:21","date_gmt":"2020-05-26T19:26:21","guid":{"rendered":"https:\/\/havusnow.com\/?page_id=190"},"modified":"2023-03-13T18:58:11","modified_gmt":"2023-03-13T18:58:11","slug":"story","status":"publish","type":"page","link":"https:\/\/havusnow.com\/fi\/story\/","title":{"rendered":"Tarina"},"content":{"rendered":"<div data-elementor-type=\"wp-page\" data-elementor-id=\"190\" class=\"elementor elementor-190\">\n\t\t\t\t\t\t<section class=\"elementor-section elementor-top-section elementor-element elementor-element-c37072b elementor-section-full_width elementor-section-height-min-height elementor-section-stretched elementor-hidden-mobile elementor-section-height-default elementor-section-items-middle\" data-id=\"c37072b\" data-element_type=\"section\" data-e-type=\"section\" data-settings=\"{&quot;stretch_section&quot;:&quot;section-stretched&quot;,&quot;background_background&quot;:&quot;classic&quot;}\">\n\t\t\t\t\t\t<div class=\"elementor-container elementor-column-gap-default\">\n\t\t\t\t\t<div class=\"elementor-column elementor-col-100 elementor-top-column elementor-element elementor-element-31157ae\" data-id=\"31157ae\" data-element_type=\"column\" data-e-type=\"column\">\n\t\t\t<div class=\"elementor-widget-wrap\">\n\t\t\t\t\t\t\t<\/div>\n\t\t<\/div>\n\t\t\t\t\t<\/div>\n\t\t<\/section>\n\t\t\t\t<section class=\"elementor-section elementor-top-section elementor-element elementor-element-3e9ed2c elementor-section-boxed elementor-section-height-default elementor-section-height-default\" data-id=\"3e9ed2c\" data-element_type=\"section\" data-e-type=\"section\">\n\t\t\t\t\t\t<div class=\"elementor-container elementor-column-gap-default\">\n\t\t\t\t\t<div class=\"elementor-column elementor-col-100 elementor-top-column elementor-element elementor-element-70f7027\" data-id=\"70f7027\" data-element_type=\"column\" data-e-type=\"column\">\n\t\t\t<div class=\"elementor-widget-wrap elementor-element-populated\">\n\t\t\t\t\t\t<div class=\"elementor-element elementor-element-c13c531 elementor-widget elementor-widget-heading\" data-id=\"c13c531\" data-element_type=\"widget\" data-e-type=\"widget\" data-widget_type=\"heading.default\">\n\t\t\t\t<div class=\"elementor-widget-container\">\n\t\t\t\t\t<h2 class=\"elementor-heading-title elementor-size-default\">Tarina<\/h2>\t\t\t\t<\/div>\n\t\t\t\t<\/div>\n\t\t\t\t\t<\/div>\n\t\t<\/div>\n\t\t\t\t\t<\/div>\n\t\t<\/section>\n\t\t\t\t<section class=\"elementor-section elementor-top-section elementor-element elementor-element-f2b901e elementor-section-boxed elementor-section-height-default elementor-section-height-default\" data-id=\"f2b901e\" data-element_type=\"section\" data-e-type=\"section\">\n\t\t\t\t\t\t<div class=\"elementor-container elementor-column-gap-default\">\n\t\t\t\t\t<div class=\"elementor-column elementor-col-100 elementor-top-column elementor-element elementor-element-249e80f\" data-id=\"249e80f\" data-element_type=\"column\" data-e-type=\"column\">\n\t\t\t<div class=\"elementor-widget-wrap elementor-element-populated\">\n\t\t\t\t\t\t<div class=\"elementor-element elementor-element-815a5aa elementor-widget elementor-widget-text-editor\" data-id=\"815a5aa\" data-element_type=\"widget\" data-e-type=\"widget\" data-widget_type=\"text-editor.default\">\n\t\t\t\t<div class=\"elementor-widget-container\">\n\t\t\t\t\t\t\t\t\t<p>Teemme korkealaatuisia suksia innovatiivisella ja ekologisella rakenteella freestyle-, vapaa-, ja all-mountain lasketteluun, sek\u00e4 er\u00e4hiihtoon. Olemme tiimi laskijoita, joita yhdist\u00e4\u00e4 rakkaus lumiseen luontoon ja intohimo t\u00e4ydellisyyteen lasketteluv\u00e4lineiden valmistuksessa. Vain parasta - sinulle, ja luonnolle.<\/p>\t\t\t\t\t\t\t\t<\/div>\n\t\t\t\t<\/div>\n\t\t\t\t\t<\/div>\n\t\t<\/div>\n\t\t\t\t\t<\/div>\n\t\t<\/section>\n\t\t\t\t<section class=\"elementor-section elementor-top-section elementor-element elementor-element-654b4b8 elementor-section-full_width elementor-section-height-min-height elementor-section-stretched elementor-hidden-desktop elementor-section-height-default elementor-section-items-middle\" data-id=\"654b4b8\" data-element_type=\"section\" data-e-type=\"section\" data-settings=\"{&quot;stretch_section&quot;:&quot;section-stretched&quot;,&quot;background_background&quot;:&quot;classic&quot;}\">\n\t\t\t\t\t\t<div class=\"elementor-container elementor-column-gap-default\">\n\t\t\t\t\t<div class=\"elementor-column elementor-col-100 elementor-top-column elementor-element elementor-element-d1d2d7c\" data-id=\"d1d2d7c\" data-element_type=\"column\" data-e-type=\"column\">\n\t\t\t<div class=\"elementor-widget-wrap\">\n\t\t\t\t\t\t\t<\/div>\n\t\t<\/div>\n\t\t\t\t\t<\/div>\n\t\t<\/section>\n\t\t\t\t<section class=\"elementor-section elementor-top-section elementor-element elementor-element-9693590 elementor-reverse-mobile elementor-section-full_width elementor-section-height-default elementor-section-height-default\" data-id=\"9693590\" data-element_type=\"section\" data-e-type=\"section\">\n\t\t\t\t\t\t<div class=\"elementor-container elementor-column-gap-default\">\n\t\t\t\t\t<div class=\"elementor-column elementor-col-33 elementor-top-column elementor-element elementor-element-6703dc1\" data-id=\"6703dc1\" data-element_type=\"column\" data-e-type=\"column\" data-settings=\"{&quot;background_background&quot;:&quot;classic&quot;}\">\n\t\t\t<div class=\"elementor-widget-wrap elementor-element-populated\">\n\t\t\t\t\t\t<div class=\"elementor-element elementor-element-475938c elementor-widget elementor-widget-image\" data-id=\"475938c\" data-element_type=\"widget\" data-e-type=\"widget\" data-widget_type=\"image.default\">\n\t\t\t\t<div class=\"elementor-widget-container\">\n\t\t\t\t\t\t\t\t\t\t\t\t\t\t\t<img loading=\"lazy\" decoding=\"async\" width=\"1\" height=\"1\" src=\"https:\/\/havusnow.com\/wp-content\/uploads\/2021\/10\/Deflashing.jpg\" class=\"attachment-large size-large wp-image-1831\" alt=\"\" \/>\t\t\t\t\t\t\t\t\t\t\t\t\t\t\t<\/div>\n\t\t\t\t<\/div>\n\t\t\t\t\t<\/div>\n\t\t<\/div>\n\t\t\t\t<div class=\"elementor-column elementor-col-66 elementor-top-column elementor-element elementor-element-0c2349f\" data-id=\"0c2349f\" data-element_type=\"column\" data-e-type=\"column\">\n\t\t\t<div class=\"elementor-widget-wrap elementor-element-populated\">\n\t\t\t\t\t\t<div class=\"elementor-element elementor-element-011632d elementor-widget elementor-widget-text-editor\" data-id=\"011632d\" data-element_type=\"widget\" data-e-type=\"widget\" data-widget_type=\"text-editor.default\">\n\t\t\t\t<div class=\"elementor-widget-container\">\n\t\t\t\t\t\t\t\t\t<p>Kaikki alkoi yhten\u00e4 p\u00e4iv\u00e4n\u00e4 7 vuotta sitten. P\u00e4\u00e4timme yritt\u00e4\u00e4 rakentaa parin laskettelusuksia. H\u00e4mm\u00e4stykseksemme niist\u00e4 tuli paremmat kuin odotimme, mutta halusimme oppia lis\u00e4\u00e4. Teimme toisen parin, kolmannen, nelj\u00e4nnen ja niin edelleen. L\u00e4hes jokainen pari n\u00e4ytti paremmalta kuin edellinen. Se oli eritt\u00e4in koukuttavaa. Kun ihmiset alkoivat kysell\u00e4 \" mitk\u00e4 sukset nuo on?\" tai \"mist\u00e4 noi on ostettu?\" alkoi muodostua ajatus - Olisivatkohan ihmiset kiinnostuneita ostamaan n\u00e4it\u00e4?\u00a0<\/p><p>Jatkoimme suksien ja lautojen rakentelua, testailimme erilaisia materiaaleja minimoidaksemme hiilijalanj\u00e4ljen ja tietenkin laskimme niill\u00e4 niin paljon ja rajusti kuin mahdollista, n\u00e4hd\u00e4ksemme kuinka kest\u00e4vi\u00e4 ne ovat. Opimme paljon ja p\u00e4ivitimme ty\u00f6kaluja ja koneita parempiin. Se avasi uusia mahdollisuuksia. Kehitys jatkui kunnes alkoi n\u00e4ytt\u00e4\u00e4 silt\u00e4, ett\u00e4 todellakin voisimme alkaa myym\u00e4\u00e4n luomuksiamme lunta rakastavalle laskukansalle.<\/p>\t\t\t\t\t\t\t\t<\/div>\n\t\t\t\t<\/div>\n\t\t\t\t\t<\/div>\n\t\t<\/div>\n\t\t\t\t\t<\/div>\n\t\t<\/section>\n\t\t\t\t<section class=\"elementor-section elementor-top-section elementor-element elementor-element-5d4f786 elementor-section-full_width elementor-section-height-default elementor-section-height-default\" data-id=\"5d4f786\" data-element_type=\"section\" data-e-type=\"section\">\n\t\t\t\t\t\t<div class=\"elementor-container elementor-column-gap-default\">\n\t\t\t\t\t<div class=\"elementor-column elementor-col-50 elementor-top-column elementor-element elementor-element-10e13a2\" data-id=\"10e13a2\" data-element_type=\"column\" data-e-type=\"column\">\n\t\t\t<div class=\"elementor-widget-wrap elementor-element-populated\">\n\t\t\t\t\t\t<div class=\"elementor-element elementor-element-a2dc473 elementor-widget elementor-widget-text-editor\" data-id=\"a2dc473\" data-element_type=\"widget\" data-e-type=\"widget\" data-widget_type=\"text-editor.default\">\n\t\t\t\t<div class=\"elementor-widget-container\">\n\t\t\t\t\t\t\t\t\t<p><strong>Rakkaudesta lumeen.<\/strong><\/p><p>Alusta asti tavoitteemme on ollut yksinkertainen. Haluamme tehd\u00e4 muutoksen. Haluamme tehd\u00e4 maailman ekologisimpia ja parhaita laskuv\u00e4lineit\u00e4. Haluamme p\u00e4\u00e4st\u00e4 eroon muovista ja muista ymp\u00e4rist\u00f6lle haitallisista materiaaleista pelastaaksemme talvet ja maapallon. Joten, olemme ty\u00f6skennelleet v\u00e4sym\u00e4tt\u00e4 vuosien ajan l\u00f6yt\u00e4\u00e4ksemme keinot maksimoida loistavien uusiutuvien luonnonmateriaalien m\u00e4\u00e4r\u00e4n, ja tavan k\u00e4ytt\u00e4\u00e4 niin v\u00e4h\u00e4n muovia kuin suinkaan on mahdollista. Olemme k\u00e4ytt\u00e4neet lukemattomia tunteja kehitt\u00e4en ja testaten eri yhdistelmi\u00e4, l\u00f6yt\u00e4\u00e4ksemme juuri oikeat tavoitteemme mahdollistamiseksi. Se ei ole ollut helppo teht\u00e4v\u00e4, mutta t\u00e4ysin vaivan arvoinen - Mik\u00e4\u00e4n ei peittoa t\u00e4m\u00e4n rakenteen luonnollista ja eloisaa tuntumaa, eik\u00e4 sen positiivisia vaikutuksia Maapalloon.<\/p><p>Jatkamme rajojen ty\u00f6nt\u00e4mist\u00e4 luonnonmateriaaleilla my\u00f6s tulevaisuudessa ja ty\u00f6skentelemme jatkuvasti l\u00f6yt\u00e4\u00e4ksemme viel\u00e4 lis\u00e4\u00e4 tapoja entisest\u00e4\u00e4n pienent\u00e4\u00e4 vaikutustamme ymp\u00e4rist\u00f6\u00f6n. - Koska pyrimme t\u00e4ydellisyyteen kaikessa mit\u00e4 teemme.\u00a0<\/p><p>Kaikki tuotteemme on k\u00e4sintehty Suomessa, parhaista mahdollisista ymp\u00e4rist\u00f6yst\u00e4v\u00e4llisist\u00e4 materiaaleista.<\/p><p>- HAVU Snow tiimi<\/p>\t\t\t\t\t\t\t\t<\/div>\n\t\t\t\t<\/div>\n\t\t\t\t\t<\/div>\n\t\t<\/div>\n\t\t\t\t<div class=\"elementor-column elementor-col-50 elementor-top-column elementor-element elementor-element-2e2c58c\" data-id=\"2e2c58c\" data-element_type=\"column\" data-e-type=\"column\" data-settings=\"{&quot;background_background&quot;:&quot;classic&quot;}\">\n\t\t\t<div class=\"elementor-widget-wrap elementor-element-populated\">\n\t\t\t\t\t\t<div class=\"elementor-element elementor-element-ec521af elementor-widget elementor-widget-image\" data-id=\"ec521af\" data-element_type=\"widget\" data-e-type=\"widget\" data-widget_type=\"image.default\">\n\t\t\t\t<div class=\"elementor-widget-container\">\n\t\t\t\t\t\t\t\t\t\t\t\t\t\t\t<img loading=\"lazy\" decoding=\"async\" width=\"1024\" height=\"576\" src=\"https:\/\/havusnow.com\/wp-content\/uploads\/2021\/11\/ski-1-1024x576.jpg\" class=\"attachment-large size-large wp-image-2051\" alt=\"\" srcset=\"https:\/\/havusnow.com\/wp-content\/uploads\/2021\/11\/ski-1-1024x576.jpg 1024w, https:\/\/havusnow.com\/wp-content\/uploads\/2021\/11\/ski-1-300x169.jpg 300w, https:\/\/havusnow.com\/wp-content\/uploads\/2021\/11\/ski-1-768x432.jpg 768w, https:\/\/havusnow.com\/wp-content\/uploads\/2021\/11\/ski-1-1536x864.jpg 1536w, https:\/\/havusnow.com\/wp-content\/uploads\/2021\/11\/ski-1-18x10.jpg 18w, https:\/\/havusnow.com\/wp-content\/uploads\/2021\/11\/ski-1-600x338.jpg 600w, https:\/\/havusnow.com\/wp-content\/uploads\/2021\/11\/ski-1.jpg 1920w\" sizes=\"auto, (max-width: 1024px) 100vw, 1024px\" \/>\t\t\t\t\t\t\t\t\t\t\t\t\t\t\t<\/div>\n\t\t\t\t<\/div>\n\t\t\t\t\t<\/div>\n\t\t<\/div>\n\t\t\t\t\t<\/div>\n\t\t<\/section>\n\t\t\t\t<section class=\"elementor-section elementor-top-section elementor-element elementor-element-c00fc57 elementor-section-full_width elementor-section-height-min-height elementor-section-stretched elementor-hidden-mobile elementor-section-height-default elementor-section-items-middle\" data-id=\"c00fc57\" data-element_type=\"section\" data-e-type=\"section\" data-settings=\"{&quot;stretch_section&quot;:&quot;section-stretched&quot;,&quot;background_background&quot;:&quot;classic&quot;}\">\n\t\t\t\t\t\t<div class=\"elementor-container elementor-column-gap-default\">\n\t\t\t\t\t<div class=\"elementor-column elementor-col-100 elementor-top-column elementor-element elementor-element-e5ca04a\" data-id=\"e5ca04a\" data-element_type=\"column\" data-e-type=\"column\">\n\t\t\t<div class=\"elementor-widget-wrap\">\n\t\t\t\t\t\t\t<\/div>\n\t\t<\/div>\n\t\t\t\t\t<\/div>\n\t\t<\/section>\n\t\t\t\t<\/div>","protected":false},"excerpt":{"rendered":"<p>Our Story At Havu Snow we make high-quality skis with innovative eco-friendly construction for use in freestyle, freeride and all-mountain skiing. We are a group of skiers united by a love for the mountains and strive for perfection in making the best pieces of equipment &#8211; for you, and the environment. One day 7 years [&hellip;]<\/p>\n","protected":false},"author":3,"featured_media":0,"parent":0,"menu_order":0,"comment_status":"closed","ping_status":"closed","template":"","meta":{"nf_dc_page":"","footnotes":""},"class_list":["post-190","page","type-page","status-publish","hentry","entry","owp-thumbs-layout-horizontal","owp-btn-normal","owp-tabs-layout-horizontal","has-no-thumbnails","has-product-nav","circle-sale"],"yoast_head":"<!-- This site is optimized with the Yoast SEO plugin v27.2 - https:\/\/yoast.com\/product\/yoast-seo-wordpress\/ -->\n<title>Story - HAVU Snow<\/title>\n<meta name=\"description\" content=\"Our Story At Havu Snow we make high-quality skis with innovative eco-friendly construction for use in freestyle, freeride and all-mountain skiing. We are\" \/>\n<meta name=\"robots\" content=\"index, follow, max-snippet:-1, max-image-preview:large, max-video-preview:-1\" \/>\n<link rel=\"canonical\" href=\"https:\/\/havusnow.com\/fi\/story\/\" \/>\n<meta property=\"og:locale\" content=\"fi_FI\" \/>\n<meta property=\"og:type\" content=\"article\" \/>\n<meta property=\"og:title\" content=\"Story - HAVU Snow\" \/>\n<meta property=\"og:description\" content=\"Our Story At Havu Snow we make high-quality skis with innovative eco-friendly construction for use in freestyle, freeride and all-mountain skiing. We are\" \/>\n<meta property=\"og:url\" content=\"https:\/\/havusnow.com\/fi\/story\/\" \/>\n<meta property=\"og:site_name\" content=\"HAVU Snow\" \/>\n<meta property=\"article:publisher\" content=\"https:\/\/www.facebook.com\/Havu-Snow-105382571245950\" \/>\n<meta property=\"article:modified_time\" content=\"2023-03-13T18:58:11+00:00\" \/>\n<meta property=\"og:image\" content=\"https:\/\/havusnow.com\/wp-content\/uploads\/2021\/10\/Deflashing.jpg\" \/>\n<meta name=\"twitter:card\" content=\"summary_large_image\" \/>\n<meta name=\"twitter:label1\" content=\"Arvioitu lukuaika\" \/>\n\t<meta name=\"twitter:data1\" content=\"3 minuuttia\" \/>\n<script type=\"application\/ld+json\" class=\"yoast-schema-graph\">{\"@context\":\"https:\/\/schema.org\",\"@graph\":[{\"@type\":\"WebPage\",\"@id\":\"https:\/\/havusnow.com\/story\/\",\"url\":\"https:\/\/havusnow.com\/story\/\",\"name\":\"Story - HAVU Snow\",\"isPartOf\":{\"@id\":\"https:\/\/havusnow.com\/#website\"},\"primaryImageOfPage\":{\"@id\":\"https:\/\/havusnow.com\/story\/#primaryimage\"},\"image\":{\"@id\":\"https:\/\/havusnow.com\/story\/#primaryimage\"},\"thumbnailUrl\":\"https:\/\/havusnow.com\/wp-content\/uploads\/2021\/10\/Deflashing.jpg\",\"datePublished\":\"2020-05-26T19:26:21+00:00\",\"dateModified\":\"2023-03-13T18:58:11+00:00\",\"description\":\"Our Story At Havu Snow we make high-quality skis with innovative eco-friendly construction for use in freestyle, freeride and all-mountain skiing. We are\",\"breadcrumb\":{\"@id\":\"https:\/\/havusnow.com\/story\/#breadcrumb\"},\"inLanguage\":\"fi\",\"potentialAction\":[{\"@type\":\"ReadAction\",\"target\":[\"https:\/\/havusnow.com\/story\/\"]}]},{\"@type\":\"ImageObject\",\"inLanguage\":\"fi\",\"@id\":\"https:\/\/havusnow.com\/story\/#primaryimage\",\"url\":\"https:\/\/havusnow.com\/wp-content\/uploads\/2021\/10\/Deflashing.jpg\",\"contentUrl\":\"https:\/\/havusnow.com\/wp-content\/uploads\/2021\/10\/Deflashing.jpg\"},{\"@type\":\"BreadcrumbList\",\"@id\":\"https:\/\/havusnow.com\/story\/#breadcrumb\",\"itemListElement\":[{\"@type\":\"ListItem\",\"position\":1,\"name\":\"Home\",\"item\":\"https:\/\/havusnow.com\/\"},{\"@type\":\"ListItem\",\"position\":2,\"name\":\"Story\"}]},{\"@type\":\"WebSite\",\"@id\":\"https:\/\/havusnow.com\/#website\",\"url\":\"https:\/\/havusnow.com\/\",\"name\":\"HAVU Snow\",\"description\":\"sustainable skis, boards handmade in Finland\",\"publisher\":{\"@id\":\"https:\/\/havusnow.com\/#organization\"},\"inLanguage\":\"fi\"},{\"@type\":\"Organization\",\"@id\":\"https:\/\/havusnow.com\/#organization\",\"name\":\"Havu Snow\",\"url\":\"https:\/\/havusnow.com\/\",\"logo\":{\"@type\":\"ImageObject\",\"inLanguage\":\"fi\",\"@id\":\"https:\/\/havusnow.com\/#\/schema\/logo\/image\/\",\"url\":\"https:\/\/i0.wp.com\/havusnow.com\/wp-content\/uploads\/2020\/09\/logo.png?fit=847%2C839&ssl=1\",\"contentUrl\":\"https:\/\/i0.wp.com\/havusnow.com\/wp-content\/uploads\/2020\/09\/logo.png?fit=847%2C839&ssl=1\",\"width\":847,\"height\":839,\"caption\":\"Havu Snow\"},\"image\":{\"@id\":\"https:\/\/havusnow.com\/#\/schema\/logo\/image\/\"},\"sameAs\":[\"https:\/\/www.facebook.com\/Havu-Snow-105382571245950\",\"https:\/\/www.instagram.com\/havusnow\/\"]}]}<\/script>\n<!-- \/ Yoast SEO plugin. -->","yoast_head_json":{"title":"Story - HAVU Snow","description":"Our Story At Havu Snow we make high-quality skis with innovative eco-friendly construction for use in freestyle, freeride and all-mountain skiing. We are","robots":{"index":"index","follow":"follow","max-snippet":"max-snippet:-1","max-image-preview":"max-image-preview:large","max-video-preview":"max-video-preview:-1"},"canonical":"https:\/\/havusnow.com\/fi\/story\/","og_locale":"fi_FI","og_type":"article","og_title":"Story - HAVU Snow","og_description":"Our Story At Havu Snow we make high-quality skis with innovative eco-friendly construction for use in freestyle, freeride and all-mountain skiing. We are","og_url":"https:\/\/havusnow.com\/fi\/story\/","og_site_name":"HAVU Snow","article_publisher":"https:\/\/www.facebook.com\/Havu-Snow-105382571245950","article_modified_time":"2023-03-13T18:58:11+00:00","og_image":[{"url":"https:\/\/havusnow.com\/wp-content\/uploads\/2021\/10\/Deflashing.jpg","type":"","width":"","height":""}],"twitter_card":"summary_large_image","twitter_misc":{"Arvioitu lukuaika":"3 minuuttia"},"schema":{"@context":"https:\/\/schema.org","@graph":[{"@type":"WebPage","@id":"https:\/\/havusnow.com\/story\/","url":"https:\/\/havusnow.com\/story\/","name":"Story - HAVU Snow","isPartOf":{"@id":"https:\/\/havusnow.com\/#website"},"primaryImageOfPage":{"@id":"https:\/\/havusnow.com\/story\/#primaryimage"},"image":{"@id":"https:\/\/havusnow.com\/story\/#primaryimage"},"thumbnailUrl":"https:\/\/havusnow.com\/wp-content\/uploads\/2021\/10\/Deflashing.jpg","datePublished":"2020-05-26T19:26:21+00:00","dateModified":"2023-03-13T18:58:11+00:00","description":"Our Story At Havu Snow we make high-quality skis with innovative eco-friendly construction for use in freestyle, freeride and all-mountain skiing. We are","breadcrumb":{"@id":"https:\/\/havusnow.com\/story\/#breadcrumb"},"inLanguage":"fi","potentialAction":[{"@type":"ReadAction","target":["https:\/\/havusnow.com\/story\/"]}]},{"@type":"ImageObject","inLanguage":"fi","@id":"https:\/\/havusnow.com\/story\/#primaryimage","url":"https:\/\/havusnow.com\/wp-content\/uploads\/2021\/10\/Deflashing.jpg","contentUrl":"https:\/\/havusnow.com\/wp-content\/uploads\/2021\/10\/Deflashing.jpg"},{"@type":"BreadcrumbList","@id":"https:\/\/havusnow.com\/story\/#breadcrumb","itemListElement":[{"@type":"ListItem","position":1,"name":"Home","item":"https:\/\/havusnow.com\/"},{"@type":"ListItem","position":2,"name":"Story"}]},{"@type":"WebSite","@id":"https:\/\/havusnow.com\/#website","url":"https:\/\/havusnow.com\/","name":"HAVU Snow","description":"sustainable skis, boards handmade in Finland","publisher":{"@id":"https:\/\/havusnow.com\/#organization"},"inLanguage":"fi"},{"@type":"Organization","@id":"https:\/\/havusnow.com\/#organization","name":"Havu Snow","url":"https:\/\/havusnow.com\/","logo":{"@type":"ImageObject","inLanguage":"fi","@id":"https:\/\/havusnow.com\/#\/schema\/logo\/image\/","url":"https:\/\/i0.wp.com\/havusnow.com\/wp-content\/uploads\/2020\/09\/logo.png?fit=847%2C839&ssl=1","contentUrl":"https:\/\/i0.wp.com\/havusnow.com\/wp-content\/uploads\/2020\/09\/logo.png?fit=847%2C839&ssl=1","width":847,"height":839,"caption":"Havu Snow"},"image":{"@id":"https:\/\/havusnow.com\/#\/schema\/logo\/image\/"},"sameAs":["https:\/\/www.facebook.com\/Havu-Snow-105382571245950","https:\/\/www.instagram.com\/havusnow\/"]}]}},"_links":{"self":[{"href":"https:\/\/havusnow.com\/fi\/wp-json\/wp\/v2\/pages\/190","targetHints":{"allow":["GET"]}}],"collection":[{"href":"https:\/\/havusnow.com\/fi\/wp-json\/wp\/v2\/pages"}],"about":[{"href":"https:\/\/havusnow.com\/fi\/wp-json\/wp\/v2\/types\/page"}],"author":[{"embeddable":true,"href":"https:\/\/havusnow.com\/fi\/wp-json\/wp\/v2\/users\/3"}],"replies":[{"embeddable":true,"href":"https:\/\/havusnow.com\/fi\/wp-json\/wp\/v2\/comments?post=190"}],"version-history":[{"count":0,"href":"https:\/\/havusnow.com\/fi\/wp-json\/wp\/v2\/pages\/190\/revisions"}],"wp:attachment":[{"href":"https:\/\/havusnow.com\/fi\/wp-json\/wp\/v2\/media?parent=190"}],"curies":[{"name":"wp","href":"https:\/\/api.w.org\/{rel}","templated":true}]}}