{"id":2302,"date":"2022-06-14T17:13:03","date_gmt":"2022-06-14T17:13:03","guid":{"rendered":"https:\/\/havusnow.com\/?page_id=2302"},"modified":"2022-08-02T14:45:15","modified_gmt":"2022-08-02T14:45:15","slug":"privacy-policy","status":"publish","type":"page","link":"https:\/\/havusnow.com\/fi\/privacy-policy\/","title":{"rendered":"Privacy policy"},"content":{"rendered":"<div data-elementor-type=\"wp-page\" data-elementor-id=\"2302\" class=\"elementor elementor-2302\">\n\t\t\t\t\t\t<section class=\"elementor-section elementor-top-section elementor-element elementor-element-cbc7db2 elementor-section-full_width elementor-section-height-default elementor-section-height-default\" data-id=\"cbc7db2\" data-element_type=\"section\" data-e-type=\"section\">\n\t\t\t\t\t\t<div class=\"elementor-container elementor-column-gap-default\">\n\t\t\t\t\t<div class=\"elementor-column elementor-col-100 elementor-top-column elementor-element elementor-element-f790396\" data-id=\"f790396\" data-element_type=\"column\" data-e-type=\"column\">\n\t\t\t<div class=\"elementor-widget-wrap elementor-element-populated\">\n\t\t\t\t\t\t<div class=\"elementor-element elementor-element-9dd78b4 elementor-widget elementor-widget-heading\" data-id=\"9dd78b4\" data-element_type=\"widget\" data-e-type=\"widget\" data-widget_type=\"heading.default\">\n\t\t\t\t<div class=\"elementor-widget-container\">\n\t\t\t\t\t<h2 class=\"elementor-heading-title elementor-size-default\">Rekisteriseloste<\/h2>\t\t\t\t<\/div>\n\t\t\t\t<\/div>\n\t\t\t\t<div class=\"elementor-element elementor-element-ae18e38 elementor-widget elementor-widget-text-editor\" data-id=\"ae18e38\" data-element_type=\"widget\" data-e-type=\"widget\" data-widget_type=\"text-editor.default\">\n\t\t\t\t<div class=\"elementor-widget-container\">\n\t\t\t\t\t\t\t\t\t<p><strong>Rekisterinpit\u00e4j\u00e4<\/strong><\/p><p>Havu Sports (y-3300524-6)<\/p><p>Lohja, Suomi<\/p><p><strong>Rekisterin tietosis\u00e4lt\u00f6<\/strong><\/p><p>Henkil\u00f6kohtaiset tiedot ker\u00e4t\u00e4\u00e4n suoraan sivuston k\u00e4ytt\u00e4j\u00e4lt\u00e4 tai ne luodaan k\u00e4yt\u00f6n seurauksena. Data sis\u00e4lt\u00e4\u00e4 joitakin tai kaikki seuraavista:<\/p><p>-Nimi, osoite, puhelinnumero, s\u00e4hk\u00f6postiosoite<\/p><p>Dataa ker\u00e4t\u00e4\u00e4n kun henkil\u00f6 sy\u00f6tt\u00e4\u00e4 tietojaan tilausta tehdess\u00e4. K\u00e4ytt\u00e4j\u00e4st\u00e4 ei ker\u00e4t\u00e4 muita tietoja, kuin edell\u00e4 mainitut, eik\u00e4 niit\u00e4 anneta millek\u00e4\u00e4n kolmansille osapuolille tai EU:n ja ETA:n ulkopuolelle.<\/p><p><strong>Tietojen k\u00e4ytt\u00f6<\/strong><\/p><p>Rekisteriin sis\u00e4ltyvi\u00e4 asioita k\u00e4ytet\u00e4\u00e4n asiakassuhteen hoitamiseen ja tuotteiden toimitukseen. Tietoja voidaan k\u00e4ytt\u00e4\u00e4 my\u00f6s tuotteiden markkinointiin, mutta niit\u00e4 ei anneta miss\u00e4\u00e4n tilanteessa kolmansille osapuolille.\u00a0<\/p><p><strong>Rekisterin suojaus<\/strong><\/p><p>Tiedot on tallennettu j\u00e4rjestelm\u00e4\u00e4n, joka on asianmukaisesti suojattu k\u00e4ytt\u00e4j\u00e4tunnuksella ja turvallisella salasanalla. Vain tietyll\u00e4 henkil\u00f6ll\u00e4 on p\u00e4\u00e4sy tietoihin ja laitteistoon.\u00a0<\/p><p><strong>Rekister\u00f6idyn oikeudet<\/strong><\/p><p>Rekisterinpit\u00e4j\u00e4 voi tehd\u00e4 t\u00e4ydennyksi\u00e4, korjauksia tai poistoja tietoihin, mik\u00e4li tiedot ovat vanhoja tai puutteellisia. Rekister\u00f6idyn tulee ottaa yhteytt\u00e4 rekisterinpit\u00e4j\u00e4\u00e4n pyyt\u00e4\u00e4kseen muutoksia<\/p><p>Rekister\u00f6idyll\u00e4 henkil\u00f6ll\u00e4 on oikeus kielt\u00e4\u00e4 tietojen k\u00e4ytt\u00f6 markkinointitarkoituksiin. Pyynt\u00f6 tulee tehd\u00e4 s\u00e4hk\u00f6postilla suoraan rekisterinpit\u00e4j\u00e4lle.<\/p>\t\t\t\t\t\t\t\t<\/div>\n\t\t\t\t<\/div>\n\t\t\t\t\t<\/div>\n\t\t<\/div>\n\t\t\t\t\t<\/div>\n\t\t<\/section>\n\t\t\t\t<\/div>","protected":false},"excerpt":{"rendered":"<p>Privacy Policy Register owner Havu sports (y-3300524-6) Lohja, Finland Information content in the register Personal data is in most cases collected directly from you or generated as part of the use of our webshop. Data includes some or all of the following: &#8211; Name, Address, Phone number, Email address Data is collected when a person [&hellip;]<\/p>\n","protected":false},"author":3,"featured_media":0,"parent":0,"menu_order":0,"comment_status":"closed","ping_status":"closed","template":"","meta":{"nf_dc_page":"","footnotes":""},"class_list":["post-2302","page","type-page","status-publish","hentry","entry","owp-thumbs-layout-horizontal","owp-btn-normal","owp-tabs-layout-horizontal","has-no-thumbnails","has-product-nav","circle-sale"],"yoast_head":"<!-- This site is optimized with the Yoast SEO plugin v27.2 - https:\/\/yoast.com\/product\/yoast-seo-wordpress\/ -->\n<title>Privacy policy - HAVU Snow<\/title>\n<meta name=\"description\" content=\"Privacy Policy Register ownerHavu sports (y-3300524-6)Lohja, FinlandInformation content in the registerPersonal data is in most cases collected directly\" \/>\n<meta name=\"robots\" content=\"index, follow, max-snippet:-1, max-image-preview:large, max-video-preview:-1\" \/>\n<link rel=\"canonical\" href=\"https:\/\/havusnow.com\/fi\/privacy-policy\/\" \/>\n<meta property=\"og:locale\" content=\"fi_FI\" \/>\n<meta property=\"og:type\" content=\"article\" \/>\n<meta property=\"og:title\" content=\"Privacy policy - HAVU Snow\" \/>\n<meta property=\"og:description\" content=\"Privacy Policy Register ownerHavu sports (y-3300524-6)Lohja, FinlandInformation content in the registerPersonal data is in most cases collected directly\" \/>\n<meta property=\"og:url\" content=\"https:\/\/havusnow.com\/fi\/privacy-policy\/\" \/>\n<meta property=\"og:site_name\" content=\"HAVU Snow\" \/>\n<meta property=\"article:publisher\" content=\"https:\/\/www.facebook.com\/Havu-Snow-105382571245950\" \/>\n<meta property=\"article:modified_time\" content=\"2022-08-02T14:45:15+00:00\" \/>\n<meta property=\"og:image\" content=\"https:\/\/havusnow.com\/wp-content\/uploads\/2020\/09\/logo.png\" \/>\n\t<meta property=\"og:image:width\" content=\"847\" \/>\n\t<meta property=\"og:image:height\" content=\"839\" \/>\n\t<meta property=\"og:image:type\" content=\"image\/png\" \/>\n<meta name=\"twitter:card\" content=\"summary_large_image\" \/>\n<meta name=\"twitter:label1\" content=\"Arvioitu lukuaika\" \/>\n\t<meta name=\"twitter:data1\" content=\"1 minuutti\" \/>\n<script type=\"application\/ld+json\" class=\"yoast-schema-graph\">{\"@context\":\"https:\/\/schema.org\",\"@graph\":[{\"@type\":\"WebPage\",\"@id\":\"https:\/\/havusnow.com\/privacy-policy\/\",\"url\":\"https:\/\/havusnow.com\/privacy-policy\/\",\"name\":\"Privacy policy - HAVU Snow\",\"isPartOf\":{\"@id\":\"https:\/\/havusnow.com\/#website\"},\"datePublished\":\"2022-06-14T17:13:03+00:00\",\"dateModified\":\"2022-08-02T14:45:15+00:00\",\"description\":\"Privacy Policy Register ownerHavu sports (y-3300524-6)Lohja, FinlandInformation content in the registerPersonal data is in most cases collected directly\",\"breadcrumb\":{\"@id\":\"https:\/\/havusnow.com\/privacy-policy\/#breadcrumb\"},\"inLanguage\":\"fi\",\"potentialAction\":[{\"@type\":\"ReadAction\",\"target\":[\"https:\/\/havusnow.com\/privacy-policy\/\"]}]},{\"@type\":\"BreadcrumbList\",\"@id\":\"https:\/\/havusnow.com\/privacy-policy\/#breadcrumb\",\"itemListElement\":[{\"@type\":\"ListItem\",\"position\":1,\"name\":\"Home\",\"item\":\"https:\/\/havusnow.com\/\"},{\"@type\":\"ListItem\",\"position\":2,\"name\":\"Privacy policy\"}]},{\"@type\":\"WebSite\",\"@id\":\"https:\/\/havusnow.com\/#website\",\"url\":\"https:\/\/havusnow.com\/\",\"name\":\"HAVU Snow\",\"description\":\"sustainable skis, boards handmade in Finland\",\"publisher\":{\"@id\":\"https:\/\/havusnow.com\/#organization\"},\"inLanguage\":\"fi\"},{\"@type\":\"Organization\",\"@id\":\"https:\/\/havusnow.com\/#organization\",\"name\":\"Havu Snow\",\"url\":\"https:\/\/havusnow.com\/\",\"logo\":{\"@type\":\"ImageObject\",\"inLanguage\":\"fi\",\"@id\":\"https:\/\/havusnow.com\/#\/schema\/logo\/image\/\",\"url\":\"https:\/\/i0.wp.com\/havusnow.com\/wp-content\/uploads\/2020\/09\/logo.png?fit=847%2C839&ssl=1\",\"contentUrl\":\"https:\/\/i0.wp.com\/havusnow.com\/wp-content\/uploads\/2020\/09\/logo.png?fit=847%2C839&ssl=1\",\"width\":847,\"height\":839,\"caption\":\"Havu Snow\"},\"image\":{\"@id\":\"https:\/\/havusnow.com\/#\/schema\/logo\/image\/\"},\"sameAs\":[\"https:\/\/www.facebook.com\/Havu-Snow-105382571245950\",\"https:\/\/www.instagram.com\/havusnow\/\"]}]}<\/script>\n<!-- \/ Yoast SEO plugin. -->","yoast_head_json":{"title":"Privacy policy - HAVU Snow","description":"Privacy Policy Register ownerHavu sports (y-3300524-6)Lohja, FinlandInformation content in the registerPersonal data is in most cases collected directly","robots":{"index":"index","follow":"follow","max-snippet":"max-snippet:-1","max-image-preview":"max-image-preview:large","max-video-preview":"max-video-preview:-1"},"canonical":"https:\/\/havusnow.com\/fi\/privacy-policy\/","og_locale":"fi_FI","og_type":"article","og_title":"Privacy policy - HAVU Snow","og_description":"Privacy Policy Register ownerHavu sports (y-3300524-6)Lohja, FinlandInformation content in the registerPersonal data is in most cases collected directly","og_url":"https:\/\/havusnow.com\/fi\/privacy-policy\/","og_site_name":"HAVU Snow","article_publisher":"https:\/\/www.facebook.com\/Havu-Snow-105382571245950","article_modified_time":"2022-08-02T14:45:15+00:00","og_image":[{"width":847,"height":839,"url":"https:\/\/havusnow.com\/wp-content\/uploads\/2020\/09\/logo.png","type":"image\/png"}],"twitter_card":"summary_large_image","twitter_misc":{"Arvioitu lukuaika":"1 minuutti"},"schema":{"@context":"https:\/\/schema.org","@graph":[{"@type":"WebPage","@id":"https:\/\/havusnow.com\/privacy-policy\/","url":"https:\/\/havusnow.com\/privacy-policy\/","name":"Privacy policy - HAVU Snow","isPartOf":{"@id":"https:\/\/havusnow.com\/#website"},"datePublished":"2022-06-14T17:13:03+00:00","dateModified":"2022-08-02T14:45:15+00:00","description":"Privacy Policy Register ownerHavu sports (y-3300524-6)Lohja, FinlandInformation content in the registerPersonal data is in most cases collected directly","breadcrumb":{"@id":"https:\/\/havusnow.com\/privacy-policy\/#breadcrumb"},"inLanguage":"fi","potentialAction":[{"@type":"ReadAction","target":["https:\/\/havusnow.com\/privacy-policy\/"]}]},{"@type":"BreadcrumbList","@id":"https:\/\/havusnow.com\/privacy-policy\/#breadcrumb","itemListElement":[{"@type":"ListItem","position":1,"name":"Home","item":"https:\/\/havusnow.com\/"},{"@type":"ListItem","position":2,"name":"Privacy policy"}]},{"@type":"WebSite","@id":"https:\/\/havusnow.com\/#website","url":"https:\/\/havusnow.com\/","name":"HAVU Snow","description":"sustainable skis, boards handmade in Finland","publisher":{"@id":"https:\/\/havusnow.com\/#organization"},"inLanguage":"fi"},{"@type":"Organization","@id":"https:\/\/havusnow.com\/#organization","name":"Havu Snow","url":"https:\/\/havusnow.com\/","logo":{"@type":"ImageObject","inLanguage":"fi","@id":"https:\/\/havusnow.com\/#\/schema\/logo\/image\/","url":"https:\/\/i0.wp.com\/havusnow.com\/wp-content\/uploads\/2020\/09\/logo.png?fit=847%2C839&ssl=1","contentUrl":"https:\/\/i0.wp.com\/havusnow.com\/wp-content\/uploads\/2020\/09\/logo.png?fit=847%2C839&ssl=1","width":847,"height":839,"caption":"Havu Snow"},"image":{"@id":"https:\/\/havusnow.com\/#\/schema\/logo\/image\/"},"sameAs":["https:\/\/www.facebook.com\/Havu-Snow-105382571245950","https:\/\/www.instagram.com\/havusnow\/"]}]}},"_links":{"self":[{"href":"https:\/\/havusnow.com\/fi\/wp-json\/wp\/v2\/pages\/2302","targetHints":{"allow":["GET"]}}],"collection":[{"href":"https:\/\/havusnow.com\/fi\/wp-json\/wp\/v2\/pages"}],"about":[{"href":"https:\/\/havusnow.com\/fi\/wp-json\/wp\/v2\/types\/page"}],"author":[{"embeddable":true,"href":"https:\/\/havusnow.com\/fi\/wp-json\/wp\/v2\/users\/3"}],"replies":[{"embeddable":true,"href":"https:\/\/havusnow.com\/fi\/wp-json\/wp\/v2\/comments?post=2302"}],"version-history":[{"count":0,"href":"https:\/\/havusnow.com\/fi\/wp-json\/wp\/v2\/pages\/2302\/revisions"}],"wp:attachment":[{"href":"https:\/\/havusnow.com\/fi\/wp-json\/wp\/v2\/media?parent=2302"}],"curies":[{"name":"wp","href":"https:\/\/api.w.org\/{rel}","templated":true}]}}