{"id":3003,"date":"2022-11-29T17:48:18","date_gmt":"2022-11-29T17:48:18","guid":{"rendered":"https:\/\/havusnow.com\/?page_id=3003"},"modified":"2023-01-13T12:49:21","modified_gmt":"2023-01-13T12:49:21","slug":"sustainably-with-amplitex%ef%b8%8f","status":"publish","type":"page","link":"https:\/\/havusnow.com\/fi\/sustainably-with-amplitex%ef%b8%8f\/","title":{"rendered":"Sustainably With ampliTex\u2122\ufe0f"},"content":{"rendered":"<div data-elementor-type=\"wp-page\" data-elementor-id=\"3003\" class=\"elementor elementor-3003\">\n\t\t\t\t\t\t<section class=\"elementor-section elementor-top-section elementor-element elementor-element-75f9859 elementor-section-boxed elementor-section-height-default elementor-section-height-default\" data-id=\"75f9859\" data-element_type=\"section\" data-e-type=\"section\">\n\t\t\t\t\t\t<div class=\"elementor-container elementor-column-gap-default\">\n\t\t\t\t\t<div class=\"elementor-column elementor-col-100 elementor-top-column elementor-element elementor-element-5e4ef1d\" data-id=\"5e4ef1d\" data-element_type=\"column\" data-e-type=\"column\">\n\t\t\t<div class=\"elementor-widget-wrap elementor-element-populated\">\n\t\t\t\t\t\t<div class=\"elementor-element elementor-element-a928af6 elementor-widget elementor-widget-heading\" data-id=\"a928af6\" data-element_type=\"widget\" data-e-type=\"widget\" data-widget_type=\"heading.default\">\n\t\t\t\t<div class=\"elementor-widget-container\">\n\t\t\t\t\t<h2 class=\"elementor-heading-title elementor-size-default\">Ekologisesti ampliTex\u2122\ufe0f pellavakuiduilla<\/h2>\t\t\t\t<\/div>\n\t\t\t\t<\/div>\n\t\t\t\t\t<\/div>\n\t\t<\/div>\n\t\t\t\t\t<\/div>\n\t\t<\/section>\n\t\t\t\t<section class=\"elementor-section elementor-top-section elementor-element elementor-element-e324e31 elementor-section-boxed elementor-section-height-default elementor-section-height-default\" data-id=\"e324e31\" data-element_type=\"section\" data-e-type=\"section\">\n\t\t\t\t\t\t<div class=\"elementor-container elementor-column-gap-default\">\n\t\t\t\t\t<div class=\"elementor-column elementor-col-100 elementor-top-column elementor-element elementor-element-90d6d9d\" data-id=\"90d6d9d\" data-element_type=\"column\" data-e-type=\"column\">\n\t\t\t<div class=\"elementor-widget-wrap elementor-element-populated\">\n\t\t\t\t\t\t<div class=\"elementor-element elementor-element-afdf78e elementor-widget elementor-widget-text-editor\" data-id=\"afdf78e\" data-element_type=\"widget\" data-e-type=\"widget\" data-widget_type=\"text-editor.default\">\n\t\t\t\t<div class=\"elementor-widget-container\">\n\t\t\t\t\t\t\t\t\t<p>Ilmastokriisi on eksistentiaalinen uhka, jota ei voida sivuuttaa. Ihmiskunnan on v\u00e4hennett\u00e4v\u00e4 radikaalisti hiilidioksidip\u00e4\u00e4st\u00f6j\u00e4 ilmaston l\u00e4mpenemisen pys\u00e4ytt\u00e4miseksi.\u00a0<\/p>\t\t\t\t\t\t\t\t<\/div>\n\t\t\t\t<\/div>\n\t\t\t\t\t<\/div>\n\t\t<\/div>\n\t\t\t\t\t<\/div>\n\t\t<\/section>\n\t\t\t\t<section class=\"elementor-section elementor-top-section elementor-element elementor-element-26d029a elementor-reverse-mobile elementor-section-boxed elementor-section-height-default elementor-section-height-default\" data-id=\"26d029a\" data-element_type=\"section\" data-e-type=\"section\">\n\t\t\t\t\t\t<div class=\"elementor-container elementor-column-gap-default\">\n\t\t\t\t\t<div class=\"elementor-column elementor-col-50 elementor-top-column elementor-element elementor-element-b54b975\" data-id=\"b54b975\" data-element_type=\"column\" data-e-type=\"column\">\n\t\t\t<div class=\"elementor-widget-wrap elementor-element-populated\">\n\t\t\t\t\t\t<div class=\"elementor-element elementor-element-c08f446 elementor-widget elementor-widget-text-editor\" data-id=\"c08f446\" data-element_type=\"widget\" data-e-type=\"widget\" data-widget_type=\"text-editor.default\">\n\t\t\t\t<div class=\"elementor-widget-container\">\n\t\t\t\t\t\t\t\t\t<p>Me HAVU Snowlla olemme innovoineet kest\u00e4v\u00e4n suksien valmistuksen salaisuuksia yli 6 vuoden ajan. Aivan ensimm\u00e4isest\u00e4 suksiparista l\u00e4htien. Loputon intohimomme on tehd\u00e4 asiat oikein luonnon kannalta.\u00a0<\/p><p>Innovatiiviset ja 100 % luonnolliset ampliTex\u2122\ufe0f pellavakuidut ovat t\u00e4rke\u00e4ss\u00e4 roolissa laskettelusuksiemme valmistuksessa. Koska pellavakuitu on t\u00e4ysin uusiutuva ja hiilineutraali materiaali, se sitoo kasvunsa aikana hiilidioksidia ilmakeh\u00e4st\u00e4, toimien luonnollisena hiilinieluna. T\u00e4m\u00e4 yhdistettyn\u00e4 huomattavaan m\u00e4\u00e4r\u00e4\u00e4n puuta suksiemme materiaalina, tekee niist\u00e4 l\u00e4hes hiilineutraaleja.\u00a0<\/p><p>Pellava on kotoper\u00e4inen kasvi, joka kasvaa luonnollisesti Euroopassa ja on ollut osa maatalouden historiaa vuosisatojen ajan. Se vaatii hyvin v\u00e4h\u00e4n vett\u00e4 ja ravinteita menesty\u00e4kseen. Lis\u00e4ksi se toimii vuoroviljelykasvina, mik\u00e4 parantaa nykyisen viljelymaan satoa. Pellavakasvien viljely tai k\u00e4sittely ei vaadi kemikaaleja, jotka voisivat saastuttaa pohjavett\u00e4. Sadonkorjuun j\u00e4lkeen koko kasvi voidaan k\u00e4ytt\u00e4\u00e4 ravinnoksi, \u00f6ljyn valmistukseen ja muihin tarkoituksiin. Kasvista tulevalla pitk\u00e4ll\u00e4 kuidulla on eritt\u00e4in hyv\u00e4t mekaaniset ominaisuudet, ja erinomaiset vaimennusominaisuudet suhteessa tiheyteen, joten se soveltuu erityisen hyvin luonnonkuituvahvikkeeksi.<\/p>\t\t\t\t\t\t\t\t<\/div>\n\t\t\t\t<\/div>\n\t\t\t\t\t<\/div>\n\t\t<\/div>\n\t\t\t\t<div class=\"elementor-column elementor-col-50 elementor-top-column elementor-element elementor-element-65b5035\" data-id=\"65b5035\" data-element_type=\"column\" data-e-type=\"column\">\n\t\t\t<div class=\"elementor-widget-wrap elementor-element-populated\">\n\t\t\t\t\t\t<div class=\"elementor-element elementor-element-07fea98 elementor-widget elementor-widget-image\" data-id=\"07fea98\" data-element_type=\"widget\" data-e-type=\"widget\" data-widget_type=\"image.default\">\n\t\t\t\t<div class=\"elementor-widget-container\">\n\t\t\t\t\t\t\t\t\t\t\t\t\t\t\t<img loading=\"lazy\" decoding=\"async\" width=\"1024\" height=\"768\" src=\"https:\/\/havusnow.com\/wp-content\/uploads\/2021\/10\/factory-1-1024x768.jpg\" class=\"attachment-large size-large wp-image-2409\" alt=\"\" srcset=\"https:\/\/havusnow.com\/wp-content\/uploads\/2021\/10\/factory-1-1024x768.jpg 1024w, https:\/\/havusnow.com\/wp-content\/uploads\/2021\/10\/factory-1-300x225.jpg 300w, https:\/\/havusnow.com\/wp-content\/uploads\/2021\/10\/factory-1-768x576.jpg 768w, https:\/\/havusnow.com\/wp-content\/uploads\/2021\/10\/factory-1-1536x1152.jpg 1536w\" sizes=\"auto, (max-width: 1024px) 100vw, 1024px\" \/>\t\t\t\t\t\t\t\t\t\t\t\t\t\t\t<\/div>\n\t\t\t\t<\/div>\n\t\t\t\t\t<\/div>\n\t\t<\/div>\n\t\t\t\t\t<\/div>\n\t\t<\/section>\n\t\t\t\t<section class=\"elementor-section elementor-top-section elementor-element elementor-element-0cab499 elementor-section-boxed elementor-section-height-default elementor-section-height-default\" data-id=\"0cab499\" data-element_type=\"section\" data-e-type=\"section\">\n\t\t\t\t\t\t<div class=\"elementor-container elementor-column-gap-default\">\n\t\t\t\t\t<div class=\"elementor-column elementor-col-50 elementor-top-column elementor-element elementor-element-d465b54\" data-id=\"d465b54\" data-element_type=\"column\" data-e-type=\"column\">\n\t\t\t<div class=\"elementor-widget-wrap elementor-element-populated\">\n\t\t\t\t\t\t<div class=\"elementor-element elementor-element-3c8a45c elementor-widget elementor-widget-text-editor\" data-id=\"3c8a45c\" data-element_type=\"widget\" data-e-type=\"widget\" data-widget_type=\"text-editor.default\">\n\t\t\t\t<div class=\"elementor-widget-container\">\n\t\t\t\t\t\t\t\t\t<p>Kiertotalous. AmpliTex\u2122 -kuidut eiv\u00e4t ole vain hiilineutraaleja, vaan tarjoavat my\u00f6s j\u00e4rkevi\u00e4 kierr\u00e4tysvaihtoehtoja k\u00e4ytt\u00f6ik\u00e4ns\u00e4 lopussa. Vaikka perinteisten vahvikekuitujen kierr\u00e4tysratkaisuja kehitet\u00e4\u00e4n edelleen, pellavakuituvahvikkeilla valmistettuja osia voidaan jo nyky\u00e4\u00e4n k\u00e4ytt\u00e4\u00e4 eritt\u00e4in tehokkaaseen l\u00e4mp\u00f6energian talteenottoon, kaatopaikoille p\u00e4\u00e4tymisen sijaan.\u00a0<\/p><p>Suksien rakenne on pysynyt samana vuosikymmeni\u00e4. Me p\u00e4\u00e4timme muuttaa sen.<\/p><p>Suksia parhaalla suorituskyvyll\u00e4 ja minimaalisella vaikutuksella ymp\u00e4rist\u00f6lle.\u00a0\u00a0<\/p>\t\t\t\t\t\t\t\t<\/div>\n\t\t\t\t<\/div>\n\t\t\t\t\t<\/div>\n\t\t<\/div>\n\t\t\t\t<div class=\"elementor-column elementor-col-50 elementor-top-column elementor-element elementor-element-10144ff\" data-id=\"10144ff\" data-element_type=\"column\" data-e-type=\"column\">\n\t\t\t<div class=\"elementor-widget-wrap elementor-element-populated\">\n\t\t\t\t\t\t<div class=\"elementor-element elementor-element-8778175 elementor-widget elementor-widget-image\" data-id=\"8778175\" data-element_type=\"widget\" data-e-type=\"widget\" data-widget_type=\"image.default\">\n\t\t\t\t<div class=\"elementor-widget-container\">\n\t\t\t\t\t\t\t\t\t\t\t\t\t\t\t<img loading=\"lazy\" decoding=\"async\" width=\"1024\" height=\"577\" src=\"https:\/\/havusnow.com\/wp-content\/uploads\/2022\/07\/cover-5-1024x577.jpg\" class=\"attachment-large size-large wp-image-2333\" alt=\"\" srcset=\"https:\/\/havusnow.com\/wp-content\/uploads\/2022\/07\/cover-5-1024x577.jpg 1024w, https:\/\/havusnow.com\/wp-content\/uploads\/2022\/07\/cover-5-300x169.jpg 300w, https:\/\/havusnow.com\/wp-content\/uploads\/2022\/07\/cover-5-768x433.jpg 768w, https:\/\/havusnow.com\/wp-content\/uploads\/2022\/07\/cover-5-1536x865.jpg 1536w, https:\/\/havusnow.com\/wp-content\/uploads\/2022\/07\/cover-5-2048x1153.jpg 2048w, https:\/\/havusnow.com\/wp-content\/uploads\/2022\/07\/cover-5-18x10.jpg 18w, https:\/\/havusnow.com\/wp-content\/uploads\/2022\/07\/cover-5-600x338.jpg 600w\" sizes=\"auto, (max-width: 1024px) 100vw, 1024px\" \/>\t\t\t\t\t\t\t\t\t\t\t\t\t\t\t<\/div>\n\t\t\t\t<\/div>\n\t\t\t\t\t<\/div>\n\t\t<\/div>\n\t\t\t\t\t<\/div>\n\t\t<\/section>\n\t\t\t\t<section class=\"elementor-section elementor-top-section elementor-element elementor-element-c1e6f66 elementor-section-boxed elementor-section-height-default elementor-section-height-default\" data-id=\"c1e6f66\" data-element_type=\"section\" data-e-type=\"section\">\n\t\t\t\t\t\t<div class=\"elementor-container elementor-column-gap-default\">\n\t\t\t\t\t<div class=\"elementor-column elementor-col-100 elementor-top-column elementor-element elementor-element-5a189e0\" data-id=\"5a189e0\" data-element_type=\"column\" data-e-type=\"column\">\n\t\t\t<div class=\"elementor-widget-wrap elementor-element-populated\">\n\t\t\t\t\t\t<div class=\"elementor-element elementor-element-c397503 elementor-widget elementor-widget-heading\" data-id=\"c397503\" data-element_type=\"widget\" data-e-type=\"widget\" data-widget_type=\"heading.default\">\n\t\t\t\t<div class=\"elementor-widget-container\">\n\t\t\t\t\t<h2 class=\"elementor-heading-title elementor-size-default\">Maailman ekologisimpia suksia.<\/h2>\t\t\t\t<\/div>\n\t\t\t\t<\/div>\n\t\t\t\t<div class=\"elementor-element elementor-element-b5974be elementor-align-center elementor-widget elementor-widget-button\" data-id=\"b5974be\" data-element_type=\"widget\" data-e-type=\"widget\" data-widget_type=\"button.default\">\n\t\t\t\t<div class=\"elementor-widget-container\">\n\t\t\t\t\t\t\t\t\t<div class=\"elementor-button-wrapper\">\n\t\t\t\t\t<a class=\"elementor-button elementor-button-link elementor-size-sm elementor-animation-grow\" href=\"https:\/\/havusnow.com\/fi\/sustainable-technology\/\">\n\t\t\t\t\t\t<span class=\"elementor-button-content-wrapper\">\n\t\t\t\t\t\t<span class=\"elementor-button-icon\">\n\t\t\t\t<i aria-hidden=\"true\" class=\"fas fa-arrow-right\"><\/i>\t\t\t<\/span>\n\t\t\t\t\t\t\t\t\t<span class=\"elementor-button-text\">Lue lis\u00e4\u00e4<\/span>\n\t\t\t\t\t<\/span>\n\t\t\t\t\t<\/a>\n\t\t\t\t<\/div>\n\t\t\t\t\t\t\t\t<\/div>\n\t\t\t\t<\/div>\n\t\t\t\t\t<\/div>\n\t\t<\/div>\n\t\t\t\t\t<\/div>\n\t\t<\/section>\n\t\t\t\t<\/div>","protected":false},"excerpt":{"rendered":"<p>Sustainably with ampliTex\u2122\ufe0f The climate crisis is an existential threat that cannot be ignored. We must radically reduce carbon emissions to stop the global warming.&nbsp; At HAVU Snow, we\u2019ve been innovating the secrets of sustainable ski manufacturing for over 6 years. Since the very first pair of skis. Our never ending passion is to make [&hellip;]<\/p>\n","protected":false},"author":3,"featured_media":0,"parent":0,"menu_order":0,"comment_status":"closed","ping_status":"closed","template":"","meta":{"nf_dc_page":"","footnotes":""},"class_list":["post-3003","page","type-page","status-publish","hentry","entry","owp-thumbs-layout-horizontal","owp-btn-normal","owp-tabs-layout-horizontal","has-no-thumbnails","has-product-nav","circle-sale"],"yoast_head":"<!-- This site is optimized with the Yoast SEO plugin v27.2 - https:\/\/yoast.com\/product\/yoast-seo-wordpress\/ -->\n<title>Sustainably With ampliTex\u2122\ufe0f - HAVU Snow<\/title>\n<meta name=\"description\" content=\"Sustainably with ampliTex\u2122\ufe0f The climate crisis is an existential threat that cannot be ignored. We must radically reduce carbon emissions to stop the\" \/>\n<meta name=\"robots\" content=\"index, follow, max-snippet:-1, max-image-preview:large, max-video-preview:-1\" \/>\n<link rel=\"canonical\" href=\"https:\/\/havusnow.com\/fi\/sustainably-with-amplitex\ufe0f\/\" \/>\n<meta property=\"og:locale\" content=\"fi_FI\" \/>\n<meta property=\"og:type\" content=\"article\" \/>\n<meta property=\"og:title\" content=\"Sustainably With ampliTex\u2122\ufe0f - HAVU Snow\" \/>\n<meta property=\"og:description\" content=\"Sustainably with ampliTex\u2122\ufe0f The climate crisis is an existential threat that cannot be ignored. We must radically reduce carbon emissions to stop the\" \/>\n<meta property=\"og:url\" content=\"https:\/\/havusnow.com\/fi\/sustainably-with-amplitex\ufe0f\/\" \/>\n<meta property=\"og:site_name\" content=\"HAVU Snow\" \/>\n<meta property=\"article:publisher\" content=\"https:\/\/www.facebook.com\/Havu-Snow-105382571245950\" \/>\n<meta property=\"article:modified_time\" content=\"2023-01-13T12:49:21+00:00\" \/>\n<meta property=\"og:image\" content=\"https:\/\/havusnow.com\/wp-content\/uploads\/2021\/10\/factory-1-1024x768.jpg\" \/>\n<meta name=\"twitter:card\" content=\"summary_large_image\" \/>\n<meta name=\"twitter:label1\" content=\"Arvioitu lukuaika\" \/>\n\t<meta name=\"twitter:data1\" content=\"2 minuuttia\" \/>\n<script type=\"application\/ld+json\" class=\"yoast-schema-graph\">{\"@context\":\"https:\/\/schema.org\",\"@graph\":[{\"@type\":\"WebPage\",\"@id\":\"https:\/\/havusnow.com\/sustainably-with-amplitex%ef%b8%8f\/\",\"url\":\"https:\/\/havusnow.com\/sustainably-with-amplitex%ef%b8%8f\/\",\"name\":\"Sustainably With ampliTex\u2122\ufe0f - HAVU Snow\",\"isPartOf\":{\"@id\":\"https:\/\/havusnow.com\/#website\"},\"primaryImageOfPage\":{\"@id\":\"https:\/\/havusnow.com\/sustainably-with-amplitex%ef%b8%8f\/#primaryimage\"},\"image\":{\"@id\":\"https:\/\/havusnow.com\/sustainably-with-amplitex%ef%b8%8f\/#primaryimage\"},\"thumbnailUrl\":\"https:\/\/havusnow.com\/wp-content\/uploads\/2021\/10\/factory-1-1024x768.jpg\",\"datePublished\":\"2022-11-29T17:48:18+00:00\",\"dateModified\":\"2023-01-13T12:49:21+00:00\",\"description\":\"Sustainably with ampliTex\u2122\ufe0f The climate crisis is an existential threat that cannot be ignored. We must radically reduce carbon emissions to stop the\",\"breadcrumb\":{\"@id\":\"https:\/\/havusnow.com\/sustainably-with-amplitex%ef%b8%8f\/#breadcrumb\"},\"inLanguage\":\"fi\",\"potentialAction\":[{\"@type\":\"ReadAction\",\"target\":[\"https:\/\/havusnow.com\/sustainably-with-amplitex%ef%b8%8f\/\"]}]},{\"@type\":\"ImageObject\",\"inLanguage\":\"fi\",\"@id\":\"https:\/\/havusnow.com\/sustainably-with-amplitex%ef%b8%8f\/#primaryimage\",\"url\":\"https:\/\/havusnow.com\/wp-content\/uploads\/2021\/10\/factory-1-1024x768.jpg\",\"contentUrl\":\"https:\/\/havusnow.com\/wp-content\/uploads\/2021\/10\/factory-1-1024x768.jpg\"},{\"@type\":\"BreadcrumbList\",\"@id\":\"https:\/\/havusnow.com\/sustainably-with-amplitex%ef%b8%8f\/#breadcrumb\",\"itemListElement\":[{\"@type\":\"ListItem\",\"position\":1,\"name\":\"Home\",\"item\":\"https:\/\/havusnow.com\/\"},{\"@type\":\"ListItem\",\"position\":2,\"name\":\"Sustainably With ampliTex\u2122\ufe0f\"}]},{\"@type\":\"WebSite\",\"@id\":\"https:\/\/havusnow.com\/#website\",\"url\":\"https:\/\/havusnow.com\/\",\"name\":\"HAVU Snow\",\"description\":\"sustainable skis, boards handmade in Finland\",\"publisher\":{\"@id\":\"https:\/\/havusnow.com\/#organization\"},\"inLanguage\":\"fi\"},{\"@type\":\"Organization\",\"@id\":\"https:\/\/havusnow.com\/#organization\",\"name\":\"Havu Snow\",\"url\":\"https:\/\/havusnow.com\/\",\"logo\":{\"@type\":\"ImageObject\",\"inLanguage\":\"fi\",\"@id\":\"https:\/\/havusnow.com\/#\/schema\/logo\/image\/\",\"url\":\"https:\/\/i0.wp.com\/havusnow.com\/wp-content\/uploads\/2020\/09\/logo.png?fit=847%2C839&ssl=1\",\"contentUrl\":\"https:\/\/i0.wp.com\/havusnow.com\/wp-content\/uploads\/2020\/09\/logo.png?fit=847%2C839&ssl=1\",\"width\":847,\"height\":839,\"caption\":\"Havu Snow\"},\"image\":{\"@id\":\"https:\/\/havusnow.com\/#\/schema\/logo\/image\/\"},\"sameAs\":[\"https:\/\/www.facebook.com\/Havu-Snow-105382571245950\",\"https:\/\/www.instagram.com\/havusnow\/\"]}]}<\/script>\n<!-- \/ Yoast SEO plugin. -->","yoast_head_json":{"title":"Sustainably With ampliTex\u2122\ufe0f - HAVU Snow","description":"Sustainably with ampliTex\u2122\ufe0f The climate crisis is an existential threat that cannot be ignored. We must radically reduce carbon emissions to stop the","robots":{"index":"index","follow":"follow","max-snippet":"max-snippet:-1","max-image-preview":"max-image-preview:large","max-video-preview":"max-video-preview:-1"},"canonical":"https:\/\/havusnow.com\/fi\/sustainably-with-amplitex\ufe0f\/","og_locale":"fi_FI","og_type":"article","og_title":"Sustainably With ampliTex\u2122\ufe0f - HAVU Snow","og_description":"Sustainably with ampliTex\u2122\ufe0f The climate crisis is an existential threat that cannot be ignored. We must radically reduce carbon emissions to stop the","og_url":"https:\/\/havusnow.com\/fi\/sustainably-with-amplitex\ufe0f\/","og_site_name":"HAVU Snow","article_publisher":"https:\/\/www.facebook.com\/Havu-Snow-105382571245950","article_modified_time":"2023-01-13T12:49:21+00:00","og_image":[{"url":"https:\/\/havusnow.com\/wp-content\/uploads\/2021\/10\/factory-1-1024x768.jpg","type":"","width":"","height":""}],"twitter_card":"summary_large_image","twitter_misc":{"Arvioitu lukuaika":"2 minuuttia"},"schema":{"@context":"https:\/\/schema.org","@graph":[{"@type":"WebPage","@id":"https:\/\/havusnow.com\/sustainably-with-amplitex%ef%b8%8f\/","url":"https:\/\/havusnow.com\/sustainably-with-amplitex%ef%b8%8f\/","name":"Sustainably With ampliTex\u2122\ufe0f - HAVU Snow","isPartOf":{"@id":"https:\/\/havusnow.com\/#website"},"primaryImageOfPage":{"@id":"https:\/\/havusnow.com\/sustainably-with-amplitex%ef%b8%8f\/#primaryimage"},"image":{"@id":"https:\/\/havusnow.com\/sustainably-with-amplitex%ef%b8%8f\/#primaryimage"},"thumbnailUrl":"https:\/\/havusnow.com\/wp-content\/uploads\/2021\/10\/factory-1-1024x768.jpg","datePublished":"2022-11-29T17:48:18+00:00","dateModified":"2023-01-13T12:49:21+00:00","description":"Sustainably with ampliTex\u2122\ufe0f The climate crisis is an existential threat that cannot be ignored. We must radically reduce carbon emissions to stop the","breadcrumb":{"@id":"https:\/\/havusnow.com\/sustainably-with-amplitex%ef%b8%8f\/#breadcrumb"},"inLanguage":"fi","potentialAction":[{"@type":"ReadAction","target":["https:\/\/havusnow.com\/sustainably-with-amplitex%ef%b8%8f\/"]}]},{"@type":"ImageObject","inLanguage":"fi","@id":"https:\/\/havusnow.com\/sustainably-with-amplitex%ef%b8%8f\/#primaryimage","url":"https:\/\/havusnow.com\/wp-content\/uploads\/2021\/10\/factory-1-1024x768.jpg","contentUrl":"https:\/\/havusnow.com\/wp-content\/uploads\/2021\/10\/factory-1-1024x768.jpg"},{"@type":"BreadcrumbList","@id":"https:\/\/havusnow.com\/sustainably-with-amplitex%ef%b8%8f\/#breadcrumb","itemListElement":[{"@type":"ListItem","position":1,"name":"Home","item":"https:\/\/havusnow.com\/"},{"@type":"ListItem","position":2,"name":"Sustainably With ampliTex\u2122\ufe0f"}]},{"@type":"WebSite","@id":"https:\/\/havusnow.com\/#website","url":"https:\/\/havusnow.com\/","name":"HAVU Snow","description":"sustainable skis, boards handmade in Finland","publisher":{"@id":"https:\/\/havusnow.com\/#organization"},"inLanguage":"fi"},{"@type":"Organization","@id":"https:\/\/havusnow.com\/#organization","name":"Havu Snow","url":"https:\/\/havusnow.com\/","logo":{"@type":"ImageObject","inLanguage":"fi","@id":"https:\/\/havusnow.com\/#\/schema\/logo\/image\/","url":"https:\/\/i0.wp.com\/havusnow.com\/wp-content\/uploads\/2020\/09\/logo.png?fit=847%2C839&ssl=1","contentUrl":"https:\/\/i0.wp.com\/havusnow.com\/wp-content\/uploads\/2020\/09\/logo.png?fit=847%2C839&ssl=1","width":847,"height":839,"caption":"Havu Snow"},"image":{"@id":"https:\/\/havusnow.com\/#\/schema\/logo\/image\/"},"sameAs":["https:\/\/www.facebook.com\/Havu-Snow-105382571245950","https:\/\/www.instagram.com\/havusnow\/"]}]}},"_links":{"self":[{"href":"https:\/\/havusnow.com\/fi\/wp-json\/wp\/v2\/pages\/3003","targetHints":{"allow":["GET"]}}],"collection":[{"href":"https:\/\/havusnow.com\/fi\/wp-json\/wp\/v2\/pages"}],"about":[{"href":"https:\/\/havusnow.com\/fi\/wp-json\/wp\/v2\/types\/page"}],"author":[{"embeddable":true,"href":"https:\/\/havusnow.com\/fi\/wp-json\/wp\/v2\/users\/3"}],"replies":[{"embeddable":true,"href":"https:\/\/havusnow.com\/fi\/wp-json\/wp\/v2\/comments?post=3003"}],"version-history":[{"count":0,"href":"https:\/\/havusnow.com\/fi\/wp-json\/wp\/v2\/pages\/3003\/revisions"}],"wp:attachment":[{"href":"https:\/\/havusnow.com\/fi\/wp-json\/wp\/v2\/media?parent=3003"}],"curies":[{"name":"wp","href":"https:\/\/api.w.org\/{rel}","templated":true}]}}