{"id":3607,"date":"2023-02-23T07:56:19","date_gmt":"2023-02-23T07:56:19","guid":{"rendered":"https:\/\/havusnow.com\/?page_id=3607"},"modified":"2025-01-16T15:50:32","modified_gmt":"2025-01-16T15:50:32","slug":"maintenance-storage","status":"publish","type":"page","link":"https:\/\/havusnow.com\/fi\/maintenance-storage\/","title":{"rendered":"Maintenance &#038; Storage"},"content":{"rendered":"<div data-elementor-type=\"wp-page\" data-elementor-id=\"3607\" class=\"elementor elementor-3607\">\n\t\t\t\t\t\t<section class=\"elementor-section elementor-top-section elementor-element elementor-element-e7e63e2 elementor-section-full_width elementor-section-height-min-height elementor-section-stretched elementor-section-height-default elementor-section-items-middle\" data-id=\"e7e63e2\" data-element_type=\"section\" data-e-type=\"section\" data-settings=\"{&quot;stretch_section&quot;:&quot;section-stretched&quot;,&quot;background_background&quot;:&quot;classic&quot;}\">\n\t\t\t\t\t\t<div class=\"elementor-container elementor-column-gap-default\">\n\t\t\t\t\t<div class=\"elementor-column elementor-col-100 elementor-top-column elementor-element elementor-element-7f1e578\" data-id=\"7f1e578\" data-element_type=\"column\" data-e-type=\"column\">\n\t\t\t<div class=\"elementor-widget-wrap\">\n\t\t\t\t\t\t\t<\/div>\n\t\t<\/div>\n\t\t\t\t\t<\/div>\n\t\t<\/section>\n\t\t\t\t<section class=\"elementor-section elementor-top-section elementor-element elementor-element-bf3ebc8 elementor-section-boxed elementor-section-height-default elementor-section-height-default\" data-id=\"bf3ebc8\" data-element_type=\"section\" data-e-type=\"section\">\n\t\t\t\t\t\t<div class=\"elementor-container elementor-column-gap-default\">\n\t\t\t\t\t<div class=\"elementor-column elementor-col-100 elementor-top-column elementor-element elementor-element-f20b183\" data-id=\"f20b183\" data-element_type=\"column\" data-e-type=\"column\">\n\t\t\t<div class=\"elementor-widget-wrap elementor-element-populated\">\n\t\t\t\t\t\t<div class=\"elementor-element elementor-element-0bf90dd elementor-widget elementor-widget-heading\" data-id=\"0bf90dd\" data-element_type=\"widget\" data-e-type=\"widget\" data-widget_type=\"heading.default\">\n\t\t\t\t<div class=\"elementor-widget-container\">\n\t\t\t\t\t<h2 class=\"elementor-heading-title elementor-size-default\">Huolto &amp; s\u00e4ilytys<\/h2>\t\t\t\t<\/div>\n\t\t\t\t<\/div>\n\t\t\t\t<div class=\"elementor-element elementor-element-b94b4db elementor-widget elementor-widget-text-editor\" data-id=\"b94b4db\" data-element_type=\"widget\" data-e-type=\"widget\" data-widget_type=\"text-editor.default\">\n\t\t\t\t<div class=\"elementor-widget-container\">\n\t\t\t\t\t\t\t\t\t<p class=\"shg-rich-text shg-theme-text-content\">HAVU-sukset on valmistettu kest\u00e4m\u00e4\u00e4n niiden huolellisesti valittujen materiaalien ansiosta. Merkist\u00e4 riippumatta kaikki sukset kuitenkin vaativat huoltoa pysy\u00e4kseen hyv\u00e4ss\u00e4 kunnossa.<\/p><p class=\"shg-rich-text shg-theme-text-content\">Noudata alla olevia ohjeita maksimoidaksesi suksien k\u00e4ytt\u00f6i\u00e4n ja suorituskyvyn.<\/p>\t\t\t\t\t\t\t\t<\/div>\n\t\t\t\t<\/div>\n\t\t\t\t<div class=\"elementor-element elementor-element-b095ad3 elementor-widget elementor-widget-heading\" data-id=\"b095ad3\" data-element_type=\"widget\" data-e-type=\"widget\" data-widget_type=\"heading.default\">\n\t\t\t\t<div class=\"elementor-widget-container\">\n\t\t\t\t\t<h2 class=\"elementor-heading-title elementor-size-default\">Pid\u00e4 sukset poissa turhasta kosteudesta<\/h2>\t\t\t\t<\/div>\n\t\t\t\t<\/div>\n\t\t\t\t<div class=\"elementor-element elementor-element-e9f20a5 elementor-widget elementor-widget-text-editor\" data-id=\"e9f20a5\" data-element_type=\"widget\" data-e-type=\"widget\" data-widget_type=\"text-editor.default\">\n\t\t\t\t<div class=\"elementor-widget-container\">\n\t\t\t\t\t\t\t\t\t<div>Kun suksia ei k\u00e4ytet\u00e4, niiden s\u00e4ilytt\u00e4minen kuivassa paikassa on helpoin tapa pident\u00e4\u00e4 k\u00e4ytt\u00f6ik\u00e4\u00e4 ja est\u00e4\u00e4 kanttien ruostumista.<\/div><ul><li>Ota tavaksi harjata lumi pois suksista k\u00e4yt\u00f6n j\u00e4lkeen.<\/li><li>Vie sukset kuivumaan l\u00e4mpim\u00e4\u00e4n ja kuivaan paikkaan, esimerkiksi 15-20\u00baC huoneenl\u00e4mp\u00f6\u00f6n sis\u00e4lle.\u00a0<\/li><\/ul>\t\t\t\t\t\t\t\t<\/div>\n\t\t\t\t<\/div>\n\t\t\t\t<div class=\"elementor-element elementor-element-f5a3c47 elementor-widget elementor-widget-heading\" data-id=\"f5a3c47\" data-element_type=\"widget\" data-e-type=\"widget\" data-widget_type=\"heading.default\">\n\t\t\t\t<div class=\"elementor-widget-container\">\n\t\t\t\t\t<h2 class=\"elementor-heading-title elementor-size-default\">Voitele sukset s\u00e4\u00e4nn\u00f6llisesti<\/h2>\t\t\t\t<\/div>\n\t\t\t\t<\/div>\n\t\t\t\t<div class=\"elementor-element elementor-element-80be079 elementor-widget elementor-widget-text-editor\" data-id=\"80be079\" data-element_type=\"widget\" data-e-type=\"widget\" data-widget_type=\"text-editor.default\">\n\t\t\t\t<div class=\"elementor-widget-container\">\n\t\t\t\t\t\t\t\t\t<p>Voidellut sukset luistavat paremmin, ja ovat helpommat, sek\u00e4 hauskemmat k\u00e4ytt\u00e4\u00e4<\/p><ul><li>K\u00e4yt\u00e4 voiteluraudalla levitett\u00e4vi\u00e4 kuumavoiteita tai pastavoiteita. Mik\u00e4 tahansa voide on parempi, kuin ei voidetta ollenkaan.\u00a0\u00a0<\/li><li><strong>Huomio!<\/strong> Jos levit\u00e4t Ahma tai Kettu liukulumikenkiin voidetta voiteluraudalla, v\u00e4lt\u00e4 osumista voiteluraudalla suksien pitokarva-alueeseen, koska l\u00e4mp\u00f6 saattaa vaurioittaa pitokarvaa. Suosittelemmekin n\u00e4iss\u00e4 malleissa k\u00e4ytett\u00e4v\u00e4n pastavoiteita.<\/li><\/ul>\t\t\t\t\t\t\t\t<\/div>\n\t\t\t\t<\/div>\n\t\t\t\t<div class=\"elementor-element elementor-element-6b420a6 elementor-widget elementor-widget-heading\" data-id=\"6b420a6\" data-element_type=\"widget\" data-e-type=\"widget\" data-widget_type=\"heading.default\">\n\t\t\t\t<div class=\"elementor-widget-container\">\n\t\t\t\t\t<h2 class=\"elementor-heading-title elementor-size-default\">V\u00e4lt\u00e4 kivi\u00e4<\/h2>\t\t\t\t<\/div>\n\t\t\t\t<\/div>\n\t\t\t\t<div class=\"elementor-element elementor-element-e930df8 elementor-widget elementor-widget-text-editor\" data-id=\"e930df8\" data-element_type=\"widget\" data-e-type=\"widget\" data-widget_type=\"text-editor.default\">\n\t\t\t\t<div class=\"elementor-widget-container\">\n\t\t\t\t\t\t\t\t\t<ul><li>Jos on tarpeen, pienet naarmut suksen pohjassa on mahdollista t\u00e4ytt\u00e4\u00e4 t\u00e4h\u00e4n tarkoitetulla P-Tex paikkapuikolla.<\/li><li>Syvemm\u00e4t, esimerkiksi puuytimeen asti ulottuvat vauriot on hyv\u00e4 korjauttaa asiantuntevassa suksihuollossa, jottei vesi p\u00e4\u00e4se aiheuttamaan vauriota suksen rakenteelle.<\/li><\/ul>\t\t\t\t\t\t\t\t<\/div>\n\t\t\t\t<\/div>\n\t\t\t\t<div class=\"elementor-element elementor-element-6469c68 elementor-widget elementor-widget-heading\" data-id=\"6469c68\" data-element_type=\"widget\" data-e-type=\"widget\" data-widget_type=\"heading.default\">\n\t\t\t\t<div class=\"elementor-widget-container\">\n\t\t\t\t\t<h2 class=\"elementor-heading-title elementor-size-default\">K\u00e4yt\u00f6ss\u00e4 syntynyt kuluma<\/h2>\t\t\t\t<\/div>\n\t\t\t\t<\/div>\n\t\t\t\t<div class=\"elementor-element elementor-element-3cc52f8 elementor-widget elementor-widget-text-editor\" data-id=\"3cc52f8\" data-element_type=\"widget\" data-e-type=\"widget\" data-widget_type=\"text-editor.default\">\n\t\t\t\t<div class=\"elementor-widget-container\">\n\t\t\t\t\t\t\t\t\t<p>T\u00e4m\u00e4 on asia, jota aiheutuu p\u00e4\u00e4asiassa Freestyle-hiihdossa, sen aiheuttaessa suksille kovia iskuja toisiinsa.<\/p><ul><li>Pienille naarmuille, joita suksien pinnan reunoissa voi esiinty\u00e4, ei tarvitse tehd\u00e4 mit\u00e4\u00e4n.<\/li><li>Syvemm\u00e4t kolot, joissa esimerkiksi pieni pala puuta on lohjennut, voidaan suojata helposti nestem\u00e4isell\u00e4 pikaliimalla. Lis\u00e4\u00e4 vain muutama tippa liimaa ja anna kuivua.\u00a0<\/li><\/ul>\t\t\t\t\t\t\t\t<\/div>\n\t\t\t\t<\/div>\n\t\t\t\t<div class=\"elementor-element elementor-element-4ec3102 elementor-widget elementor-widget-heading\" data-id=\"4ec3102\" data-element_type=\"widget\" data-e-type=\"widget\" data-widget_type=\"heading.default\">\n\t\t\t\t<div class=\"elementor-widget-container\">\n\t\t\t\t\t<h2 class=\"elementor-heading-title elementor-size-default\">S\u00e4ilytys sesongin ulkopuolella<\/h2>\t\t\t\t<\/div>\n\t\t\t\t<\/div>\n\t\t\t\t<div class=\"elementor-element elementor-element-43ec95c elementor-widget elementor-widget-text-editor\" data-id=\"43ec95c\" data-element_type=\"widget\" data-e-type=\"widget\" data-widget_type=\"text-editor.default\">\n\t\t\t\t<div class=\"elementor-widget-container\">\n\t\t\t\t\t\t\t\t\t<ul><li>S\u00e4ilyt\u00e4 suksia viile\u00e4ss\u00e4 ja kuivassa paikassa, suojassa auringonvalolta. S\u00e4ilyt\u00e4 sukset niin, ettei niihin kohdistu painetta tai puristusta, joka voisi taivuttaa niit\u00e4. Suositeltu s\u00e4ilytysl\u00e4mp\u00f6tila 15-20\u00baC.<\/li><li>Kuten yleisesti suositellaan, kannattaa kev\u00e4\u00e4ll\u00e4 levitt\u00e4\u00e4 kerros voidetta suksien pohjaan, mutta j\u00e4tt\u00e4\u00e4 se siiklaamatta. T\u00e4m\u00e4 luo kerroksen, joka suojaa pohjaa ja est\u00e4\u00e4  kantteja ruostumasta. Seuraavan talven koittaessa siiklaa voide ja olet valmis rinteeseen.\u00a0<\/li><\/ul>\t\t\t\t\t\t\t\t<\/div>\n\t\t\t\t<\/div>\n\t\t\t\t<div class=\"elementor-element elementor-element-e07b098 elementor-widget elementor-widget-heading\" data-id=\"e07b098\" data-element_type=\"widget\" data-e-type=\"widget\" data-widget_type=\"heading.default\">\n\t\t\t\t<div class=\"elementor-widget-container\">\n\t\t\t\t\t<h2 class=\"elementor-heading-title elementor-size-default\">Sidewallien huolto<\/h2>\t\t\t\t<\/div>\n\t\t\t\t<\/div>\n\t\t\t\t<div class=\"elementor-element elementor-element-4929c72 elementor-widget elementor-widget-text-editor\" data-id=\"4929c72\" data-element_type=\"widget\" data-e-type=\"widget\" data-widget_type=\"text-editor.default\">\n\t\t\t\t<div class=\"elementor-widget-container\">\n\t\t\t\t\t\t\t\t\t<p>HAVU-suksissa olevat kest\u00e4v\u00e4t kovapuu sidewallit on k\u00e4sitelty vedenkest\u00e4viksi puu\u00f6ljyseoksella. Jos tarvitsee, voidaan ne k\u00e4sitell\u00e4 uudelleen parafiini\u00f6ljyll\u00e4. T\u00e4ll\u00f6in k\u00e4yt\u00f6ss\u00e4 haalistunut puu muuttuu kuin uudeksi! Lue lis\u00e4\u00e4 ja katso ohjevideo <strong><a href=\"https:\/\/havusnow.com\/fi\/wood-sidewalls\/\">t\u00e4\u00e4lt\u00e4.<\/a><\/strong><\/p><ul><li>Suksien kylkien pit\u00e4isi s\u00e4ily\u00e4 hyv\u00e4n\u00e4 v\u00e4hint\u00e4\u00e4n 4-5 kautta k\u00e4sittelykertojen v\u00e4lill\u00e4. Normaalilla k\u00e4yt\u00f6ll\u00e4 viel\u00e4kin pidemp\u00e4\u00e4n.\u00a0\u00a0<\/li><li>Ei huolta, t\u00e4m\u00e4 ei ole liian t\u00e4rke\u00e4 asia huolehdittavaksi, jos kuivatat suksesi aina k\u00e4yt\u00f6n j\u00e4lkeen hyvin.\u00a0<\/li><\/ul>\t\t\t\t\t\t\t\t<\/div>\n\t\t\t\t<\/div>\n\t\t\t\t<div class=\"elementor-element elementor-element-d8c4611 elementor-widget elementor-widget-text-editor\" data-id=\"d8c4611\" data-element_type=\"widget\" data-e-type=\"widget\" data-widget_type=\"text-editor.default\">\n\t\t\t\t<div class=\"elementor-widget-container\">\n\t\t\t\t\t\t\t\t\t<div><div><span style=\"font-size: 16.8px; letter-spacing: 0px;\">Suksien hoito on t\u00e4rke\u00e4\u00e4, jos haluat varusteidesi kest\u00e4v\u00e4n, puhumattakaan siit\u00e4, ett\u00e4 se mahdollistaa nautinnollisemman k\u00e4ytt\u00f6kokemuksen. Mit\u00e4 paremmin huolehdit varusteistasi, sit\u00e4 hauskempaa sinulla on niit\u00e4 k\u00e4ytt\u00e4ess\u00e4!<\/span><\/div><\/div>\t\t\t\t\t\t\t\t<\/div>\n\t\t\t\t<\/div>\n\t\t\t\t\t<\/div>\n\t\t<\/div>\n\t\t\t\t\t<\/div>\n\t\t<\/section>\n\t\t\t\t<\/div>","protected":false},"excerpt":{"rendered":"<p>Maintenance &amp; Storage HAVU skis are built tough with the carefully selected quality materials. Nevertheless, all skis from any brand need regular maintenance to stay in good condition. Follow the guidelines below to maximize the life and performance of your skis. Keep Skis Away from Unnecessary Moisture Keeping the moisture out of your skis when [&hellip;]<\/p>\n","protected":false},"author":3,"featured_media":0,"parent":0,"menu_order":0,"comment_status":"closed","ping_status":"closed","template":"","meta":{"nf_dc_page":"","footnotes":""},"class_list":["post-3607","page","type-page","status-publish","hentry","entry","owp-thumbs-layout-horizontal","owp-btn-normal","owp-tabs-layout-horizontal","has-no-thumbnails","has-product-nav","circle-sale"],"yoast_head":"<!-- This site is optimized with the Yoast SEO plugin v27.2 - https:\/\/yoast.com\/product\/yoast-seo-wordpress\/ -->\n<title>Maintenance &amp; Storage - HAVU Snow<\/title>\n<meta name=\"description\" content=\"Maintenance &amp; Storage HAVU skis are built tough with the carefully selected quality materials. Nevertheless, all skis from any brand need regular\" \/>\n<meta name=\"robots\" content=\"index, follow, max-snippet:-1, max-image-preview:large, max-video-preview:-1\" \/>\n<link rel=\"canonical\" href=\"https:\/\/havusnow.com\/fi\/maintenance-storage\/\" \/>\n<meta property=\"og:locale\" content=\"fi_FI\" \/>\n<meta property=\"og:type\" content=\"article\" \/>\n<meta property=\"og:title\" content=\"Maintenance &amp; Storage - HAVU Snow\" \/>\n<meta property=\"og:description\" content=\"Maintenance &amp; Storage HAVU skis are built tough with the carefully selected quality materials. Nevertheless, all skis from any brand need regular\" \/>\n<meta property=\"og:url\" content=\"https:\/\/havusnow.com\/fi\/maintenance-storage\/\" \/>\n<meta property=\"og:site_name\" content=\"HAVU Snow\" \/>\n<meta property=\"article:publisher\" content=\"https:\/\/www.facebook.com\/Havu-Snow-105382571245950\" \/>\n<meta property=\"article:modified_time\" content=\"2025-01-16T15:50:32+00:00\" \/>\n<meta property=\"og:image\" content=\"https:\/\/havusnow.com\/wp-content\/uploads\/2020\/09\/logo.png\" \/>\n\t<meta property=\"og:image:width\" content=\"847\" \/>\n\t<meta property=\"og:image:height\" content=\"839\" \/>\n\t<meta property=\"og:image:type\" content=\"image\/png\" \/>\n<meta name=\"twitter:card\" content=\"summary_large_image\" \/>\n<meta name=\"twitter:label1\" content=\"Arvioitu lukuaika\" \/>\n\t<meta name=\"twitter:data1\" content=\"3 minuuttia\" \/>\n<script type=\"application\/ld+json\" class=\"yoast-schema-graph\">{\"@context\":\"https:\/\/schema.org\",\"@graph\":[{\"@type\":\"WebPage\",\"@id\":\"https:\/\/havusnow.com\/maintenance-storage\/\",\"url\":\"https:\/\/havusnow.com\/maintenance-storage\/\",\"name\":\"Maintenance & Storage - HAVU Snow\",\"isPartOf\":{\"@id\":\"https:\/\/havusnow.com\/#website\"},\"datePublished\":\"2023-02-23T07:56:19+00:00\",\"dateModified\":\"2025-01-16T15:50:32+00:00\",\"description\":\"Maintenance &amp; Storage HAVU skis are built tough with the carefully selected quality materials. Nevertheless, all skis from any brand need regular\",\"breadcrumb\":{\"@id\":\"https:\/\/havusnow.com\/maintenance-storage\/#breadcrumb\"},\"inLanguage\":\"fi\",\"potentialAction\":[{\"@type\":\"ReadAction\",\"target\":[\"https:\/\/havusnow.com\/maintenance-storage\/\"]}]},{\"@type\":\"BreadcrumbList\",\"@id\":\"https:\/\/havusnow.com\/maintenance-storage\/#breadcrumb\",\"itemListElement\":[{\"@type\":\"ListItem\",\"position\":1,\"name\":\"Home\",\"item\":\"https:\/\/havusnow.com\/\"},{\"@type\":\"ListItem\",\"position\":2,\"name\":\"Maintenance &#038; Storage\"}]},{\"@type\":\"WebSite\",\"@id\":\"https:\/\/havusnow.com\/#website\",\"url\":\"https:\/\/havusnow.com\/\",\"name\":\"HAVU Snow\",\"description\":\"sustainable skis, boards handmade in Finland\",\"publisher\":{\"@id\":\"https:\/\/havusnow.com\/#organization\"},\"inLanguage\":\"fi\"},{\"@type\":\"Organization\",\"@id\":\"https:\/\/havusnow.com\/#organization\",\"name\":\"Havu Snow\",\"url\":\"https:\/\/havusnow.com\/\",\"logo\":{\"@type\":\"ImageObject\",\"inLanguage\":\"fi\",\"@id\":\"https:\/\/havusnow.com\/#\/schema\/logo\/image\/\",\"url\":\"https:\/\/i0.wp.com\/havusnow.com\/wp-content\/uploads\/2020\/09\/logo.png?fit=847%2C839&ssl=1\",\"contentUrl\":\"https:\/\/i0.wp.com\/havusnow.com\/wp-content\/uploads\/2020\/09\/logo.png?fit=847%2C839&ssl=1\",\"width\":847,\"height\":839,\"caption\":\"Havu Snow\"},\"image\":{\"@id\":\"https:\/\/havusnow.com\/#\/schema\/logo\/image\/\"},\"sameAs\":[\"https:\/\/www.facebook.com\/Havu-Snow-105382571245950\",\"https:\/\/www.instagram.com\/havusnow\/\"]}]}<\/script>\n<!-- \/ Yoast SEO plugin. -->","yoast_head_json":{"title":"Maintenance & Storage - HAVU Snow","description":"Maintenance &amp; Storage HAVU skis are built tough with the carefully selected quality materials. Nevertheless, all skis from any brand need regular","robots":{"index":"index","follow":"follow","max-snippet":"max-snippet:-1","max-image-preview":"max-image-preview:large","max-video-preview":"max-video-preview:-1"},"canonical":"https:\/\/havusnow.com\/fi\/maintenance-storage\/","og_locale":"fi_FI","og_type":"article","og_title":"Maintenance & Storage - HAVU Snow","og_description":"Maintenance &amp; Storage HAVU skis are built tough with the carefully selected quality materials. Nevertheless, all skis from any brand need regular","og_url":"https:\/\/havusnow.com\/fi\/maintenance-storage\/","og_site_name":"HAVU Snow","article_publisher":"https:\/\/www.facebook.com\/Havu-Snow-105382571245950","article_modified_time":"2025-01-16T15:50:32+00:00","og_image":[{"width":847,"height":839,"url":"https:\/\/havusnow.com\/wp-content\/uploads\/2020\/09\/logo.png","type":"image\/png"}],"twitter_card":"summary_large_image","twitter_misc":{"Arvioitu lukuaika":"3 minuuttia"},"schema":{"@context":"https:\/\/schema.org","@graph":[{"@type":"WebPage","@id":"https:\/\/havusnow.com\/maintenance-storage\/","url":"https:\/\/havusnow.com\/maintenance-storage\/","name":"Maintenance & Storage - HAVU Snow","isPartOf":{"@id":"https:\/\/havusnow.com\/#website"},"datePublished":"2023-02-23T07:56:19+00:00","dateModified":"2025-01-16T15:50:32+00:00","description":"Maintenance &amp; Storage HAVU skis are built tough with the carefully selected quality materials. Nevertheless, all skis from any brand need regular","breadcrumb":{"@id":"https:\/\/havusnow.com\/maintenance-storage\/#breadcrumb"},"inLanguage":"fi","potentialAction":[{"@type":"ReadAction","target":["https:\/\/havusnow.com\/maintenance-storage\/"]}]},{"@type":"BreadcrumbList","@id":"https:\/\/havusnow.com\/maintenance-storage\/#breadcrumb","itemListElement":[{"@type":"ListItem","position":1,"name":"Home","item":"https:\/\/havusnow.com\/"},{"@type":"ListItem","position":2,"name":"Maintenance &#038; Storage"}]},{"@type":"WebSite","@id":"https:\/\/havusnow.com\/#website","url":"https:\/\/havusnow.com\/","name":"HAVU Snow","description":"sustainable skis, boards handmade in Finland","publisher":{"@id":"https:\/\/havusnow.com\/#organization"},"inLanguage":"fi"},{"@type":"Organization","@id":"https:\/\/havusnow.com\/#organization","name":"Havu Snow","url":"https:\/\/havusnow.com\/","logo":{"@type":"ImageObject","inLanguage":"fi","@id":"https:\/\/havusnow.com\/#\/schema\/logo\/image\/","url":"https:\/\/i0.wp.com\/havusnow.com\/wp-content\/uploads\/2020\/09\/logo.png?fit=847%2C839&ssl=1","contentUrl":"https:\/\/i0.wp.com\/havusnow.com\/wp-content\/uploads\/2020\/09\/logo.png?fit=847%2C839&ssl=1","width":847,"height":839,"caption":"Havu Snow"},"image":{"@id":"https:\/\/havusnow.com\/#\/schema\/logo\/image\/"},"sameAs":["https:\/\/www.facebook.com\/Havu-Snow-105382571245950","https:\/\/www.instagram.com\/havusnow\/"]}]}},"_links":{"self":[{"href":"https:\/\/havusnow.com\/fi\/wp-json\/wp\/v2\/pages\/3607","targetHints":{"allow":["GET"]}}],"collection":[{"href":"https:\/\/havusnow.com\/fi\/wp-json\/wp\/v2\/pages"}],"about":[{"href":"https:\/\/havusnow.com\/fi\/wp-json\/wp\/v2\/types\/page"}],"author":[{"embeddable":true,"href":"https:\/\/havusnow.com\/fi\/wp-json\/wp\/v2\/users\/3"}],"replies":[{"embeddable":true,"href":"https:\/\/havusnow.com\/fi\/wp-json\/wp\/v2\/comments?post=3607"}],"version-history":[{"count":0,"href":"https:\/\/havusnow.com\/fi\/wp-json\/wp\/v2\/pages\/3607\/revisions"}],"wp:attachment":[{"href":"https:\/\/havusnow.com\/fi\/wp-json\/wp\/v2\/media?parent=3607"}],"curies":[{"name":"wp","href":"https:\/\/api.w.org\/{rel}","templated":true}]}}