{"id":5441,"date":"2025-05-06T11:55:53","date_gmt":"2025-05-06T11:55:53","guid":{"rendered":"https:\/\/havusnow.com\/?page_id=5441"},"modified":"2025-05-06T15:53:49","modified_gmt":"2025-05-06T15:53:49","slug":"new-ski-press-to-boost-our-production","status":"publish","type":"page","link":"https:\/\/havusnow.com\/fi\/new-ski-press-to-boost-our-production\/","title":{"rendered":"New ski press is ready to boost our production"},"content":{"rendered":"<div data-elementor-type=\"wp-page\" data-elementor-id=\"5441\" class=\"elementor elementor-5441\">\n\t\t\t\t\t\t<section class=\"elementor-section elementor-top-section elementor-element elementor-element-d3a0b0b elementor-section-boxed elementor-section-height-default elementor-section-height-default\" data-id=\"d3a0b0b\" data-element_type=\"section\" data-e-type=\"section\">\n\t\t\t\t\t\t<div class=\"elementor-container elementor-column-gap-default\">\n\t\t\t\t\t<div class=\"elementor-column elementor-col-100 elementor-top-column elementor-element elementor-element-a4b9866\" data-id=\"a4b9866\" data-element_type=\"column\" data-e-type=\"column\">\n\t\t\t<div class=\"elementor-widget-wrap elementor-element-populated\">\n\t\t\t\t\t\t<div class=\"elementor-element elementor-element-a7d407a elementor-widget elementor-widget-heading\" data-id=\"a7d407a\" data-element_type=\"widget\" data-e-type=\"widget\" data-widget_type=\"heading.default\">\n\t\t\t\t<div class=\"elementor-widget-container\">\n\t\t\t\t\t<h2 class=\"elementor-heading-title elementor-size-default\">Uusi suksipr\u00e4ssi tehostamaan tuotantoa.<\/h2>\t\t\t\t<\/div>\n\t\t\t\t<\/div>\n\t\t\t\t\t<\/div>\n\t\t<\/div>\n\t\t\t\t\t<\/div>\n\t\t<\/section>\n\t\t\t\t<section class=\"elementor-section elementor-top-section elementor-element elementor-element-a3d8312 elementor-section-boxed elementor-section-height-default elementor-section-height-default\" data-id=\"a3d8312\" data-element_type=\"section\" data-e-type=\"section\">\n\t\t\t\t\t\t<div class=\"elementor-container elementor-column-gap-default\">\n\t\t\t\t\t<div class=\"elementor-column elementor-col-100 elementor-top-column elementor-element elementor-element-3590b20\" data-id=\"3590b20\" data-element_type=\"column\" data-e-type=\"column\">\n\t\t\t<div class=\"elementor-widget-wrap elementor-element-populated\">\n\t\t\t\t\t\t<div class=\"elementor-element elementor-element-d2fdaa8 elementor-widget elementor-widget-text-editor\" data-id=\"d2fdaa8\" data-element_type=\"widget\" data-e-type=\"widget\" data-widget_type=\"text-editor.default\">\n\t\t\t\t<div class=\"elementor-widget-container\">\n\t\t\t\t\t\t\t\t\t<p>Kun viimeinen pari suksia kaudelle 23-24 valmistui, ty\u00f6t uuden mahtavan suksipr\u00e4ssimme parissa p\u00e4\u00e4siv\u00e4t alkamaan. Emme ainoastaan tee suksia, vaan my\u00f6s valmistuksessa tarvitsemamme koneet, jotta prosessista tulisi mahdollisimman tehokas. T\u00e4m\u00e4 osaltaan parantaa suksiemme ekologisuutta.<\/p><p><strong>Suunniteltu tarpeisiimme.<\/strong><\/p><p>Rakentamalla koneemme itse saamme juuri sit\u00e4 mit\u00e4 tarvitsemme. Pystymme uudella pr\u00e4ssill\u00e4 puristamaan samanaikaisesti 2 paria suksia 20 000 kilogramman paineella tai tarvittaessa lujemmin. T\u00e4m\u00e4n seurauksena suksista tulee eritt\u00e4in lujia ja ne kest\u00e4v\u00e4t todella kovaa k\u00e4ytt\u00f6\u00e4.<\/p><p>Tutustu tuotteisiimme tukeaksesi ty\u00f6t\u00e4, jota teemme!<\/p>\t\t\t\t\t\t\t\t<\/div>\n\t\t\t\t<\/div>\n\t\t\t\t<div class=\"elementor-element elementor-element-7d4fb98 elementor-align-left elementor-widget elementor-widget-button\" data-id=\"7d4fb98\" data-element_type=\"widget\" data-e-type=\"widget\" data-widget_type=\"button.default\">\n\t\t\t\t<div class=\"elementor-widget-container\">\n\t\t\t\t\t\t\t\t\t<div class=\"elementor-button-wrapper\">\n\t\t\t\t\t<a class=\"elementor-button elementor-button-link elementor-size-sm\" href=\"https:\/\/havusnow.com\/fi\/tuote-osasto\/skis\/\">\n\t\t\t\t\t\t<span class=\"elementor-button-content-wrapper\">\n\t\t\t\t\t\t\t\t\t<span class=\"elementor-button-text\">Tutustu<\/span>\n\t\t\t\t\t<\/span>\n\t\t\t\t\t<\/a>\n\t\t\t\t<\/div>\n\t\t\t\t\t\t\t\t<\/div>\n\t\t\t\t<\/div>\n\t\t\t\t\t<\/div>\n\t\t<\/div>\n\t\t\t\t\t<\/div>\n\t\t<\/section>\n\t\t\t\t<\/div>","protected":false},"excerpt":{"rendered":"<p>New ski press to streamline the process. As soon as the last pair of skis for the season 23-24 was finished, we started building our new mighty ski press. We do not only build skis, we also build the equipment to craft the skis as efficiently as possible. This contributes to the sustainability of our [&hellip;]<\/p>\n","protected":false},"author":3,"featured_media":0,"parent":0,"menu_order":0,"comment_status":"closed","ping_status":"closed","template":"elementor_header_footer","meta":{"nf_dc_page":"","footnotes":""},"class_list":["post-5441","page","type-page","status-publish","hentry","entry","owp-thumbs-layout-horizontal","owp-btn-normal","owp-tabs-layout-horizontal","has-no-thumbnails","has-product-nav","circle-sale"],"yoast_head":"<!-- This site is optimized with the Yoast SEO plugin v27.2 - https:\/\/yoast.com\/product\/yoast-seo-wordpress\/ -->\n<title>New ski press is ready to boost our production - HAVU Snow<\/title>\n<meta name=\"description\" content=\"New ski press to streamline the process. As soon as the last pair of skis for the season 23-24 was finished, we started building our new mighty ski press.\" \/>\n<meta name=\"robots\" content=\"index, follow, max-snippet:-1, max-image-preview:large, max-video-preview:-1\" \/>\n<link rel=\"canonical\" href=\"https:\/\/havusnow.com\/fi\/new-ski-press-to-boost-our-production\/\" \/>\n<meta property=\"og:locale\" content=\"fi_FI\" \/>\n<meta property=\"og:type\" content=\"article\" \/>\n<meta property=\"og:title\" content=\"New ski press is ready to boost our production - HAVU Snow\" \/>\n<meta property=\"og:description\" content=\"New ski press to streamline the process. As soon as the last pair of skis for the season 23-24 was finished, we started building our new mighty ski press.\" \/>\n<meta property=\"og:url\" content=\"https:\/\/havusnow.com\/fi\/new-ski-press-to-boost-our-production\/\" \/>\n<meta property=\"og:site_name\" content=\"HAVU Snow\" \/>\n<meta property=\"article:publisher\" content=\"https:\/\/www.facebook.com\/Havu-Snow-105382571245950\" \/>\n<meta property=\"article:modified_time\" content=\"2025-05-06T15:53:49+00:00\" \/>\n<meta property=\"og:image\" content=\"https:\/\/havusnow.com\/wp-content\/uploads\/2020\/09\/logo.png\" \/>\n\t<meta property=\"og:image:width\" content=\"847\" \/>\n\t<meta property=\"og:image:height\" content=\"839\" \/>\n\t<meta property=\"og:image:type\" content=\"image\/png\" \/>\n<meta name=\"twitter:card\" content=\"summary_large_image\" \/>\n<meta name=\"twitter:label1\" content=\"Arvioitu lukuaika\" \/>\n\t<meta name=\"twitter:data1\" content=\"1 minuutti\" \/>\n<script type=\"application\/ld+json\" class=\"yoast-schema-graph\">{\"@context\":\"https:\/\/schema.org\",\"@graph\":[{\"@type\":\"WebPage\",\"@id\":\"https:\/\/havusnow.com\/new-ski-press-to-boost-our-production\/\",\"url\":\"https:\/\/havusnow.com\/new-ski-press-to-boost-our-production\/\",\"name\":\"New ski press is ready to boost our production - HAVU Snow\",\"isPartOf\":{\"@id\":\"https:\/\/havusnow.com\/#website\"},\"datePublished\":\"2025-05-06T11:55:53+00:00\",\"dateModified\":\"2025-05-06T15:53:49+00:00\",\"description\":\"New ski press to streamline the process. As soon as the last pair of skis for the season 23-24 was finished, we started building our new mighty ski press.\",\"breadcrumb\":{\"@id\":\"https:\/\/havusnow.com\/new-ski-press-to-boost-our-production\/#breadcrumb\"},\"inLanguage\":\"fi\",\"potentialAction\":[{\"@type\":\"ReadAction\",\"target\":[\"https:\/\/havusnow.com\/new-ski-press-to-boost-our-production\/\"]}]},{\"@type\":\"BreadcrumbList\",\"@id\":\"https:\/\/havusnow.com\/new-ski-press-to-boost-our-production\/#breadcrumb\",\"itemListElement\":[{\"@type\":\"ListItem\",\"position\":1,\"name\":\"Home\",\"item\":\"https:\/\/havusnow.com\/\"},{\"@type\":\"ListItem\",\"position\":2,\"name\":\"New ski press is ready to boost our production\"}]},{\"@type\":\"WebSite\",\"@id\":\"https:\/\/havusnow.com\/#website\",\"url\":\"https:\/\/havusnow.com\/\",\"name\":\"HAVU Snow\",\"description\":\"sustainable skis, boards handmade in Finland\",\"publisher\":{\"@id\":\"https:\/\/havusnow.com\/#organization\"},\"inLanguage\":\"fi\"},{\"@type\":\"Organization\",\"@id\":\"https:\/\/havusnow.com\/#organization\",\"name\":\"Havu Snow\",\"url\":\"https:\/\/havusnow.com\/\",\"logo\":{\"@type\":\"ImageObject\",\"inLanguage\":\"fi\",\"@id\":\"https:\/\/havusnow.com\/#\/schema\/logo\/image\/\",\"url\":\"https:\/\/i0.wp.com\/havusnow.com\/wp-content\/uploads\/2020\/09\/logo.png?fit=847%2C839&ssl=1\",\"contentUrl\":\"https:\/\/i0.wp.com\/havusnow.com\/wp-content\/uploads\/2020\/09\/logo.png?fit=847%2C839&ssl=1\",\"width\":847,\"height\":839,\"caption\":\"Havu Snow\"},\"image\":{\"@id\":\"https:\/\/havusnow.com\/#\/schema\/logo\/image\/\"},\"sameAs\":[\"https:\/\/www.facebook.com\/Havu-Snow-105382571245950\",\"https:\/\/www.instagram.com\/havusnow\/\"]}]}<\/script>\n<!-- \/ Yoast SEO plugin. -->","yoast_head_json":{"title":"New ski press is ready to boost our production - HAVU Snow","description":"New ski press to streamline the process. As soon as the last pair of skis for the season 23-24 was finished, we started building our new mighty ski press.","robots":{"index":"index","follow":"follow","max-snippet":"max-snippet:-1","max-image-preview":"max-image-preview:large","max-video-preview":"max-video-preview:-1"},"canonical":"https:\/\/havusnow.com\/fi\/new-ski-press-to-boost-our-production\/","og_locale":"fi_FI","og_type":"article","og_title":"New ski press is ready to boost our production - HAVU Snow","og_description":"New ski press to streamline the process. As soon as the last pair of skis for the season 23-24 was finished, we started building our new mighty ski press.","og_url":"https:\/\/havusnow.com\/fi\/new-ski-press-to-boost-our-production\/","og_site_name":"HAVU Snow","article_publisher":"https:\/\/www.facebook.com\/Havu-Snow-105382571245950","article_modified_time":"2025-05-06T15:53:49+00:00","og_image":[{"width":847,"height":839,"url":"https:\/\/havusnow.com\/wp-content\/uploads\/2020\/09\/logo.png","type":"image\/png"}],"twitter_card":"summary_large_image","twitter_misc":{"Arvioitu lukuaika":"1 minuutti"},"schema":{"@context":"https:\/\/schema.org","@graph":[{"@type":"WebPage","@id":"https:\/\/havusnow.com\/new-ski-press-to-boost-our-production\/","url":"https:\/\/havusnow.com\/new-ski-press-to-boost-our-production\/","name":"New ski press is ready to boost our production - HAVU Snow","isPartOf":{"@id":"https:\/\/havusnow.com\/#website"},"datePublished":"2025-05-06T11:55:53+00:00","dateModified":"2025-05-06T15:53:49+00:00","description":"New ski press to streamline the process. As soon as the last pair of skis for the season 23-24 was finished, we started building our new mighty ski press.","breadcrumb":{"@id":"https:\/\/havusnow.com\/new-ski-press-to-boost-our-production\/#breadcrumb"},"inLanguage":"fi","potentialAction":[{"@type":"ReadAction","target":["https:\/\/havusnow.com\/new-ski-press-to-boost-our-production\/"]}]},{"@type":"BreadcrumbList","@id":"https:\/\/havusnow.com\/new-ski-press-to-boost-our-production\/#breadcrumb","itemListElement":[{"@type":"ListItem","position":1,"name":"Home","item":"https:\/\/havusnow.com\/"},{"@type":"ListItem","position":2,"name":"New ski press is ready to boost our production"}]},{"@type":"WebSite","@id":"https:\/\/havusnow.com\/#website","url":"https:\/\/havusnow.com\/","name":"HAVU Snow","description":"sustainable skis, boards handmade in Finland","publisher":{"@id":"https:\/\/havusnow.com\/#organization"},"inLanguage":"fi"},{"@type":"Organization","@id":"https:\/\/havusnow.com\/#organization","name":"Havu Snow","url":"https:\/\/havusnow.com\/","logo":{"@type":"ImageObject","inLanguage":"fi","@id":"https:\/\/havusnow.com\/#\/schema\/logo\/image\/","url":"https:\/\/i0.wp.com\/havusnow.com\/wp-content\/uploads\/2020\/09\/logo.png?fit=847%2C839&ssl=1","contentUrl":"https:\/\/i0.wp.com\/havusnow.com\/wp-content\/uploads\/2020\/09\/logo.png?fit=847%2C839&ssl=1","width":847,"height":839,"caption":"Havu Snow"},"image":{"@id":"https:\/\/havusnow.com\/#\/schema\/logo\/image\/"},"sameAs":["https:\/\/www.facebook.com\/Havu-Snow-105382571245950","https:\/\/www.instagram.com\/havusnow\/"]}]}},"_links":{"self":[{"href":"https:\/\/havusnow.com\/fi\/wp-json\/wp\/v2\/pages\/5441","targetHints":{"allow":["GET"]}}],"collection":[{"href":"https:\/\/havusnow.com\/fi\/wp-json\/wp\/v2\/pages"}],"about":[{"href":"https:\/\/havusnow.com\/fi\/wp-json\/wp\/v2\/types\/page"}],"author":[{"embeddable":true,"href":"https:\/\/havusnow.com\/fi\/wp-json\/wp\/v2\/users\/3"}],"replies":[{"embeddable":true,"href":"https:\/\/havusnow.com\/fi\/wp-json\/wp\/v2\/comments?post=5441"}],"version-history":[{"count":0,"href":"https:\/\/havusnow.com\/fi\/wp-json\/wp\/v2\/pages\/5441\/revisions"}],"wp:attachment":[{"href":"https:\/\/havusnow.com\/fi\/wp-json\/wp\/v2\/media?parent=5441"}],"curies":[{"name":"wp","href":"https:\/\/api.w.org\/{rel}","templated":true}]}}