{"id":803,"date":"2020-08-30T13:50:12","date_gmt":"2020-08-30T13:50:12","guid":{"rendered":"https:\/\/havusnow.com\/?page_id=803"},"modified":"2024-02-22T19:12:46","modified_gmt":"2024-02-22T19:12:46","slug":"wood-sidewalls","status":"publish","type":"page","link":"https:\/\/havusnow.com\/fi\/wood-sidewalls\/","title":{"rendered":"Puiset sidewallit"},"content":{"rendered":"<div data-elementor-type=\"wp-page\" data-elementor-id=\"803\" class=\"elementor elementor-803\">\n\t\t\t\t\t\t<section class=\"elementor-section elementor-top-section elementor-element elementor-element-1d10620 elementor-section-boxed elementor-section-height-default elementor-section-height-default\" data-id=\"1d10620\" data-element_type=\"section\" data-e-type=\"section\">\n\t\t\t\t\t\t<div class=\"elementor-container elementor-column-gap-default\">\n\t\t\t\t\t<div class=\"elementor-column elementor-col-100 elementor-top-column elementor-element elementor-element-244dcc7\" data-id=\"244dcc7\" data-element_type=\"column\" data-e-type=\"column\">\n\t\t\t<div class=\"elementor-widget-wrap elementor-element-populated\">\n\t\t\t\t\t\t<div class=\"elementor-element elementor-element-3221afc elementor-widget elementor-widget-heading\" data-id=\"3221afc\" data-element_type=\"widget\" data-e-type=\"widget\" data-widget_type=\"heading.default\">\n\t\t\t\t<div class=\"elementor-widget-container\">\n\t\t\t\t\t<h2 class=\"elementor-heading-title elementor-size-default\">Puiset sidewallit<\/h2>\t\t\t\t<\/div>\n\t\t\t\t<\/div>\n\t\t\t\t<div class=\"elementor-element elementor-element-9bd0f80 elementor-widget elementor-widget-text-editor\" data-id=\"9bd0f80\" data-element_type=\"widget\" data-e-type=\"widget\" data-widget_type=\"text-editor.default\">\n\t\t\t\t<div class=\"elementor-widget-container\">\n\t\t\t\t\t\t\t\t\t<p>Intohimomme ja pyrkimyksemme on tehd\u00e4 suksistamme niin ymp\u00e4rist\u00f6yst\u00e4v\u00e4llisi\u00e4 ja kest\u00e4vi\u00e4 kuin mahdollista. Yksi monista asioista joka erottaa meid\u00e4t muista valmistajista ovat suksien reunat. Kaikissa suksissamme n\u00e4m\u00e4 ovat kaunista koivua tai vaahteraa. Ne muodostavat l\u00e4hes muovin kaltaisen ja vett\u00e4hylkiv\u00e4n materiaalin, k\u00e4sitelt\u00e4ess\u00e4 kehitt\u00e4m\u00e4ll\u00e4mme puu\u00f6ljyseoksella. Kest\u00e4vyys tekee puusta loistavan valinnan kevyiksi ja kest\u00e4viksi sidewalleiksi loistavalla energian siirrolla ja luonnollisella kanttituntumalla.\u00a0<\/p>\t\t\t\t\t\t\t\t<\/div>\n\t\t\t\t<\/div>\n\t\t\t\t\t<\/div>\n\t\t<\/div>\n\t\t\t\t\t<\/div>\n\t\t<\/section>\n\t\t\t\t<section class=\"elementor-section elementor-top-section elementor-element elementor-element-33e1f0d elementor-hidden-desktop elementor-hidden-tablet elementor-section-boxed elementor-section-height-default elementor-section-height-default\" data-id=\"33e1f0d\" data-element_type=\"section\" data-e-type=\"section\">\n\t\t\t\t\t\t<div class=\"elementor-container elementor-column-gap-default\">\n\t\t\t\t\t<div class=\"elementor-column elementor-col-100 elementor-top-column elementor-element elementor-element-439d9f6\" data-id=\"439d9f6\" data-element_type=\"column\" data-e-type=\"column\" data-settings=\"{&quot;background_background&quot;:&quot;classic&quot;}\">\n\t\t\t<div class=\"elementor-widget-wrap elementor-element-populated\">\n\t\t\t\t\t\t<div class=\"elementor-element elementor-element-f004c2d elementor-widget elementor-widget-video\" data-id=\"f004c2d\" data-element_type=\"widget\" data-e-type=\"widget\" data-settings=\"{&quot;youtube_url&quot;:&quot;https:\\\/\\\/www.youtube.com\\\/watch?v=bMxpW7ZeIjc&quot;,&quot;yt_privacy&quot;:&quot;yes&quot;,&quot;video_type&quot;:&quot;youtube&quot;,&quot;controls&quot;:&quot;yes&quot;}\" data-widget_type=\"video.default\">\n\t\t\t\t<div class=\"elementor-widget-container\">\n\t\t\t\t\t\t\t<div class=\"elementor-wrapper elementor-open-inline\">\n\t\t\t<div class=\"elementor-video\"><\/div>\t\t<\/div>\n\t\t\t\t\t\t<\/div>\n\t\t\t\t<\/div>\n\t\t\t\t\t<\/div>\n\t\t<\/div>\n\t\t\t\t\t<\/div>\n\t\t<\/section>\n\t\t\t\t<section class=\"elementor-section elementor-top-section elementor-element elementor-element-d9103ab elementor-section-boxed elementor-section-height-default elementor-section-height-default\" data-id=\"d9103ab\" data-element_type=\"section\" data-e-type=\"section\">\n\t\t\t\t\t\t<div class=\"elementor-container elementor-column-gap-default\">\n\t\t\t\t\t<div class=\"elementor-column elementor-col-100 elementor-top-column elementor-element elementor-element-8846793\" data-id=\"8846793\" data-element_type=\"column\" data-e-type=\"column\">\n\t\t\t<div class=\"elementor-widget-wrap elementor-element-populated\">\n\t\t\t\t\t\t<div class=\"elementor-element elementor-element-fdf87a1 elementor-widget elementor-widget-text-editor\" data-id=\"fdf87a1\" data-element_type=\"widget\" data-e-type=\"widget\" data-widget_type=\"text-editor.default\">\n\t\t\t\t<div class=\"elementor-widget-container\">\n\t\t\t\t\t\t\t\t\t<p>Vaikka puu saattaa kuulostaa erikoiselta, syy miksi t\u00e4m\u00e4 toimii on se, ett\u00e4 \u00f6ljytty puu ei p\u00e4\u00e4st\u00e4 vett\u00e4 imeytym\u00e4\u00e4n siihen ja kosteudella on vapaa reitti kuivua pois. Tavallisessa muovirakenteessa, mik\u00e4li kosteus p\u00e4\u00e4see puuytimeen, alkaa se lahota, koska sill\u00e4 ei ole reitti\u00e4 kuivua.<\/p><p>Olemme k\u00e4ytt\u00e4neet puisia sidewalleja alusta asti ja p\u00e4\u00e4tyneet siihen tulokseen, ett\u00e4 paras tapa hoitaa niit\u00e4 on k\u00e4sitell\u00e4 ne parafiini\u00f6ljyll\u00e4. Se on helppoa lis\u00e4t\u00e4 uudelleen, ja tuo puun kuvioinnin kauniisti esiin saaden sukset n\u00e4ytt\u00e4m\u00e4\u00e4n kuin uusilta k\u00e4sittelyn j\u00e4lkeen. Parafiini\u00f6ljy\u00e4 saa suurimmasta osasta tavarataloja ja my\u00f6s kauttamme.\u00a0<\/p>\t\t\t\t\t\t\t\t<\/div>\n\t\t\t\t<\/div>\n\t\t\t\t\t<\/div>\n\t\t<\/div>\n\t\t\t\t\t<\/div>\n\t\t<\/section>\n\t\t\t\t<section class=\"elementor-section elementor-top-section elementor-element elementor-element-a0e9cbf elementor-hidden-mobile elementor-section-boxed elementor-section-height-default elementor-section-height-default\" data-id=\"a0e9cbf\" data-element_type=\"section\" data-e-type=\"section\">\n\t\t\t\t\t\t<div class=\"elementor-container elementor-column-gap-default\">\n\t\t\t\t\t<div class=\"elementor-column elementor-col-100 elementor-top-column elementor-element elementor-element-f24fc05\" data-id=\"f24fc05\" data-element_type=\"column\" data-e-type=\"column\" data-settings=\"{&quot;background_background&quot;:&quot;classic&quot;}\">\n\t\t\t<div class=\"elementor-widget-wrap elementor-element-populated\">\n\t\t\t\t\t\t<div class=\"elementor-element elementor-element-674ebc6 elementor-widget elementor-widget-video\" data-id=\"674ebc6\" data-element_type=\"widget\" data-e-type=\"widget\" data-settings=\"{&quot;youtube_url&quot;:&quot;https:\\\/\\\/www.youtube.com\\\/watch?v=JcDrAGL_yrk&quot;,&quot;yt_privacy&quot;:&quot;yes&quot;,&quot;video_type&quot;:&quot;youtube&quot;,&quot;controls&quot;:&quot;yes&quot;}\" data-widget_type=\"video.default\">\n\t\t\t\t<div class=\"elementor-widget-container\">\n\t\t\t\t\t\t\t<div class=\"elementor-wrapper elementor-open-inline\">\n\t\t\t<div class=\"elementor-video\"><\/div>\t\t<\/div>\n\t\t\t\t\t\t<\/div>\n\t\t\t\t<\/div>\n\t\t\t\t\t<\/div>\n\t\t<\/div>\n\t\t\t\t\t<\/div>\n\t\t<\/section>\n\t\t\t\t<section class=\"elementor-section elementor-top-section elementor-element elementor-element-6d08d96 elementor-section-boxed elementor-section-height-default elementor-section-height-default\" data-id=\"6d08d96\" data-element_type=\"section\" data-e-type=\"section\">\n\t\t\t\t\t\t<div class=\"elementor-container elementor-column-gap-default\">\n\t\t\t\t\t<div class=\"elementor-column elementor-col-100 elementor-top-column elementor-element elementor-element-f72db41\" data-id=\"f72db41\" data-element_type=\"column\" data-e-type=\"column\">\n\t\t\t<div class=\"elementor-widget-wrap elementor-element-populated\">\n\t\t\t\t\t\t<div class=\"elementor-element elementor-element-5ccc278 elementor-widget elementor-widget-text-editor\" data-id=\"5ccc278\" data-element_type=\"widget\" data-e-type=\"widget\" data-widget_type=\"text-editor.default\">\n\t\t\t\t<div class=\"elementor-widget-container\">\n\t\t\t\t\t\t\t\t\t<p>Vaadittava huolto on minimaalista. T\u00e4m\u00e4n voi tehd\u00e4 kerran 2-3 vuodessa, tai harvemmin. Tietenk\u00e4\u00e4n useampi kerta ei aiheuta haittaa, varsinkaan jos suksia k\u00e4ytet\u00e4\u00e4n paljon m\u00e4riss\u00e4 olosuhteissa. T\u00e4rkeint\u00e4 on vied\u00e4 sukset laskup\u00e4iv\u00e4n j\u00e4lkeen l\u00e4mpim\u00e4\u00e4n kuivumaan. Meill\u00e4 on suksia joiden reunoja ei ole \u00f6ljytty moneen kauteen ja ne ovat silti hyv\u00e4ss\u00e4 kunnossa. Puu on kest\u00e4v\u00e4mp\u00e4\u00e4 kuin uskotkaan!<\/p>\t\t\t\t\t\t\t\t<\/div>\n\t\t\t\t<\/div>\n\t\t\t\t<div class=\"elementor-element elementor-element-d56cb5f elementor-widget elementor-widget-heading\" data-id=\"d56cb5f\" data-element_type=\"widget\" data-e-type=\"widget\" data-widget_type=\"heading.default\">\n\t\t\t\t<div class=\"elementor-widget-container\">\n\t\t\t\t\t<h2 class=\"elementor-heading-title elementor-size-default\">Helpot ohjeet sidewallien huoltoon.<\/h2>\t\t\t\t<\/div>\n\t\t\t\t<\/div>\n\t\t\t\t<div class=\"elementor-element elementor-element-3dcad33 elementor-widget elementor-widget-text-editor\" data-id=\"3dcad33\" data-element_type=\"widget\" data-e-type=\"widget\" data-widget_type=\"text-editor.default\">\n\t\t\t\t<div class=\"elementor-widget-container\">\n\t\t\t\t\t\t\t\t\t<ol><li>Anna suksien kuivua l\u00e4mpim\u00e4ss\u00e4<\/li><li>Lis\u00e4\u00e4 parafiini\u00f6ljy\u00e4 paperilla tai r\u00e4till\u00e4<\/li><li>Anna sidewallien kuivua 10 minuuttia tai kauemmin<\/li><li>Pyyhi ylim\u00e4\u00e4r\u00e4inen \u00f6ljy pois. Valmista tuli!<\/li><\/ol>\t\t\t\t\t\t\t\t<\/div>\n\t\t\t\t<\/div>\n\t\t\t\t\t<\/div>\n\t\t<\/div>\n\t\t\t\t\t<\/div>\n\t\t<\/section>\n\t\t\t\t<\/div>","protected":false},"excerpt":{"rendered":"<p>Wood Sidewalls We are on a continual push to find more ways to make our skis better for the planet without sacrificing their durability. One of many aspects that sets us apart from other manufacturers are the sidewalls. All of our skis are built with beautiful Maple or Birch sidewalls. They form a plastic like [&hellip;]<\/p>\n","protected":false},"author":3,"featured_media":0,"parent":0,"menu_order":0,"comment_status":"closed","ping_status":"closed","template":"","meta":{"nf_dc_page":"","footnotes":""},"class_list":["post-803","page","type-page","status-publish","hentry","entry","owp-thumbs-layout-horizontal","owp-btn-normal","owp-tabs-layout-horizontal","has-no-thumbnails","has-product-nav","circle-sale"],"yoast_head":"<!-- This site is optimized with the Yoast SEO plugin v27.2 - https:\/\/yoast.com\/product\/yoast-seo-wordpress\/ -->\n<title>Wood Sidewalls - Maintenancing<\/title>\n<meta name=\"description\" content=\"Wood Sidewalls We are on a continual push to find more ways to make our skis better for the planet without sacrificing their durability. One of many\" \/>\n<meta name=\"robots\" content=\"index, follow, max-snippet:-1, max-image-preview:large, max-video-preview:-1\" \/>\n<link rel=\"canonical\" href=\"https:\/\/havusnow.com\/fi\/wood-sidewalls\/\" \/>\n<meta property=\"og:locale\" content=\"fi_FI\" \/>\n<meta property=\"og:type\" content=\"article\" \/>\n<meta property=\"og:title\" content=\"Wood Sidewalls - Maintenancing\" \/>\n<meta property=\"og:description\" content=\"Wood Sidewalls We are on a continual push to find more ways to make our skis better for the planet without sacrificing their durability. One of many\" \/>\n<meta property=\"og:url\" content=\"https:\/\/havusnow.com\/fi\/wood-sidewalls\/\" \/>\n<meta property=\"og:site_name\" content=\"HAVU Snow\" \/>\n<meta property=\"article:publisher\" content=\"https:\/\/www.facebook.com\/Havu-Snow-105382571245950\" \/>\n<meta property=\"article:modified_time\" content=\"2024-02-22T19:12:46+00:00\" \/>\n<meta property=\"og:image\" content=\"https:\/\/havusnow.com\/wp-content\/uploads\/2020\/09\/logo.png\" \/>\n\t<meta property=\"og:image:width\" content=\"847\" \/>\n\t<meta property=\"og:image:height\" content=\"839\" \/>\n\t<meta property=\"og:image:type\" content=\"image\/png\" \/>\n<meta name=\"twitter:card\" content=\"summary_large_image\" \/>\n<meta name=\"twitter:label1\" content=\"Arvioitu lukuaika\" \/>\n\t<meta name=\"twitter:data1\" content=\"2 minuuttia\" \/>\n<script type=\"application\/ld+json\" class=\"yoast-schema-graph\">{\"@context\":\"https:\/\/schema.org\",\"@graph\":[{\"@type\":\"WebPage\",\"@id\":\"https:\/\/havusnow.com\/wood-sidewalls\/\",\"url\":\"https:\/\/havusnow.com\/wood-sidewalls\/\",\"name\":\"Wood Sidewalls - Maintenancing\",\"isPartOf\":{\"@id\":\"https:\/\/havusnow.com\/#website\"},\"datePublished\":\"2020-08-30T13:50:12+00:00\",\"dateModified\":\"2024-02-22T19:12:46+00:00\",\"description\":\"Wood Sidewalls We are on a continual push to find more ways to make our skis better for the planet without sacrificing their durability. One of many\",\"breadcrumb\":{\"@id\":\"https:\/\/havusnow.com\/wood-sidewalls\/#breadcrumb\"},\"inLanguage\":\"fi\",\"potentialAction\":[{\"@type\":\"ReadAction\",\"target\":[\"https:\/\/havusnow.com\/wood-sidewalls\/\"]}]},{\"@type\":\"BreadcrumbList\",\"@id\":\"https:\/\/havusnow.com\/wood-sidewalls\/#breadcrumb\",\"itemListElement\":[{\"@type\":\"ListItem\",\"position\":1,\"name\":\"Home\",\"item\":\"https:\/\/havusnow.com\/\"},{\"@type\":\"ListItem\",\"position\":2,\"name\":\"Wood Sidewalls\"}]},{\"@type\":\"WebSite\",\"@id\":\"https:\/\/havusnow.com\/#website\",\"url\":\"https:\/\/havusnow.com\/\",\"name\":\"HAVU Snow\",\"description\":\"sustainable skis, boards handmade in Finland\",\"publisher\":{\"@id\":\"https:\/\/havusnow.com\/#organization\"},\"inLanguage\":\"fi\"},{\"@type\":\"Organization\",\"@id\":\"https:\/\/havusnow.com\/#organization\",\"name\":\"Havu Snow\",\"url\":\"https:\/\/havusnow.com\/\",\"logo\":{\"@type\":\"ImageObject\",\"inLanguage\":\"fi\",\"@id\":\"https:\/\/havusnow.com\/#\/schema\/logo\/image\/\",\"url\":\"https:\/\/i0.wp.com\/havusnow.com\/wp-content\/uploads\/2020\/09\/logo.png?fit=847%2C839&ssl=1\",\"contentUrl\":\"https:\/\/i0.wp.com\/havusnow.com\/wp-content\/uploads\/2020\/09\/logo.png?fit=847%2C839&ssl=1\",\"width\":847,\"height\":839,\"caption\":\"Havu Snow\"},\"image\":{\"@id\":\"https:\/\/havusnow.com\/#\/schema\/logo\/image\/\"},\"sameAs\":[\"https:\/\/www.facebook.com\/Havu-Snow-105382571245950\",\"https:\/\/www.instagram.com\/havusnow\/\"]}]}<\/script>\n<!-- \/ Yoast SEO plugin. -->","yoast_head_json":{"title":"Wood Sidewalls - Maintenancing","description":"Wood Sidewalls We are on a continual push to find more ways to make our skis better for the planet without sacrificing their durability. One of many","robots":{"index":"index","follow":"follow","max-snippet":"max-snippet:-1","max-image-preview":"max-image-preview:large","max-video-preview":"max-video-preview:-1"},"canonical":"https:\/\/havusnow.com\/fi\/wood-sidewalls\/","og_locale":"fi_FI","og_type":"article","og_title":"Wood Sidewalls - Maintenancing","og_description":"Wood Sidewalls We are on a continual push to find more ways to make our skis better for the planet without sacrificing their durability. One of many","og_url":"https:\/\/havusnow.com\/fi\/wood-sidewalls\/","og_site_name":"HAVU Snow","article_publisher":"https:\/\/www.facebook.com\/Havu-Snow-105382571245950","article_modified_time":"2024-02-22T19:12:46+00:00","og_image":[{"width":847,"height":839,"url":"https:\/\/havusnow.com\/wp-content\/uploads\/2020\/09\/logo.png","type":"image\/png"}],"twitter_card":"summary_large_image","twitter_misc":{"Arvioitu lukuaika":"2 minuuttia"},"schema":{"@context":"https:\/\/schema.org","@graph":[{"@type":"WebPage","@id":"https:\/\/havusnow.com\/wood-sidewalls\/","url":"https:\/\/havusnow.com\/wood-sidewalls\/","name":"Wood Sidewalls - Maintenancing","isPartOf":{"@id":"https:\/\/havusnow.com\/#website"},"datePublished":"2020-08-30T13:50:12+00:00","dateModified":"2024-02-22T19:12:46+00:00","description":"Wood Sidewalls We are on a continual push to find more ways to make our skis better for the planet without sacrificing their durability. One of many","breadcrumb":{"@id":"https:\/\/havusnow.com\/wood-sidewalls\/#breadcrumb"},"inLanguage":"fi","potentialAction":[{"@type":"ReadAction","target":["https:\/\/havusnow.com\/wood-sidewalls\/"]}]},{"@type":"BreadcrumbList","@id":"https:\/\/havusnow.com\/wood-sidewalls\/#breadcrumb","itemListElement":[{"@type":"ListItem","position":1,"name":"Home","item":"https:\/\/havusnow.com\/"},{"@type":"ListItem","position":2,"name":"Wood Sidewalls"}]},{"@type":"WebSite","@id":"https:\/\/havusnow.com\/#website","url":"https:\/\/havusnow.com\/","name":"HAVU Snow","description":"sustainable skis, boards handmade in Finland","publisher":{"@id":"https:\/\/havusnow.com\/#organization"},"inLanguage":"fi"},{"@type":"Organization","@id":"https:\/\/havusnow.com\/#organization","name":"Havu Snow","url":"https:\/\/havusnow.com\/","logo":{"@type":"ImageObject","inLanguage":"fi","@id":"https:\/\/havusnow.com\/#\/schema\/logo\/image\/","url":"https:\/\/i0.wp.com\/havusnow.com\/wp-content\/uploads\/2020\/09\/logo.png?fit=847%2C839&ssl=1","contentUrl":"https:\/\/i0.wp.com\/havusnow.com\/wp-content\/uploads\/2020\/09\/logo.png?fit=847%2C839&ssl=1","width":847,"height":839,"caption":"Havu Snow"},"image":{"@id":"https:\/\/havusnow.com\/#\/schema\/logo\/image\/"},"sameAs":["https:\/\/www.facebook.com\/Havu-Snow-105382571245950","https:\/\/www.instagram.com\/havusnow\/"]}]}},"_links":{"self":[{"href":"https:\/\/havusnow.com\/fi\/wp-json\/wp\/v2\/pages\/803","targetHints":{"allow":["GET"]}}],"collection":[{"href":"https:\/\/havusnow.com\/fi\/wp-json\/wp\/v2\/pages"}],"about":[{"href":"https:\/\/havusnow.com\/fi\/wp-json\/wp\/v2\/types\/page"}],"author":[{"embeddable":true,"href":"https:\/\/havusnow.com\/fi\/wp-json\/wp\/v2\/users\/3"}],"replies":[{"embeddable":true,"href":"https:\/\/havusnow.com\/fi\/wp-json\/wp\/v2\/comments?post=803"}],"version-history":[{"count":0,"href":"https:\/\/havusnow.com\/fi\/wp-json\/wp\/v2\/pages\/803\/revisions"}],"wp:attachment":[{"href":"https:\/\/havusnow.com\/fi\/wp-json\/wp\/v2\/media?parent=803"}],"curies":[{"name":"wp","href":"https:\/\/api.w.org\/{rel}","templated":true}]}}