{"id":1347,"date":"2021-01-22T13:15:56","date_gmt":"2021-01-22T13:15:56","guid":{"rendered":"https:\/\/havusnow.com\/?post_type=product&#038;p=1347"},"modified":"2026-04-09T17:48:24","modified_gmt":"2026-04-09T17:48:24","slug":"havu-ahma-skis","status":"publish","type":"product","link":"https:\/\/havusnow.com\/fi\/tuote\/havu-ahma-skis\/","title":{"rendered":"HAVU Ahma liukulumikeng\u00e4t"},"content":{"rendered":"<p><em>Puun yksil\u00f6llisyyden takia suksien pinnan v\u00e4ri tai kuvio voivat poiketa kuvista.<\/em><\/p>\n<p>Tutki paikkoja tavalla, jolla et ole ennen pystynyt! HAVU Ahma liukulumikeng\u00e4t ovat eritt\u00e4in hauska ja vaivaton tapa liikkua lumisissa metsiss\u00e4 ja pelloilla. Kiipe\u00e4 m\u00e4et yl\u00f6s kuten lumikengill\u00e4 ja laskettele alas. Perinteisten puusuksien uusi aikakausi!<\/p>\n<p>Valmistettu kuten ymp\u00e4rist\u00f6yst\u00e4v\u00e4lliset laskettelusuksemme! Suksien rakenteeseen sis\u00e4ltyv\u00e4t t\u00e4yspuuydin oman mets\u00e4mme puusta, eritt\u00e4in kest\u00e4v\u00e4 mattalakattu puupinta, metalliset kantit, sek\u00e4 kierr\u00e4tetty pohjamateriaali. Luonnonmateriaaleja on jopa 60% suksien rakenteesta. Ainutlaatuinen ulkon\u00e4k\u00f6, korkea laatu ja taattu kest\u00e4vyys aiheuttaen mahdollisimman v\u00e4h\u00e4n haittaa luonnolle!<\/p>\n<p>Suksien mukana valmiiksi asennettuna helppok\u00e4ytt\u00f6iset ja laadukkaat Haghus yleissiteet 36-45 kokoisille kengille.<\/p>\n<p>Puuytimen ansiosta suksiin voi halutessaan asentaa my\u00f6s muuntyyppiset er\u00e4siteet.<\/p>\n<p>Huolellisesti testattu ja valmistettu Suomessa.<\/p>\n<p><strong>Yksityiskohdat<\/strong><\/p>\n<p>Pituus: 152cm<\/p>\n<p>Pohjassa korkealaatuinen Yhdysvalloissa valmistettu Mohair\/Nylon mix pitokarva. V\u00e4ri harmaa tai musta  (saattaa vaihdella saatavuuden mukaan).<\/p>\n<p>Ydin  | 100% oman mets\u00e4mme Koivu ja Kuusi<\/p>\n<p>Pohja | Paksu kierr\u00e4tetty UHMW-PE muovi metallikanteilla<\/p>","protected":false},"excerpt":{"rendered":"<p><em>Varastossa olevat sukset siteill\u00e4 l\u00e4hetet\u00e4\u00e4n 1-3 arkip\u00e4iv\u00e4n kuluessa siteiden asennuksen vuoksi. Jos tuote on loppu, valmistusaika noin 3 viikkoa. Tilaa omasi nyt!<\/em><\/p>\n<p>&nbsp;<\/p>","protected":false},"featured_media":6011,"comment_status":"open","ping_status":"closed","template":"","meta":{"nf_dc_page":""},"product_brand":[],"product_cat":[15,42],"product_tag":[],"class_list":{"0":"post-1347","1":"product","2":"type-product","3":"status-publish","4":"has-post-thumbnail","6":"product_cat-products","7":"product_cat-skis","8":"product_shipping_class-long","10":"entry","11":"has-media","13":"first","14":"instock","15":"sale","16":"shipping-taxable","17":"purchasable","18":"product-type-variable","19":"has-default-attributes","20":"has-rating","21":"has-product-nav","22":"col","23":"span_1_of_4","24":"owp-content-center","25":"owp-thumbs-layout-horizontal","26":"owp-btn-normal","27":"owp-tabs-layout-horizontal","29":"circle-sale"},"yoast_head":"<!-- This site is optimized with the Yoast SEO plugin v27.2 - https:\/\/yoast.com\/product\/yoast-seo-wordpress\/ -->\n<title>HAVU Ahma backcountry skis - HAVU Snow<\/title>\n<meta name=\"description\" content=\"In stock skis with bindings will be shipped in 1-3 business days due to the installation of bindings. If out of stock, production time about 3 weeks. Order yours now!  &nbsp;\" \/>\n<meta name=\"robots\" content=\"index, follow, max-snippet:-1, max-image-preview:large, max-video-preview:-1\" \/>\n<link rel=\"canonical\" href=\"https:\/\/havusnow.com\/fi\/tuote\/havu-ahma-skis\/\" \/>\n<meta property=\"og:locale\" content=\"fi_FI\" \/>\n<meta property=\"og:type\" content=\"article\" \/>\n<meta property=\"og:title\" content=\"HAVU Ahma backcountry skis - HAVU Snow\" \/>\n<meta property=\"og:description\" content=\"In stock skis with bindings will be shipped in 1-3 business days due to the installation of bindings. If out of stock, production time about 3 weeks. Order yours now!  &nbsp;\" \/>\n<meta property=\"og:url\" content=\"https:\/\/havusnow.com\/fi\/tuote\/havu-ahma-skis\/\" \/>\n<meta property=\"og:site_name\" content=\"HAVU Snow\" \/>\n<meta property=\"article:publisher\" content=\"https:\/\/www.facebook.com\/Havu-Snow-105382571245950\" \/>\n<meta property=\"article:modified_time\" content=\"2026-04-09T17:48:24+00:00\" \/>\n<meta property=\"og:image\" content=\"https:\/\/havusnow.com\/wp-content\/uploads\/2021\/01\/havuahma26.jpg\" \/>\n\t<meta property=\"og:image:width\" content=\"2000\" \/>\n\t<meta property=\"og:image:height\" content=\"2000\" \/>\n\t<meta property=\"og:image:type\" content=\"image\/jpeg\" \/>\n<meta name=\"twitter:card\" content=\"summary_large_image\" \/>\n<meta name=\"twitter:label1\" content=\"Arvioitu lukuaika\" \/>\n\t<meta name=\"twitter:data1\" content=\"2 minuuttia\" \/>\n<script type=\"application\/ld+json\" class=\"yoast-schema-graph\">{\"@context\":\"https:\/\/schema.org\",\"@graph\":[{\"@type\":\"WebPage\",\"@id\":\"https:\/\/havusnow.com\/product\/havu-ahma-skis\/\",\"url\":\"https:\/\/havusnow.com\/product\/havu-ahma-skis\/\",\"name\":\"HAVU Ahma backcountry skis - HAVU Snow\",\"isPartOf\":{\"@id\":\"https:\/\/havusnow.com\/#website\"},\"primaryImageOfPage\":{\"@id\":\"https:\/\/havusnow.com\/product\/havu-ahma-skis\/#primaryimage\"},\"image\":{\"@id\":\"https:\/\/havusnow.com\/product\/havu-ahma-skis\/#primaryimage\"},\"thumbnailUrl\":\"https:\/\/havusnow.com\/wp-content\/uploads\/2021\/01\/havuahma26.jpg\",\"datePublished\":\"2021-01-22T13:15:56+00:00\",\"dateModified\":\"2026-04-09T17:48:24+00:00\",\"description\":\"In stock skis with bindings will be shipped in 1-3 business days due to the installation of bindings. If out of stock, production time about 3 weeks. Order yours now! &nbsp;\",\"breadcrumb\":{\"@id\":\"https:\/\/havusnow.com\/product\/havu-ahma-skis\/#breadcrumb\"},\"inLanguage\":\"fi\",\"potentialAction\":[{\"@type\":\"ReadAction\",\"target\":[\"https:\/\/havusnow.com\/product\/havu-ahma-skis\/\"]}]},{\"@type\":\"ImageObject\",\"inLanguage\":\"fi\",\"@id\":\"https:\/\/havusnow.com\/product\/havu-ahma-skis\/#primaryimage\",\"url\":\"https:\/\/havusnow.com\/wp-content\/uploads\/2021\/01\/havuahma26.jpg\",\"contentUrl\":\"https:\/\/havusnow.com\/wp-content\/uploads\/2021\/01\/havuahma26.jpg\",\"width\":2000,\"height\":2000},{\"@type\":\"BreadcrumbList\",\"@id\":\"https:\/\/havusnow.com\/product\/havu-ahma-skis\/#breadcrumb\",\"itemListElement\":[{\"@type\":\"ListItem\",\"position\":1,\"name\":\"Home\",\"item\":\"https:\/\/havusnow.com\/\"},{\"@type\":\"ListItem\",\"position\":2,\"name\":\"Products\",\"item\":\"https:\/\/havusnow.com\/products\/\"},{\"@type\":\"ListItem\",\"position\":3,\"name\":\"HAVU Ahma backcountry skis\"}]},{\"@type\":\"WebSite\",\"@id\":\"https:\/\/havusnow.com\/#website\",\"url\":\"https:\/\/havusnow.com\/\",\"name\":\"HAVU Snow\",\"description\":\"sustainable skis, boards handmade in Finland\",\"publisher\":{\"@id\":\"https:\/\/havusnow.com\/#organization\"},\"inLanguage\":\"fi\"},{\"@type\":\"Organization\",\"@id\":\"https:\/\/havusnow.com\/#organization\",\"name\":\"Havu Snow\",\"url\":\"https:\/\/havusnow.com\/\",\"logo\":{\"@type\":\"ImageObject\",\"inLanguage\":\"fi\",\"@id\":\"https:\/\/havusnow.com\/#\/schema\/logo\/image\/\",\"url\":\"https:\/\/i0.wp.com\/havusnow.com\/wp-content\/uploads\/2020\/09\/logo.png?fit=847%2C839&ssl=1\",\"contentUrl\":\"https:\/\/i0.wp.com\/havusnow.com\/wp-content\/uploads\/2020\/09\/logo.png?fit=847%2C839&ssl=1\",\"width\":847,\"height\":839,\"caption\":\"Havu Snow\"},\"image\":{\"@id\":\"https:\/\/havusnow.com\/#\/schema\/logo\/image\/\"},\"sameAs\":[\"https:\/\/www.facebook.com\/Havu-Snow-105382571245950\",\"https:\/\/www.instagram.com\/havusnow\/\"]}]}<\/script>\n<!-- \/ Yoast SEO plugin. -->","yoast_head_json":{"title":"HAVU Ahma backcountry skis - HAVU Snow","description":"Varastossa olevat sukset siteill\u00e4 l\u00e4hetet\u00e4\u00e4n 1-3 arkip\u00e4iv\u00e4n kuluessa siteiden asennuksen vuoksi. Jos tuote on loppu, valmistusaika noin 3 viikkoa. Tilaa omasi nyt!  &nbsp;","robots":{"index":"index","follow":"follow","max-snippet":"max-snippet:-1","max-image-preview":"max-image-preview:large","max-video-preview":"max-video-preview:-1"},"canonical":"https:\/\/havusnow.com\/fi\/tuote\/havu-ahma-skis\/","og_locale":"fi_FI","og_type":"article","og_title":"HAVU Ahma backcountry skis - HAVU Snow","og_description":"In stock skis with bindings will be shipped in 1-3 business days due to the installation of bindings. If out of stock, production time about 3 weeks. Order yours now!  &nbsp;","og_url":"https:\/\/havusnow.com\/fi\/tuote\/havu-ahma-skis\/","og_site_name":"HAVU Snow","article_publisher":"https:\/\/www.facebook.com\/Havu-Snow-105382571245950","article_modified_time":"2026-04-09T17:48:24+00:00","og_image":[{"width":2000,"height":2000,"url":"https:\/\/havusnow.com\/wp-content\/uploads\/2021\/01\/havuahma26.jpg","type":"image\/jpeg"}],"twitter_card":"summary_large_image","twitter_misc":{"Arvioitu lukuaika":"2 minuuttia"},"schema":{"@context":"https:\/\/schema.org","@graph":[{"@type":"WebPage","@id":"https:\/\/havusnow.com\/product\/havu-ahma-skis\/","url":"https:\/\/havusnow.com\/product\/havu-ahma-skis\/","name":"HAVU Ahma backcountry skis - HAVU Snow","isPartOf":{"@id":"https:\/\/havusnow.com\/#website"},"primaryImageOfPage":{"@id":"https:\/\/havusnow.com\/product\/havu-ahma-skis\/#primaryimage"},"image":{"@id":"https:\/\/havusnow.com\/product\/havu-ahma-skis\/#primaryimage"},"thumbnailUrl":"https:\/\/havusnow.com\/wp-content\/uploads\/2021\/01\/havuahma26.jpg","datePublished":"2021-01-22T13:15:56+00:00","dateModified":"2026-04-09T17:48:24+00:00","description":"Varastossa olevat sukset siteill\u00e4 l\u00e4hetet\u00e4\u00e4n 1-3 arkip\u00e4iv\u00e4n kuluessa siteiden asennuksen vuoksi. Jos tuote on loppu, valmistusaika noin 3 viikkoa. Tilaa omasi nyt! &nbsp;","breadcrumb":{"@id":"https:\/\/havusnow.com\/product\/havu-ahma-skis\/#breadcrumb"},"inLanguage":"fi","potentialAction":[{"@type":"ReadAction","target":["https:\/\/havusnow.com\/product\/havu-ahma-skis\/"]}]},{"@type":"ImageObject","inLanguage":"fi","@id":"https:\/\/havusnow.com\/product\/havu-ahma-skis\/#primaryimage","url":"https:\/\/havusnow.com\/wp-content\/uploads\/2021\/01\/havuahma26.jpg","contentUrl":"https:\/\/havusnow.com\/wp-content\/uploads\/2021\/01\/havuahma26.jpg","width":2000,"height":2000},{"@type":"BreadcrumbList","@id":"https:\/\/havusnow.com\/product\/havu-ahma-skis\/#breadcrumb","itemListElement":[{"@type":"ListItem","position":1,"name":"Home","item":"https:\/\/havusnow.com\/"},{"@type":"ListItem","position":2,"name":"Products","item":"https:\/\/havusnow.com\/products\/"},{"@type":"ListItem","position":3,"name":"HAVU Ahma backcountry skis"}]},{"@type":"WebSite","@id":"https:\/\/havusnow.com\/#website","url":"https:\/\/havusnow.com\/","name":"HAVU Snow","description":"sustainable skis, boards handmade in Finland","publisher":{"@id":"https:\/\/havusnow.com\/#organization"},"inLanguage":"fi"},{"@type":"Organization","@id":"https:\/\/havusnow.com\/#organization","name":"Havu Snow","url":"https:\/\/havusnow.com\/","logo":{"@type":"ImageObject","inLanguage":"fi","@id":"https:\/\/havusnow.com\/#\/schema\/logo\/image\/","url":"https:\/\/i0.wp.com\/havusnow.com\/wp-content\/uploads\/2020\/09\/logo.png?fit=847%2C839&ssl=1","contentUrl":"https:\/\/i0.wp.com\/havusnow.com\/wp-content\/uploads\/2020\/09\/logo.png?fit=847%2C839&ssl=1","width":847,"height":839,"caption":"Havu Snow"},"image":{"@id":"https:\/\/havusnow.com\/#\/schema\/logo\/image\/"},"sameAs":["https:\/\/www.facebook.com\/Havu-Snow-105382571245950","https:\/\/www.instagram.com\/havusnow\/"]}]}},"_links":{"self":[{"href":"https:\/\/havusnow.com\/fi\/wp-json\/wp\/v2\/product\/1347","targetHints":{"allow":["GET"]}}],"collection":[{"href":"https:\/\/havusnow.com\/fi\/wp-json\/wp\/v2\/product"}],"about":[{"href":"https:\/\/havusnow.com\/fi\/wp-json\/wp\/v2\/types\/product"}],"replies":[{"embeddable":true,"href":"https:\/\/havusnow.com\/fi\/wp-json\/wp\/v2\/comments?post=1347"}],"wp:featuredmedia":[{"embeddable":true,"href":"https:\/\/havusnow.com\/fi\/wp-json\/wp\/v2\/media\/6011"}],"wp:attachment":[{"href":"https:\/\/havusnow.com\/fi\/wp-json\/wp\/v2\/media?parent=1347"}],"wp:term":[{"taxonomy":"product_brand","embeddable":true,"href":"https:\/\/havusnow.com\/fi\/wp-json\/wp\/v2\/product_brand?post=1347"},{"taxonomy":"product_cat","embeddable":true,"href":"https:\/\/havusnow.com\/fi\/wp-json\/wp\/v2\/product_cat?post=1347"},{"taxonomy":"product_tag","embeddable":true,"href":"https:\/\/havusnow.com\/fi\/wp-json\/wp\/v2\/product_tag?post=1347"}],"curies":[{"name":"wp","href":"https:\/\/api.w.org\/{rel}","templated":true}]}}