{"id":1580,"date":"2021-06-21T11:06:04","date_gmt":"2021-06-21T11:06:04","guid":{"rendered":"https:\/\/havusnow.com\/?post_type=product&#038;p=1580"},"modified":"2026-03-14T08:47:03","modified_gmt":"2026-03-14T08:47:03","slug":"havu-surfer-balance-board","status":"publish","type":"product","link":"https:\/\/havusnow.com\/fi\/tuote\/havu-surfer-balance-board\/","title":{"rendered":"HAVU Surf tasapainolauta"},"content":{"rendered":"<p>HAVU tasapainolautaperheen toinen j\u00e4sen - Surf! Loistava v\u00e4line tasapainon ja koordinaation kehitt\u00e4miseen hauskalla tavalla! Voit opetella sill\u00e4 temppuja, treenata, tai vain pit\u00e4\u00e4 hauskaa tasapainotellen erilaisissa asennoissa. Ideaali laskettelijoille, lumilautailijoille, skeittareille ja kaikille muille, jotka kaipaavat parempaa tasapainoa. Toimii, kokeile itsekin!<\/p>\n<p>Laudan mukana ekologinen ja kest\u00e4v\u00e4 massiivipuurulla! Valmistettu mets\u00e4tuholaisten takia kuolleesta oman mets\u00e4mme kuusesta. Uusi el\u00e4m\u00e4 puuainekselle, jota ei yleens\u00e4 arvosteta!<\/p>\n<p>Laudassa on karhea pinta hyv\u00e4n pidon ja hallinnan takaamiseksi.<\/p>\n<p>Valmistettu tarkasti k\u00e4sin kotimaisesta koivuvanerista verstaallamme. Tehty 100% Suomessa!<\/p>\n<p>Laudan mitat 80cm x 31,5cm.<\/p>\n<p>Rullan halkaisija 110mm. Sopii kaikentasoisille k\u00e4ytt\u00e4jille.<\/p>\n<p>Suositeltu k\u00e4ytt\u00e4j\u00e4n maksimipaino: 120kg<\/p>\n<p><em>Puun yksil\u00f6llisyyden takia, pinnan v\u00e4ri tai kuvio voivat poiketa kuvista.<\/em><\/p>","protected":false},"excerpt":{"rendered":"<p><em>L\u00e4hetysaika 1-3 arkip\u00e4iv\u00e4\u00e4. Tuotteen ollessa loppu, valmistusaika 4-6 ty\u00f6p\u00e4iv\u00e4\u00e4. Osta omasi nyt!<\/em><\/p>","protected":false},"featured_media":1785,"comment_status":"closed","ping_status":"closed","template":"","meta":{"nf_dc_page":""},"product_brand":[],"product_cat":[43,15],"product_tag":[],"class_list":{"0":"post-1580","1":"product","2":"type-product","3":"status-publish","4":"has-post-thumbnail","6":"product_cat-boards","7":"product_cat-products","8":"product_shipping_class-basic","10":"entry","11":"has-media","13":"first","14":"instock","15":"shipping-taxable","16":"purchasable","17":"product-type-variable","18":"has-rating","19":"has-product-nav","20":"col","21":"span_1_of_4","22":"owp-content-center","23":"owp-thumbs-layout-horizontal","24":"owp-btn-normal","25":"owp-tabs-layout-horizontal","27":"circle-sale"},"yoast_head":"<!-- This site is optimized with the Yoast SEO plugin v27.5 - https:\/\/yoast.com\/product\/yoast-seo-wordpress\/ -->\n<title>HAVU Surf Balance Board - HAVU Snow<\/title>\n<meta name=\"description\" content=\"In stock boards will be shipped in 1-3 business days! Production time for backorder colors 4-6 business days. Buy yours now!\" \/>\n<meta name=\"robots\" content=\"index, follow, max-snippet:-1, max-image-preview:large, max-video-preview:-1\" \/>\n<link rel=\"canonical\" href=\"https:\/\/havusnow.com\/fi\/tuote\/havu-surfer-balance-board\/\" \/>\n<meta property=\"og:locale\" content=\"fi_FI\" \/>\n<meta property=\"og:type\" content=\"article\" \/>\n<meta property=\"og:title\" content=\"HAVU Surf Balance Board - HAVU Snow\" \/>\n<meta property=\"og:description\" content=\"In stock boards will be shipped in 1-3 business days! Production time for backorder colors 4-6 business days. Buy yours now!\" \/>\n<meta property=\"og:url\" content=\"https:\/\/havusnow.com\/fi\/tuote\/havu-surfer-balance-board\/\" \/>\n<meta property=\"og:site_name\" content=\"HAVU Snow\" \/>\n<meta property=\"article:publisher\" content=\"https:\/\/www.facebook.com\/Havu-Snow-105382571245950\" \/>\n<meta property=\"article:modified_time\" content=\"2026-03-14T08:47:03+00:00\" \/>\n<meta property=\"og:image\" content=\"https:\/\/havusnow.com\/wp-content\/uploads\/2021\/06\/surfer-balance-1-1.jpg\" \/>\n\t<meta property=\"og:image:width\" content=\"1600\" \/>\n\t<meta property=\"og:image:height\" content=\"1600\" \/>\n\t<meta property=\"og:image:type\" content=\"image\/jpeg\" \/>\n<meta name=\"twitter:card\" content=\"summary_large_image\" \/>\n<meta name=\"twitter:label1\" content=\"Arvioitu lukuaika\" \/>\n\t<meta name=\"twitter:data1\" content=\"1 minuutti\" \/>\n<script type=\"application\/ld+json\" class=\"yoast-schema-graph\">{\"@context\":\"https:\\\/\\\/schema.org\",\"@graph\":[{\"@type\":\"WebPage\",\"@id\":\"https:\\\/\\\/havusnow.com\\\/product\\\/havu-surfer-balance-board\\\/\",\"url\":\"https:\\\/\\\/havusnow.com\\\/product\\\/havu-surfer-balance-board\\\/\",\"name\":\"HAVU Surf Balance Board - HAVU Snow\",\"isPartOf\":{\"@id\":\"https:\\\/\\\/havusnow.com\\\/#website\"},\"primaryImageOfPage\":{\"@id\":\"https:\\\/\\\/havusnow.com\\\/product\\\/havu-surfer-balance-board\\\/#primaryimage\"},\"image\":{\"@id\":\"https:\\\/\\\/havusnow.com\\\/product\\\/havu-surfer-balance-board\\\/#primaryimage\"},\"thumbnailUrl\":\"https:\\\/\\\/havusnow.com\\\/wp-content\\\/uploads\\\/2021\\\/06\\\/surfer-balance-1-1.jpg\",\"datePublished\":\"2021-06-21T11:06:04+00:00\",\"dateModified\":\"2026-03-14T08:47:03+00:00\",\"description\":\"In stock boards will be shipped in 1-3 business days! Production time for backorder colors 4-6 business days. Buy yours now!\",\"breadcrumb\":{\"@id\":\"https:\\\/\\\/havusnow.com\\\/product\\\/havu-surfer-balance-board\\\/#breadcrumb\"},\"inLanguage\":\"fi\",\"potentialAction\":[{\"@type\":\"ReadAction\",\"target\":[\"https:\\\/\\\/havusnow.com\\\/product\\\/havu-surfer-balance-board\\\/\"]}]},{\"@type\":\"ImageObject\",\"inLanguage\":\"fi\",\"@id\":\"https:\\\/\\\/havusnow.com\\\/product\\\/havu-surfer-balance-board\\\/#primaryimage\",\"url\":\"https:\\\/\\\/havusnow.com\\\/wp-content\\\/uploads\\\/2021\\\/06\\\/surfer-balance-1-1.jpg\",\"contentUrl\":\"https:\\\/\\\/havusnow.com\\\/wp-content\\\/uploads\\\/2021\\\/06\\\/surfer-balance-1-1.jpg\",\"width\":1600,\"height\":1600},{\"@type\":\"BreadcrumbList\",\"@id\":\"https:\\\/\\\/havusnow.com\\\/product\\\/havu-surfer-balance-board\\\/#breadcrumb\",\"itemListElement\":[{\"@type\":\"ListItem\",\"position\":1,\"name\":\"Home\",\"item\":\"https:\\\/\\\/havusnow.com\\\/\"},{\"@type\":\"ListItem\",\"position\":2,\"name\":\"Products\",\"item\":\"https:\\\/\\\/havusnow.com\\\/products\\\/\"},{\"@type\":\"ListItem\",\"position\":3,\"name\":\"HAVU Surf Balance Board\"}]},{\"@type\":\"WebSite\",\"@id\":\"https:\\\/\\\/havusnow.com\\\/#website\",\"url\":\"https:\\\/\\\/havusnow.com\\\/\",\"name\":\"HAVU Snow\",\"description\":\"sustainable skis, boards handmade in Finland\",\"publisher\":{\"@id\":\"https:\\\/\\\/havusnow.com\\\/#organization\"},\"inLanguage\":\"fi\"},{\"@type\":\"Organization\",\"@id\":\"https:\\\/\\\/havusnow.com\\\/#organization\",\"name\":\"Havu Snow\",\"url\":\"https:\\\/\\\/havusnow.com\\\/\",\"logo\":{\"@type\":\"ImageObject\",\"inLanguage\":\"fi\",\"@id\":\"https:\\\/\\\/havusnow.com\\\/#\\\/schema\\\/logo\\\/image\\\/\",\"url\":\"https:\\\/\\\/i0.wp.com\\\/havusnow.com\\\/wp-content\\\/uploads\\\/2020\\\/09\\\/logo.png?fit=847%2C839&ssl=1\",\"contentUrl\":\"https:\\\/\\\/i0.wp.com\\\/havusnow.com\\\/wp-content\\\/uploads\\\/2020\\\/09\\\/logo.png?fit=847%2C839&ssl=1\",\"width\":847,\"height\":839,\"caption\":\"Havu Snow\"},\"image\":{\"@id\":\"https:\\\/\\\/havusnow.com\\\/#\\\/schema\\\/logo\\\/image\\\/\"},\"sameAs\":[\"https:\\\/\\\/www.facebook.com\\\/Havu-Snow-105382571245950\",\"https:\\\/\\\/www.instagram.com\\\/havusnow\\\/\"]}]}<\/script>\n<!-- \/ Yoast SEO plugin. -->","yoast_head_json":{"title":"HAVU Surf Balance Board - HAVU Snow","description":"L\u00e4hetysaika 1-3 arkip\u00e4iv\u00e4\u00e4. Tuotteen ollessa loppu, valmistusaika 4-6 ty\u00f6p\u00e4iv\u00e4\u00e4. Osta omasi nyt!","robots":{"index":"index","follow":"follow","max-snippet":"max-snippet:-1","max-image-preview":"max-image-preview:large","max-video-preview":"max-video-preview:-1"},"canonical":"https:\/\/havusnow.com\/fi\/tuote\/havu-surfer-balance-board\/","og_locale":"fi_FI","og_type":"article","og_title":"HAVU Surf Balance Board - HAVU Snow","og_description":"In stock boards will be shipped in 1-3 business days! Production time for backorder colors 4-6 business days. Buy yours now!","og_url":"https:\/\/havusnow.com\/fi\/tuote\/havu-surfer-balance-board\/","og_site_name":"HAVU Snow","article_publisher":"https:\/\/www.facebook.com\/Havu-Snow-105382571245950","article_modified_time":"2026-03-14T08:47:03+00:00","og_image":[{"width":1600,"height":1600,"url":"https:\/\/havusnow.com\/wp-content\/uploads\/2021\/06\/surfer-balance-1-1.jpg","type":"image\/jpeg"}],"twitter_card":"summary_large_image","twitter_misc":{"Arvioitu lukuaika":"1 minuutti"},"schema":{"@context":"https:\/\/schema.org","@graph":[{"@type":"WebPage","@id":"https:\/\/havusnow.com\/product\/havu-surfer-balance-board\/","url":"https:\/\/havusnow.com\/product\/havu-surfer-balance-board\/","name":"HAVU Surf Balance Board - HAVU Snow","isPartOf":{"@id":"https:\/\/havusnow.com\/#website"},"primaryImageOfPage":{"@id":"https:\/\/havusnow.com\/product\/havu-surfer-balance-board\/#primaryimage"},"image":{"@id":"https:\/\/havusnow.com\/product\/havu-surfer-balance-board\/#primaryimage"},"thumbnailUrl":"https:\/\/havusnow.com\/wp-content\/uploads\/2021\/06\/surfer-balance-1-1.jpg","datePublished":"2021-06-21T11:06:04+00:00","dateModified":"2026-03-14T08:47:03+00:00","description":"L\u00e4hetysaika 1-3 arkip\u00e4iv\u00e4\u00e4. Tuotteen ollessa loppu, valmistusaika 4-6 ty\u00f6p\u00e4iv\u00e4\u00e4. Osta omasi nyt!","breadcrumb":{"@id":"https:\/\/havusnow.com\/product\/havu-surfer-balance-board\/#breadcrumb"},"inLanguage":"fi","potentialAction":[{"@type":"ReadAction","target":["https:\/\/havusnow.com\/product\/havu-surfer-balance-board\/"]}]},{"@type":"ImageObject","inLanguage":"fi","@id":"https:\/\/havusnow.com\/product\/havu-surfer-balance-board\/#primaryimage","url":"https:\/\/havusnow.com\/wp-content\/uploads\/2021\/06\/surfer-balance-1-1.jpg","contentUrl":"https:\/\/havusnow.com\/wp-content\/uploads\/2021\/06\/surfer-balance-1-1.jpg","width":1600,"height":1600},{"@type":"BreadcrumbList","@id":"https:\/\/havusnow.com\/product\/havu-surfer-balance-board\/#breadcrumb","itemListElement":[{"@type":"ListItem","position":1,"name":"Home","item":"https:\/\/havusnow.com\/"},{"@type":"ListItem","position":2,"name":"Products","item":"https:\/\/havusnow.com\/products\/"},{"@type":"ListItem","position":3,"name":"HAVU Surf Balance Board"}]},{"@type":"WebSite","@id":"https:\/\/havusnow.com\/#website","url":"https:\/\/havusnow.com\/","name":"HAVU Snow","description":"sustainable skis, boards handmade in Finland","publisher":{"@id":"https:\/\/havusnow.com\/#organization"},"inLanguage":"fi"},{"@type":"Organization","@id":"https:\/\/havusnow.com\/#organization","name":"Havu Snow","url":"https:\/\/havusnow.com\/","logo":{"@type":"ImageObject","inLanguage":"fi","@id":"https:\/\/havusnow.com\/#\/schema\/logo\/image\/","url":"https:\/\/i0.wp.com\/havusnow.com\/wp-content\/uploads\/2020\/09\/logo.png?fit=847%2C839&ssl=1","contentUrl":"https:\/\/i0.wp.com\/havusnow.com\/wp-content\/uploads\/2020\/09\/logo.png?fit=847%2C839&ssl=1","width":847,"height":839,"caption":"Havu Snow"},"image":{"@id":"https:\/\/havusnow.com\/#\/schema\/logo\/image\/"},"sameAs":["https:\/\/www.facebook.com\/Havu-Snow-105382571245950","https:\/\/www.instagram.com\/havusnow\/"]}]}},"_links":{"self":[{"href":"https:\/\/havusnow.com\/fi\/wp-json\/wp\/v2\/product\/1580","targetHints":{"allow":["GET"]}}],"collection":[{"href":"https:\/\/havusnow.com\/fi\/wp-json\/wp\/v2\/product"}],"about":[{"href":"https:\/\/havusnow.com\/fi\/wp-json\/wp\/v2\/types\/product"}],"replies":[{"embeddable":true,"href":"https:\/\/havusnow.com\/fi\/wp-json\/wp\/v2\/comments?post=1580"}],"wp:featuredmedia":[{"embeddable":true,"href":"https:\/\/havusnow.com\/fi\/wp-json\/wp\/v2\/media\/1785"}],"wp:attachment":[{"href":"https:\/\/havusnow.com\/fi\/wp-json\/wp\/v2\/media?parent=1580"}],"wp:term":[{"taxonomy":"product_brand","embeddable":true,"href":"https:\/\/havusnow.com\/fi\/wp-json\/wp\/v2\/product_brand?post=1580"},{"taxonomy":"product_cat","embeddable":true,"href":"https:\/\/havusnow.com\/fi\/wp-json\/wp\/v2\/product_cat?post=1580"},{"taxonomy":"product_tag","embeddable":true,"href":"https:\/\/havusnow.com\/fi\/wp-json\/wp\/v2\/product_tag?post=1580"}],"curies":[{"name":"wp","href":"https:\/\/api.w.org\/{rel}","templated":true}]}}