{"id":1925,"date":"2021-10-28T08:43:33","date_gmt":"2021-10-28T08:43:33","guid":{"rendered":"https:\/\/havusnow.com\/?post_type=product&#038;p=1925"},"modified":"2025-10-13T14:40:43","modified_gmt":"2025-10-13T14:40:43","slug":"havu-ursus","status":"publish","type":"product","link":"https:\/\/havusnow.com\/fi\/tuote\/havu-ursus\/","title":{"rendered":"HAVU Ursus 106"},"content":{"rendered":"<p><em>Puun yksil\u00f6llisyyden takia suksien pinnan v\u00e4ri tai kuvio voivat poiketa kuvista.<\/em><\/p>\n<p>Ursus on monipuolinen all-mountain freeridesuksi, jolla lasket kaikkea vapaalaskukilpailuiden finaaleista Australian talviin. Leikkis\u00e4, mutta energinen suksi, joka on \u00e4\u00e4rimm\u00e4isen hauska temppuilla, mutta silti my\u00f6s loistava laskea rinteess\u00e4. Suksi kelluu hyvin puuterilumessa. Ei ole merkityst\u00e4, miten karua maasto on, leve\u00e4 vy\u00f6t\u00e4r\u00f6 ja reilu rocker k\u00e4rjiss\u00e4 ja kannoissa varmistavat, ettei sinulla ole mit\u00e4\u00e4n syyt\u00e4 hidastaa vauhtia. Leveydest\u00e4\u00e4n huolimatta suksi loistaa parkissa - se on ketter\u00e4, leikkis\u00e4, eritt\u00e4in vakaa ja helppo py\u00f6ri\u00e4 hypyiss\u00e4 ja reileill\u00e4 keveytens\u00e4 ansiosta. Ainoa suksi jonka tarvitset!<\/p>\n<p>Eik\u00e4 siin\u00e4 viel\u00e4 kaikki. T\u00e4m\u00e4 suksi on valmistettu kehitt\u00e4m\u00e4ll\u00e4mme alaa johtavalla <a href=\"https:\/\/havusnow.com\/fi\/sustainable-technology\/\">Bio-rakenteellamme<\/a>. Se koostuu 70% luonnonmateriaaleista. 100% pellavakuituvahvikkeet, puuydin, kest\u00e4v\u00e4t <a href=\"https:\/\/havusnow.com\/fi\/wood-sidewalls\/\">kovapuu sidewallit<\/a> ja aito puuviilupinta antavat sukselle uskomattoman luonnollisen tuntuman ja hyv\u00e4n kest\u00e4vyyden. Kierr\u00e4tetty korkealaatuinen pohjamateriaali on kest\u00e4v\u00e4\u00e4 ja nopeaa pienemm\u00e4ll\u00e4 ymp\u00e4rist\u00f6vaikutuksella. Eritt\u00e4in vakaa ja t\u00e4rin\u00e4vapaa suksi, jossa on reilusti voimaa kaikkialla laskemiseen.<\/p>\n<p>Ekologisesti valmistettu Suomessa. Sukset eiv\u00e4t sis\u00e4ll\u00e4 siteit\u00e4.<\/p>\n<p>Saatavilla my\u00f6s Max-versio, jossa paksumpi pohja ja kantit parhaan kest\u00e4vyyden takaamiseksi. Pohjan v\u00e4ritys on sinist\u00e4 ja mustaa.<\/p>\n<p><strong>Yksityiskohdat\u00a0 <\/strong>(185)<\/p>\n<p>Mitat (mm) | 136-106-127<\/p>\n<p>Paino | 1900g<\/p>\n<p>K\u00e4\u00e4nt\u00f6s\u00e4de | 20m<\/p>\n<p>J\u00e4ykkyys | 7<\/p>\n<p>K\u00e4rjen rocker | 370 mm<\/p>\n<p>Kannan rocker | 310 mm<\/p>\n<p><strong>Rakenne<\/strong><\/p>\n<ul>\n<li><span style=\"color: #000000;\">Vahvikekuidut | 100% luonnollinen Amplitex\u2122\ufe0f pellava<\/span><\/li>\n<li><span style=\"color: #000000;\">Ydin | oman mets\u00e4mme koivu, haapa, vaahtera<\/span><\/li>\n<li><span style=\"color: #000000;\">Bio liima<\/span><\/li>\n<li><span style=\"color: #000000;\">Pohja | Kierr\u00e4tetty Die-Cut 7500 PTex<\/span><\/li>\n<li><span style=\"color: #000000;\">Standardi: 2.2\u00d71.8 mm kantit, Max-versio: 2.2\u00d72.5 mm kantit<\/span><\/li>\n<\/ul>","protected":false},"excerpt":{"rendered":"<p><span style=\"color: #000000;\"><strong>Tilaa nyt! Toimitusaika tuotteen ollessa loppu 2-3 viikkoa.\u00a0<\/strong><\/span><\/p>","protected":false},"featured_media":2084,"comment_status":"open","ping_status":"closed","template":"","meta":{"nf_dc_page":""},"product_brand":[],"product_cat":[15,42],"product_tag":[],"class_list":{"0":"post-1925","1":"product","2":"type-product","3":"status-publish","4":"has-post-thumbnail","6":"product_cat-products","7":"product_cat-skis","8":"product_shipping_class-long","10":"entry","11":"has-media","13":"first","14":"onbackorder","15":"shipping-taxable","16":"purchasable","17":"product-type-variable","18":"has-product-nav","19":"col","20":"span_1_of_4","21":"owp-content-center","22":"owp-thumbs-layout-horizontal","23":"owp-btn-normal","24":"owp-tabs-layout-horizontal","26":"circle-sale"},"yoast_head":"<!-- This site is optimized with the Yoast SEO plugin v27.2 - https:\/\/yoast.com\/product\/yoast-seo-wordpress\/ -->\n<title>HAVU Ursus 106 - HAVU Snow<\/title>\n<meta name=\"description\" content=\"Order now! If out of stock, production time approximately 2-3 weeks.\u00a0\" \/>\n<meta name=\"robots\" content=\"index, follow, max-snippet:-1, max-image-preview:large, max-video-preview:-1\" \/>\n<link rel=\"canonical\" href=\"https:\/\/havusnow.com\/fi\/tuote\/havu-ursus\/\" \/>\n<meta property=\"og:locale\" content=\"fi_FI\" \/>\n<meta property=\"og:type\" content=\"article\" \/>\n<meta property=\"og:title\" content=\"HAVU Ursus 106 - HAVU Snow\" \/>\n<meta property=\"og:description\" content=\"Order now! If out of stock, production time approximately 2-3 weeks.\u00a0\" \/>\n<meta property=\"og:url\" content=\"https:\/\/havusnow.com\/fi\/tuote\/havu-ursus\/\" \/>\n<meta property=\"og:site_name\" content=\"HAVU Snow\" \/>\n<meta property=\"article:publisher\" content=\"https:\/\/www.facebook.com\/Havu-Snow-105382571245950\" \/>\n<meta property=\"article:modified_time\" content=\"2025-10-13T14:40:43+00:00\" \/>\n<meta property=\"og:image\" content=\"https:\/\/havusnow.com\/wp-content\/uploads\/2021\/10\/106-top-2.jpg\" \/>\n\t<meta property=\"og:image:width\" content=\"2000\" \/>\n\t<meta property=\"og:image:height\" content=\"2000\" \/>\n\t<meta property=\"og:image:type\" content=\"image\/jpeg\" \/>\n<meta name=\"twitter:card\" content=\"summary_large_image\" \/>\n<meta name=\"twitter:label1\" content=\"Arvioitu lukuaika\" \/>\n\t<meta name=\"twitter:data1\" content=\"2 minuuttia\" \/>\n<script type=\"application\/ld+json\" class=\"yoast-schema-graph\">{\"@context\":\"https:\/\/schema.org\",\"@graph\":[{\"@type\":\"WebPage\",\"@id\":\"https:\/\/havusnow.com\/product\/havu-ursus\/\",\"url\":\"https:\/\/havusnow.com\/product\/havu-ursus\/\",\"name\":\"HAVU Ursus 106 - HAVU Snow\",\"isPartOf\":{\"@id\":\"https:\/\/havusnow.com\/#website\"},\"primaryImageOfPage\":{\"@id\":\"https:\/\/havusnow.com\/product\/havu-ursus\/#primaryimage\"},\"image\":{\"@id\":\"https:\/\/havusnow.com\/product\/havu-ursus\/#primaryimage\"},\"thumbnailUrl\":\"https:\/\/havusnow.com\/wp-content\/uploads\/2021\/10\/106-top-2.jpg\",\"datePublished\":\"2021-10-28T08:43:33+00:00\",\"dateModified\":\"2025-10-13T14:40:43+00:00\",\"description\":\"Order now! If out of stock, production time approximately 2-3 weeks.\u00a0\",\"breadcrumb\":{\"@id\":\"https:\/\/havusnow.com\/product\/havu-ursus\/#breadcrumb\"},\"inLanguage\":\"fi\",\"potentialAction\":[{\"@type\":\"ReadAction\",\"target\":[\"https:\/\/havusnow.com\/product\/havu-ursus\/\"]}]},{\"@type\":\"ImageObject\",\"inLanguage\":\"fi\",\"@id\":\"https:\/\/havusnow.com\/product\/havu-ursus\/#primaryimage\",\"url\":\"https:\/\/havusnow.com\/wp-content\/uploads\/2021\/10\/106-top-2.jpg\",\"contentUrl\":\"https:\/\/havusnow.com\/wp-content\/uploads\/2021\/10\/106-top-2.jpg\",\"width\":2000,\"height\":2000},{\"@type\":\"BreadcrumbList\",\"@id\":\"https:\/\/havusnow.com\/product\/havu-ursus\/#breadcrumb\",\"itemListElement\":[{\"@type\":\"ListItem\",\"position\":1,\"name\":\"Home\",\"item\":\"https:\/\/havusnow.com\/\"},{\"@type\":\"ListItem\",\"position\":2,\"name\":\"Products\",\"item\":\"https:\/\/havusnow.com\/products\/\"},{\"@type\":\"ListItem\",\"position\":3,\"name\":\"HAVU Ursus 106\"}]},{\"@type\":\"WebSite\",\"@id\":\"https:\/\/havusnow.com\/#website\",\"url\":\"https:\/\/havusnow.com\/\",\"name\":\"HAVU Snow\",\"description\":\"sustainable skis, boards handmade in Finland\",\"publisher\":{\"@id\":\"https:\/\/havusnow.com\/#organization\"},\"inLanguage\":\"fi\"},{\"@type\":\"Organization\",\"@id\":\"https:\/\/havusnow.com\/#organization\",\"name\":\"Havu Snow\",\"url\":\"https:\/\/havusnow.com\/\",\"logo\":{\"@type\":\"ImageObject\",\"inLanguage\":\"fi\",\"@id\":\"https:\/\/havusnow.com\/#\/schema\/logo\/image\/\",\"url\":\"https:\/\/i0.wp.com\/havusnow.com\/wp-content\/uploads\/2020\/09\/logo.png?fit=847%2C839&ssl=1\",\"contentUrl\":\"https:\/\/i0.wp.com\/havusnow.com\/wp-content\/uploads\/2020\/09\/logo.png?fit=847%2C839&ssl=1\",\"width\":847,\"height\":839,\"caption\":\"Havu Snow\"},\"image\":{\"@id\":\"https:\/\/havusnow.com\/#\/schema\/logo\/image\/\"},\"sameAs\":[\"https:\/\/www.facebook.com\/Havu-Snow-105382571245950\",\"https:\/\/www.instagram.com\/havusnow\/\"]}]}<\/script>\n<!-- \/ Yoast SEO plugin. -->","yoast_head_json":{"title":"HAVU Ursus 106 - HAVU Snow","description":"Tilaa nyt! Toimitusaika tuotteen ollessa loppu 2-3 viikkoa.\u00a0","robots":{"index":"index","follow":"follow","max-snippet":"max-snippet:-1","max-image-preview":"max-image-preview:large","max-video-preview":"max-video-preview:-1"},"canonical":"https:\/\/havusnow.com\/fi\/tuote\/havu-ursus\/","og_locale":"fi_FI","og_type":"article","og_title":"HAVU Ursus 106 - HAVU Snow","og_description":"Order now! If out of stock, production time approximately 2-3 weeks.\u00a0","og_url":"https:\/\/havusnow.com\/fi\/tuote\/havu-ursus\/","og_site_name":"HAVU Snow","article_publisher":"https:\/\/www.facebook.com\/Havu-Snow-105382571245950","article_modified_time":"2025-10-13T14:40:43+00:00","og_image":[{"width":2000,"height":2000,"url":"https:\/\/havusnow.com\/wp-content\/uploads\/2021\/10\/106-top-2.jpg","type":"image\/jpeg"}],"twitter_card":"summary_large_image","twitter_misc":{"Arvioitu lukuaika":"2 minuuttia"},"schema":{"@context":"https:\/\/schema.org","@graph":[{"@type":"WebPage","@id":"https:\/\/havusnow.com\/product\/havu-ursus\/","url":"https:\/\/havusnow.com\/product\/havu-ursus\/","name":"HAVU Ursus 106 - HAVU Snow","isPartOf":{"@id":"https:\/\/havusnow.com\/#website"},"primaryImageOfPage":{"@id":"https:\/\/havusnow.com\/product\/havu-ursus\/#primaryimage"},"image":{"@id":"https:\/\/havusnow.com\/product\/havu-ursus\/#primaryimage"},"thumbnailUrl":"https:\/\/havusnow.com\/wp-content\/uploads\/2021\/10\/106-top-2.jpg","datePublished":"2021-10-28T08:43:33+00:00","dateModified":"2025-10-13T14:40:43+00:00","description":"Tilaa nyt! Toimitusaika tuotteen ollessa loppu 2-3 viikkoa.\u00a0","breadcrumb":{"@id":"https:\/\/havusnow.com\/product\/havu-ursus\/#breadcrumb"},"inLanguage":"fi","potentialAction":[{"@type":"ReadAction","target":["https:\/\/havusnow.com\/product\/havu-ursus\/"]}]},{"@type":"ImageObject","inLanguage":"fi","@id":"https:\/\/havusnow.com\/product\/havu-ursus\/#primaryimage","url":"https:\/\/havusnow.com\/wp-content\/uploads\/2021\/10\/106-top-2.jpg","contentUrl":"https:\/\/havusnow.com\/wp-content\/uploads\/2021\/10\/106-top-2.jpg","width":2000,"height":2000},{"@type":"BreadcrumbList","@id":"https:\/\/havusnow.com\/product\/havu-ursus\/#breadcrumb","itemListElement":[{"@type":"ListItem","position":1,"name":"Home","item":"https:\/\/havusnow.com\/"},{"@type":"ListItem","position":2,"name":"Products","item":"https:\/\/havusnow.com\/products\/"},{"@type":"ListItem","position":3,"name":"HAVU Ursus 106"}]},{"@type":"WebSite","@id":"https:\/\/havusnow.com\/#website","url":"https:\/\/havusnow.com\/","name":"HAVU Snow","description":"sustainable skis, boards handmade in Finland","publisher":{"@id":"https:\/\/havusnow.com\/#organization"},"inLanguage":"fi"},{"@type":"Organization","@id":"https:\/\/havusnow.com\/#organization","name":"Havu Snow","url":"https:\/\/havusnow.com\/","logo":{"@type":"ImageObject","inLanguage":"fi","@id":"https:\/\/havusnow.com\/#\/schema\/logo\/image\/","url":"https:\/\/i0.wp.com\/havusnow.com\/wp-content\/uploads\/2020\/09\/logo.png?fit=847%2C839&ssl=1","contentUrl":"https:\/\/i0.wp.com\/havusnow.com\/wp-content\/uploads\/2020\/09\/logo.png?fit=847%2C839&ssl=1","width":847,"height":839,"caption":"Havu Snow"},"image":{"@id":"https:\/\/havusnow.com\/#\/schema\/logo\/image\/"},"sameAs":["https:\/\/www.facebook.com\/Havu-Snow-105382571245950","https:\/\/www.instagram.com\/havusnow\/"]}]}},"_links":{"self":[{"href":"https:\/\/havusnow.com\/fi\/wp-json\/wp\/v2\/product\/1925","targetHints":{"allow":["GET"]}}],"collection":[{"href":"https:\/\/havusnow.com\/fi\/wp-json\/wp\/v2\/product"}],"about":[{"href":"https:\/\/havusnow.com\/fi\/wp-json\/wp\/v2\/types\/product"}],"replies":[{"embeddable":true,"href":"https:\/\/havusnow.com\/fi\/wp-json\/wp\/v2\/comments?post=1925"}],"wp:featuredmedia":[{"embeddable":true,"href":"https:\/\/havusnow.com\/fi\/wp-json\/wp\/v2\/media\/2084"}],"wp:attachment":[{"href":"https:\/\/havusnow.com\/fi\/wp-json\/wp\/v2\/media?parent=1925"}],"wp:term":[{"taxonomy":"product_brand","embeddable":true,"href":"https:\/\/havusnow.com\/fi\/wp-json\/wp\/v2\/product_brand?post=1925"},{"taxonomy":"product_cat","embeddable":true,"href":"https:\/\/havusnow.com\/fi\/wp-json\/wp\/v2\/product_cat?post=1925"},{"taxonomy":"product_tag","embeddable":true,"href":"https:\/\/havusnow.com\/fi\/wp-json\/wp\/v2\/product_tag?post=1925"}],"curies":[{"name":"wp","href":"https:\/\/api.w.org\/{rel}","templated":true}]}}