{"id":2312,"date":"2022-06-30T14:21:10","date_gmt":"2022-06-30T14:21:10","guid":{"rendered":"https:\/\/havusnow.com\/?post_type=product&#038;p=2312"},"modified":"2026-03-18T18:27:08","modified_gmt":"2026-03-18T18:27:08","slug":"one-of-a-kind-balance-board","status":"publish","type":"product","link":"https:\/\/havusnow.com\/fi\/tuote\/one-of-a-kind-balance-board\/","title":{"rendered":"Uniikki HAVU tasapainolauta"},"content":{"rendered":"<p>Kokoelma ainutlaatuisia tasapainolautoja. Jokainen lauta on omanlaisensa, eik\u00e4 niit\u00e4 ole kahta samanlaista! Lautojen pinnassa on kaunis k\u00e4sin koottu puuviilu, joka tuo esiin puun yksil\u00f6llisyyden.<\/p>\n<p>HAVU tasapainolauta on loistava v\u00e4line tasapainon ja koordinaation kehitt\u00e4miseen hauskalla tavalla. Voit opetella sill\u00e4 temppuja, treenata, tai vain pit\u00e4\u00e4 hauskaa tasapainotellen erilaisissa asennoissa. Ideaali laskettelijoille, lumilautailijoille, skeittareille ja kaikille muille, jotka kaipaavat parempaa tasapainoa. Se toimii!<\/p>\n<p>Taatusti ainutlaatuinen! Jokaista mallia on vain yksi ja ainoa kappale, joten ole nopea saadaksesi sen jonka haluat!<\/p>\n<p>Laudassa on karhea pinta hyv\u00e4n pidon ja hallinnan takaamiseksi.<\/p>\n<p>Laudat on valmistettu tarkasti k\u00e4sin kotimaisesta koivuvanerista verstaallamme. Tehty Suomessa!<\/p>\n<p>Tasapainolaudan mukana tulevan rullan halkaisija on 110mm. Sopii kaikentasoisille k\u00e4ytt\u00e4jille.<\/p>\n<p class=\"responsive-video-wrap clr\"><iframe title=\"HAVU balance boards - Handmade in Finland\" width=\"1200\" height=\"675\" src=\"https:\/\/www.youtube.com\/embed\/YvJpa4MOQNo?feature=oembed\" frameborder=\"0\" allow=\"accelerometer; autoplay; clipboard-write; encrypted-media; gyroscope; picture-in-picture; web-share\" referrerpolicy=\"strict-origin-when-cross-origin\" allowfullscreen><\/iframe><\/p>","protected":false},"excerpt":{"rendered":"<p>Kokoelma ainutlaatuisia tasapainolautoja. Jokainen lauta n\u00e4ytt\u00e4\u00e4 yksil\u00f6lliselt\u00e4, eik\u00e4 niit\u00e4 ole kahta samanlaista!<\/p>\n<p><em>Osta omasi nyt!<\/em><\/p>","protected":false},"featured_media":4321,"comment_status":"open","ping_status":"closed","template":"","meta":{"nf_dc_page":""},"product_brand":[],"product_cat":[43,15],"product_tag":[],"class_list":{"0":"post-2312","1":"product","2":"type-product","3":"status-publish","4":"has-post-thumbnail","6":"product_cat-boards","7":"product_cat-products","8":"product_shipping_class-basic","10":"entry","11":"has-media","13":"first","14":"instock","15":"shipping-taxable","16":"purchasable","17":"product-type-variable","18":"has-product-nav","19":"col","20":"span_1_of_4","21":"owp-content-center","22":"owp-thumbs-layout-horizontal","23":"owp-btn-normal","24":"owp-tabs-layout-horizontal","25":"has-no-thumbnails","27":"circle-sale"},"yoast_head":"<!-- This site is optimized with the Yoast SEO plugin v27.2 - https:\/\/yoast.com\/product\/yoast-seo-wordpress\/ -->\n<title>One of a kind HAVU Balance Board - HAVU Snow<\/title>\n<meta name=\"description\" content=\"Limited edition serie of unique balance boards. Designed like no two of them will ever look same!  Buy yours now!\" \/>\n<meta name=\"robots\" content=\"index, follow, max-snippet:-1, max-image-preview:large, max-video-preview:-1\" \/>\n<link rel=\"canonical\" href=\"https:\/\/havusnow.com\/fi\/tuote\/one-of-a-kind-balance-board\/\" \/>\n<meta property=\"og:locale\" content=\"fi_FI\" \/>\n<meta property=\"og:type\" content=\"article\" \/>\n<meta property=\"og:title\" content=\"One of a kind HAVU Balance Board - HAVU Snow\" \/>\n<meta property=\"og:description\" content=\"Limited edition serie of unique balance boards. Designed like no two of them will ever look same!  Buy yours now!\" \/>\n<meta property=\"og:url\" content=\"https:\/\/havusnow.com\/fi\/tuote\/one-of-a-kind-balance-board\/\" \/>\n<meta property=\"og:site_name\" content=\"HAVU Snow\" \/>\n<meta property=\"article:publisher\" content=\"https:\/\/www.facebook.com\/Havu-Snow-105382571245950\" \/>\n<meta property=\"article:modified_time\" content=\"2026-03-18T18:27:08+00:00\" \/>\n<meta property=\"og:image\" content=\"https:\/\/havusnow.com\/wp-content\/uploads\/2022\/06\/surf-uniq-top.jpg\" \/>\n\t<meta property=\"og:image:width\" content=\"2000\" \/>\n\t<meta property=\"og:image:height\" content=\"2000\" \/>\n\t<meta property=\"og:image:type\" content=\"image\/jpeg\" \/>\n<meta name=\"twitter:card\" content=\"summary_large_image\" \/>\n<meta name=\"twitter:label1\" content=\"Arvioitu lukuaika\" \/>\n\t<meta name=\"twitter:data1\" content=\"1 minuutti\" \/>\n<script type=\"application\/ld+json\" class=\"yoast-schema-graph\">{\"@context\":\"https:\/\/schema.org\",\"@graph\":[{\"@type\":\"WebPage\",\"@id\":\"https:\/\/havusnow.com\/product\/one-of-a-kind-balance-board\/\",\"url\":\"https:\/\/havusnow.com\/product\/one-of-a-kind-balance-board\/\",\"name\":\"One of a kind HAVU Balance Board - HAVU Snow\",\"isPartOf\":{\"@id\":\"https:\/\/havusnow.com\/#website\"},\"primaryImageOfPage\":{\"@id\":\"https:\/\/havusnow.com\/product\/one-of-a-kind-balance-board\/#primaryimage\"},\"image\":{\"@id\":\"https:\/\/havusnow.com\/product\/one-of-a-kind-balance-board\/#primaryimage\"},\"thumbnailUrl\":\"https:\/\/havusnow.com\/wp-content\/uploads\/2022\/06\/surf-uniq-top.jpg\",\"datePublished\":\"2022-06-30T14:21:10+00:00\",\"dateModified\":\"2026-03-18T18:27:08+00:00\",\"description\":\"Limited edition serie of unique balance boards. Designed like no two of them will ever look same! Buy yours now!\",\"breadcrumb\":{\"@id\":\"https:\/\/havusnow.com\/product\/one-of-a-kind-balance-board\/#breadcrumb\"},\"inLanguage\":\"fi\",\"potentialAction\":[{\"@type\":\"ReadAction\",\"target\":[\"https:\/\/havusnow.com\/product\/one-of-a-kind-balance-board\/\"]}]},{\"@type\":\"ImageObject\",\"inLanguage\":\"fi\",\"@id\":\"https:\/\/havusnow.com\/product\/one-of-a-kind-balance-board\/#primaryimage\",\"url\":\"https:\/\/havusnow.com\/wp-content\/uploads\/2022\/06\/surf-uniq-top.jpg\",\"contentUrl\":\"https:\/\/havusnow.com\/wp-content\/uploads\/2022\/06\/surf-uniq-top.jpg\",\"width\":2000,\"height\":2000},{\"@type\":\"BreadcrumbList\",\"@id\":\"https:\/\/havusnow.com\/product\/one-of-a-kind-balance-board\/#breadcrumb\",\"itemListElement\":[{\"@type\":\"ListItem\",\"position\":1,\"name\":\"Home\",\"item\":\"https:\/\/havusnow.com\/\"},{\"@type\":\"ListItem\",\"position\":2,\"name\":\"Products\",\"item\":\"https:\/\/havusnow.com\/products\/\"},{\"@type\":\"ListItem\",\"position\":3,\"name\":\"One of a kind HAVU Balance Board\"}]},{\"@type\":\"WebSite\",\"@id\":\"https:\/\/havusnow.com\/#website\",\"url\":\"https:\/\/havusnow.com\/\",\"name\":\"HAVU Snow\",\"description\":\"sustainable skis, boards handmade in Finland\",\"publisher\":{\"@id\":\"https:\/\/havusnow.com\/#organization\"},\"inLanguage\":\"fi\"},{\"@type\":\"Organization\",\"@id\":\"https:\/\/havusnow.com\/#organization\",\"name\":\"Havu Snow\",\"url\":\"https:\/\/havusnow.com\/\",\"logo\":{\"@type\":\"ImageObject\",\"inLanguage\":\"fi\",\"@id\":\"https:\/\/havusnow.com\/#\/schema\/logo\/image\/\",\"url\":\"https:\/\/i0.wp.com\/havusnow.com\/wp-content\/uploads\/2020\/09\/logo.png?fit=847%2C839&ssl=1\",\"contentUrl\":\"https:\/\/i0.wp.com\/havusnow.com\/wp-content\/uploads\/2020\/09\/logo.png?fit=847%2C839&ssl=1\",\"width\":847,\"height\":839,\"caption\":\"Havu Snow\"},\"image\":{\"@id\":\"https:\/\/havusnow.com\/#\/schema\/logo\/image\/\"},\"sameAs\":[\"https:\/\/www.facebook.com\/Havu-Snow-105382571245950\",\"https:\/\/www.instagram.com\/havusnow\/\"]}]}<\/script>\n<!-- \/ Yoast SEO plugin. -->","yoast_head_json":{"title":"One of a kind HAVU Balance Board - HAVU Snow","description":"Limited edition serie of unique balance boards. Designed like no two of them will ever look same!  Buy yours now!","robots":{"index":"index","follow":"follow","max-snippet":"max-snippet:-1","max-image-preview":"max-image-preview:large","max-video-preview":"max-video-preview:-1"},"canonical":"https:\/\/havusnow.com\/fi\/tuote\/one-of-a-kind-balance-board\/","og_locale":"fi_FI","og_type":"article","og_title":"One of a kind HAVU Balance Board - HAVU Snow","og_description":"Limited edition serie of unique balance boards. Designed like no two of them will ever look same!  Buy yours now!","og_url":"https:\/\/havusnow.com\/fi\/tuote\/one-of-a-kind-balance-board\/","og_site_name":"HAVU Snow","article_publisher":"https:\/\/www.facebook.com\/Havu-Snow-105382571245950","article_modified_time":"2026-03-18T18:27:08+00:00","og_image":[{"width":2000,"height":2000,"url":"https:\/\/havusnow.com\/wp-content\/uploads\/2022\/06\/surf-uniq-top.jpg","type":"image\/jpeg"}],"twitter_card":"summary_large_image","twitter_misc":{"Arvioitu lukuaika":"1 minuutti"},"schema":{"@context":"https:\/\/schema.org","@graph":[{"@type":"WebPage","@id":"https:\/\/havusnow.com\/product\/one-of-a-kind-balance-board\/","url":"https:\/\/havusnow.com\/product\/one-of-a-kind-balance-board\/","name":"One of a kind HAVU Balance Board - HAVU Snow","isPartOf":{"@id":"https:\/\/havusnow.com\/#website"},"primaryImageOfPage":{"@id":"https:\/\/havusnow.com\/product\/one-of-a-kind-balance-board\/#primaryimage"},"image":{"@id":"https:\/\/havusnow.com\/product\/one-of-a-kind-balance-board\/#primaryimage"},"thumbnailUrl":"https:\/\/havusnow.com\/wp-content\/uploads\/2022\/06\/surf-uniq-top.jpg","datePublished":"2022-06-30T14:21:10+00:00","dateModified":"2026-03-18T18:27:08+00:00","description":"Limited edition serie of unique balance boards. Designed like no two of them will ever look same! Buy yours now!","breadcrumb":{"@id":"https:\/\/havusnow.com\/product\/one-of-a-kind-balance-board\/#breadcrumb"},"inLanguage":"fi","potentialAction":[{"@type":"ReadAction","target":["https:\/\/havusnow.com\/product\/one-of-a-kind-balance-board\/"]}]},{"@type":"ImageObject","inLanguage":"fi","@id":"https:\/\/havusnow.com\/product\/one-of-a-kind-balance-board\/#primaryimage","url":"https:\/\/havusnow.com\/wp-content\/uploads\/2022\/06\/surf-uniq-top.jpg","contentUrl":"https:\/\/havusnow.com\/wp-content\/uploads\/2022\/06\/surf-uniq-top.jpg","width":2000,"height":2000},{"@type":"BreadcrumbList","@id":"https:\/\/havusnow.com\/product\/one-of-a-kind-balance-board\/#breadcrumb","itemListElement":[{"@type":"ListItem","position":1,"name":"Home","item":"https:\/\/havusnow.com\/"},{"@type":"ListItem","position":2,"name":"Products","item":"https:\/\/havusnow.com\/products\/"},{"@type":"ListItem","position":3,"name":"One of a kind HAVU Balance Board"}]},{"@type":"WebSite","@id":"https:\/\/havusnow.com\/#website","url":"https:\/\/havusnow.com\/","name":"HAVU Snow","description":"sustainable skis, boards handmade in Finland","publisher":{"@id":"https:\/\/havusnow.com\/#organization"},"inLanguage":"fi"},{"@type":"Organization","@id":"https:\/\/havusnow.com\/#organization","name":"Havu Snow","url":"https:\/\/havusnow.com\/","logo":{"@type":"ImageObject","inLanguage":"fi","@id":"https:\/\/havusnow.com\/#\/schema\/logo\/image\/","url":"https:\/\/i0.wp.com\/havusnow.com\/wp-content\/uploads\/2020\/09\/logo.png?fit=847%2C839&ssl=1","contentUrl":"https:\/\/i0.wp.com\/havusnow.com\/wp-content\/uploads\/2020\/09\/logo.png?fit=847%2C839&ssl=1","width":847,"height":839,"caption":"Havu Snow"},"image":{"@id":"https:\/\/havusnow.com\/#\/schema\/logo\/image\/"},"sameAs":["https:\/\/www.facebook.com\/Havu-Snow-105382571245950","https:\/\/www.instagram.com\/havusnow\/"]}]}},"_links":{"self":[{"href":"https:\/\/havusnow.com\/fi\/wp-json\/wp\/v2\/product\/2312","targetHints":{"allow":["GET"]}}],"collection":[{"href":"https:\/\/havusnow.com\/fi\/wp-json\/wp\/v2\/product"}],"about":[{"href":"https:\/\/havusnow.com\/fi\/wp-json\/wp\/v2\/types\/product"}],"replies":[{"embeddable":true,"href":"https:\/\/havusnow.com\/fi\/wp-json\/wp\/v2\/comments?post=2312"}],"wp:featuredmedia":[{"embeddable":true,"href":"https:\/\/havusnow.com\/fi\/wp-json\/wp\/v2\/media\/4321"}],"wp:attachment":[{"href":"https:\/\/havusnow.com\/fi\/wp-json\/wp\/v2\/media?parent=2312"}],"wp:term":[{"taxonomy":"product_brand","embeddable":true,"href":"https:\/\/havusnow.com\/fi\/wp-json\/wp\/v2\/product_brand?post=2312"},{"taxonomy":"product_cat","embeddable":true,"href":"https:\/\/havusnow.com\/fi\/wp-json\/wp\/v2\/product_cat?post=2312"},{"taxonomy":"product_tag","embeddable":true,"href":"https:\/\/havusnow.com\/fi\/wp-json\/wp\/v2\/product_tag?post=2312"}],"curies":[{"name":"wp","href":"https:\/\/api.w.org\/{rel}","templated":true}]}}