{"id":3252,"date":"2023-01-11T12:35:53","date_gmt":"2023-01-11T12:35:53","guid":{"rendered":"https:\/\/havusnow.com\/?post_type=product&#038;p=3252"},"modified":"2026-03-04T11:58:41","modified_gmt":"2026-03-04T11:58:41","slug":"havu-lupus","status":"publish","type":"product","link":"https:\/\/havusnow.com\/fi\/tuote\/havu-lupus\/","title":{"rendered":"HAVU Lupus"},"content":{"rendered":"<p><em>Puun yksil\u00f6llisyyden takia suksien pinnan v\u00e4ri tai kuvio voivat poiketa kuvista.<\/em><\/p>\n<p>HAVU Lupus on t\u00e4\u00e4ll\u00e4! Monipuolinen All-mountain suksi, joka on kotonaan niin rinteess\u00e4, kuin my\u00f6s puuterilumella. Touringretki takamaastoon? Ei ongelmaa. Valmistettu innovatiivisella <a href=\"https:\/\/havusnow.com\/fi\/sustainable-technology\/\">#thegreenskis<\/a> rakenteellamme, jonka pellavakuidun voiman valjastat k\u00e4ytt\u00f6\u00f6n nauttiaksesi uskomattomasta vakaudesta ja ketteryydest\u00e4 kaikissa lumiolosuhteissa suksien keveyden avustamana. Suksen muoto on suunniteltu tasapainoiseksi, ilman tinkimist\u00e4 rinneominaisuuksista. Kapenevat kannat antavat tukea pehme\u00e4ss\u00e4 lumessa ja saavat suksen tuntumaan enemm\u00e4n rinnesukselta. Lyhyt k\u00e4\u00e4nt\u00f6s\u00e4de rohkaisee tiukkoihin k\u00e4\u00e4nn\u00f6ksiin, samalla kun k\u00e4rkien rocker tasoittaa ep\u00e4tasaisuudet reitilt\u00e4.<\/p>\n<p>Lupus on valmistettu innovatiivisella alaa johtavalla <a href=\"https:\/\/havusnow.com\/fi\/sustainable-technology\/\">Bio-rakenteellamme<\/a>. Se koostuu 70% luonnonmateriaaleista. 100% pellavakuituvahvikkeet, puuydin, kest\u00e4v\u00e4t <a href=\"https:\/\/havusnow.com\/fi\/wood-sidewalls\/\">kovapuu sidewallit<\/a> ja aito eritt\u00e4in kest\u00e4v\u00e4ll\u00e4 lakalla pinnoitettu puuviilupinta antavat sukselle uskomattoman luonnollisen tuntuman ja hyv\u00e4n kest\u00e4vyyden. Kierr\u00e4tetty korkealaatuinen pohjamateriaali on kest\u00e4v\u00e4\u00e4 ja nopeaa pienemm\u00e4ll\u00e4 ymp\u00e4rist\u00f6vaikutuksella. T\u00e4m\u00e4 tekee suksesta eritt\u00e4in vakaan ja t\u00e4rin\u00e4vapaan, ja siin\u00e4 on reilusti voimaa laskemiseen kaikissa olosuhteissa.<\/p>\n<p>Ekologisesti valmistettu Suomessa. Sukset eiv\u00e4t sis\u00e4ll\u00e4 siteit\u00e4.<\/p>\n<p><strong>Yksityiskohdat\u00a0 <\/strong>(185)<\/p>\n<p>Mitat (mm) |\u00a0132-102-122<\/p>\n<p>Paino | 1820g<\/p>\n<p>K\u00e4\u00e4nt\u00f6s\u00e4de | 18.2 m<\/p>\n<p>J\u00e4ykkyys | 7<\/p>\n<p>K\u00e4rjen rocker | 320 mm<\/p>\n<p>Kannan rocker | 300 mm<\/p>\n<p><strong>Rakenne<\/strong><\/p>\n<ul>\n<li><span style=\"color: #000000;\">Vahvikekuidut | 100% luonnollinen Amplitex\u2122\ufe0f pellava<\/span><\/li>\n<li><span style=\"color: #000000;\">Ydin | oman mets\u00e4mme koivu, haapa, vaahtera<\/span><\/li>\n<li><span style=\"color: #000000;\">Bio liima<\/span><\/li>\n<li><span style=\"color: #000000;\">Pohja | Kierr\u00e4tetty Die-Cut 7500 PTex<\/span><\/li>\n<li><span style=\"color: #000000;\">2.2\u00d71.8 mm kantit<\/span><\/li>\n<\/ul>","protected":false},"excerpt":{"rendered":"<p><span style=\"color: #000000;\"><strong>Tilaa nyt! Toimitusaika tuotteen ollessa loppu 2-3 viikkoa.\u00a0<\/strong><\/span><\/p>","protected":false},"featured_media":3258,"comment_status":"open","ping_status":"closed","template":"","meta":{"nf_dc_page":""},"product_brand":[],"product_cat":[15,42],"product_tag":[],"class_list":{"0":"post-3252","1":"product","2":"type-product","3":"status-publish","4":"has-post-thumbnail","6":"product_cat-products","7":"product_cat-skis","8":"product_shipping_class-long","10":"entry","11":"has-media","13":"first","14":"onbackorder","15":"shipping-taxable","16":"purchasable","17":"product-type-variable","18":"has-rating","19":"has-product-nav","20":"col","21":"span_1_of_4","22":"owp-content-center","23":"owp-thumbs-layout-horizontal","24":"owp-btn-normal","25":"owp-tabs-layout-horizontal","27":"circle-sale"},"yoast_head":"<!-- This site is optimized with the Yoast SEO plugin v27.2 - https:\/\/yoast.com\/product\/yoast-seo-wordpress\/ -->\n<title>HAVU Lupus - HAVU Snow<\/title>\n<meta name=\"description\" content=\"Order now! If out of stock, production time approximately 2-3 weeks.\u00a0\" \/>\n<meta name=\"robots\" content=\"index, follow, max-snippet:-1, max-image-preview:large, max-video-preview:-1\" \/>\n<link rel=\"canonical\" href=\"https:\/\/havusnow.com\/fi\/tuote\/havu-lupus\/\" \/>\n<meta property=\"og:locale\" content=\"fi_FI\" \/>\n<meta property=\"og:type\" content=\"article\" \/>\n<meta property=\"og:title\" content=\"HAVU Lupus - HAVU Snow\" \/>\n<meta property=\"og:description\" content=\"Order now! If out of stock, production time approximately 2-3 weeks.\u00a0\" \/>\n<meta property=\"og:url\" content=\"https:\/\/havusnow.com\/fi\/tuote\/havu-lupus\/\" \/>\n<meta property=\"og:site_name\" content=\"HAVU Snow\" \/>\n<meta property=\"article:publisher\" content=\"https:\/\/www.facebook.com\/Havu-Snow-105382571245950\" \/>\n<meta property=\"article:modified_time\" content=\"2026-03-04T11:58:41+00:00\" \/>\n<meta property=\"og:image\" content=\"https:\/\/havusnow.com\/wp-content\/uploads\/2023\/01\/lupus-top.jpg\" \/>\n\t<meta property=\"og:image:width\" content=\"2000\" \/>\n\t<meta property=\"og:image:height\" content=\"2000\" \/>\n\t<meta property=\"og:image:type\" content=\"image\/jpeg\" \/>\n<meta name=\"twitter:card\" content=\"summary_large_image\" \/>\n<meta name=\"twitter:label1\" content=\"Arvioitu lukuaika\" \/>\n\t<meta name=\"twitter:data1\" content=\"2 minuuttia\" \/>\n<script type=\"application\/ld+json\" class=\"yoast-schema-graph\">{\"@context\":\"https:\/\/schema.org\",\"@graph\":[{\"@type\":\"WebPage\",\"@id\":\"https:\/\/havusnow.com\/product\/havu-lupus\/\",\"url\":\"https:\/\/havusnow.com\/product\/havu-lupus\/\",\"name\":\"HAVU Lupus - HAVU Snow\",\"isPartOf\":{\"@id\":\"https:\/\/havusnow.com\/#website\"},\"primaryImageOfPage\":{\"@id\":\"https:\/\/havusnow.com\/product\/havu-lupus\/#primaryimage\"},\"image\":{\"@id\":\"https:\/\/havusnow.com\/product\/havu-lupus\/#primaryimage\"},\"thumbnailUrl\":\"https:\/\/havusnow.com\/wp-content\/uploads\/2023\/01\/lupus-top.jpg\",\"datePublished\":\"2023-01-11T12:35:53+00:00\",\"dateModified\":\"2026-03-04T11:58:41+00:00\",\"description\":\"Order now! If out of stock, production time approximately 2-3 weeks.\u00a0\",\"breadcrumb\":{\"@id\":\"https:\/\/havusnow.com\/product\/havu-lupus\/#breadcrumb\"},\"inLanguage\":\"fi\",\"potentialAction\":[{\"@type\":\"ReadAction\",\"target\":[\"https:\/\/havusnow.com\/product\/havu-lupus\/\"]}]},{\"@type\":\"ImageObject\",\"inLanguage\":\"fi\",\"@id\":\"https:\/\/havusnow.com\/product\/havu-lupus\/#primaryimage\",\"url\":\"https:\/\/havusnow.com\/wp-content\/uploads\/2023\/01\/lupus-top.jpg\",\"contentUrl\":\"https:\/\/havusnow.com\/wp-content\/uploads\/2023\/01\/lupus-top.jpg\",\"width\":2000,\"height\":2000},{\"@type\":\"BreadcrumbList\",\"@id\":\"https:\/\/havusnow.com\/product\/havu-lupus\/#breadcrumb\",\"itemListElement\":[{\"@type\":\"ListItem\",\"position\":1,\"name\":\"Home\",\"item\":\"https:\/\/havusnow.com\/\"},{\"@type\":\"ListItem\",\"position\":2,\"name\":\"Products\",\"item\":\"https:\/\/havusnow.com\/products\/\"},{\"@type\":\"ListItem\",\"position\":3,\"name\":\"HAVU Lupus\"}]},{\"@type\":\"WebSite\",\"@id\":\"https:\/\/havusnow.com\/#website\",\"url\":\"https:\/\/havusnow.com\/\",\"name\":\"HAVU Snow\",\"description\":\"sustainable skis, boards handmade in Finland\",\"publisher\":{\"@id\":\"https:\/\/havusnow.com\/#organization\"},\"inLanguage\":\"fi\"},{\"@type\":\"Organization\",\"@id\":\"https:\/\/havusnow.com\/#organization\",\"name\":\"Havu Snow\",\"url\":\"https:\/\/havusnow.com\/\",\"logo\":{\"@type\":\"ImageObject\",\"inLanguage\":\"fi\",\"@id\":\"https:\/\/havusnow.com\/#\/schema\/logo\/image\/\",\"url\":\"https:\/\/i0.wp.com\/havusnow.com\/wp-content\/uploads\/2020\/09\/logo.png?fit=847%2C839&ssl=1\",\"contentUrl\":\"https:\/\/i0.wp.com\/havusnow.com\/wp-content\/uploads\/2020\/09\/logo.png?fit=847%2C839&ssl=1\",\"width\":847,\"height\":839,\"caption\":\"Havu Snow\"},\"image\":{\"@id\":\"https:\/\/havusnow.com\/#\/schema\/logo\/image\/\"},\"sameAs\":[\"https:\/\/www.facebook.com\/Havu-Snow-105382571245950\",\"https:\/\/www.instagram.com\/havusnow\/\"]}]}<\/script>\n<!-- \/ Yoast SEO plugin. -->","yoast_head_json":{"title":"HAVU Lupus - HAVU Snow","description":"Tilaa nyt! Toimitusaika tuotteen ollessa loppu 2-3 viikkoa.\u00a0","robots":{"index":"index","follow":"follow","max-snippet":"max-snippet:-1","max-image-preview":"max-image-preview:large","max-video-preview":"max-video-preview:-1"},"canonical":"https:\/\/havusnow.com\/fi\/tuote\/havu-lupus\/","og_locale":"fi_FI","og_type":"article","og_title":"HAVU Lupus - HAVU Snow","og_description":"Order now! If out of stock, production time approximately 2-3 weeks.\u00a0","og_url":"https:\/\/havusnow.com\/fi\/tuote\/havu-lupus\/","og_site_name":"HAVU Snow","article_publisher":"https:\/\/www.facebook.com\/Havu-Snow-105382571245950","article_modified_time":"2026-03-04T11:58:41+00:00","og_image":[{"width":2000,"height":2000,"url":"https:\/\/havusnow.com\/wp-content\/uploads\/2023\/01\/lupus-top.jpg","type":"image\/jpeg"}],"twitter_card":"summary_large_image","twitter_misc":{"Arvioitu lukuaika":"2 minuuttia"},"schema":{"@context":"https:\/\/schema.org","@graph":[{"@type":"WebPage","@id":"https:\/\/havusnow.com\/product\/havu-lupus\/","url":"https:\/\/havusnow.com\/product\/havu-lupus\/","name":"HAVU Lupus - HAVU Snow","isPartOf":{"@id":"https:\/\/havusnow.com\/#website"},"primaryImageOfPage":{"@id":"https:\/\/havusnow.com\/product\/havu-lupus\/#primaryimage"},"image":{"@id":"https:\/\/havusnow.com\/product\/havu-lupus\/#primaryimage"},"thumbnailUrl":"https:\/\/havusnow.com\/wp-content\/uploads\/2023\/01\/lupus-top.jpg","datePublished":"2023-01-11T12:35:53+00:00","dateModified":"2026-03-04T11:58:41+00:00","description":"Tilaa nyt! Toimitusaika tuotteen ollessa loppu 2-3 viikkoa.\u00a0","breadcrumb":{"@id":"https:\/\/havusnow.com\/product\/havu-lupus\/#breadcrumb"},"inLanguage":"fi","potentialAction":[{"@type":"ReadAction","target":["https:\/\/havusnow.com\/product\/havu-lupus\/"]}]},{"@type":"ImageObject","inLanguage":"fi","@id":"https:\/\/havusnow.com\/product\/havu-lupus\/#primaryimage","url":"https:\/\/havusnow.com\/wp-content\/uploads\/2023\/01\/lupus-top.jpg","contentUrl":"https:\/\/havusnow.com\/wp-content\/uploads\/2023\/01\/lupus-top.jpg","width":2000,"height":2000},{"@type":"BreadcrumbList","@id":"https:\/\/havusnow.com\/product\/havu-lupus\/#breadcrumb","itemListElement":[{"@type":"ListItem","position":1,"name":"Home","item":"https:\/\/havusnow.com\/"},{"@type":"ListItem","position":2,"name":"Products","item":"https:\/\/havusnow.com\/products\/"},{"@type":"ListItem","position":3,"name":"HAVU Lupus"}]},{"@type":"WebSite","@id":"https:\/\/havusnow.com\/#website","url":"https:\/\/havusnow.com\/","name":"HAVU Snow","description":"sustainable skis, boards handmade in Finland","publisher":{"@id":"https:\/\/havusnow.com\/#organization"},"inLanguage":"fi"},{"@type":"Organization","@id":"https:\/\/havusnow.com\/#organization","name":"Havu Snow","url":"https:\/\/havusnow.com\/","logo":{"@type":"ImageObject","inLanguage":"fi","@id":"https:\/\/havusnow.com\/#\/schema\/logo\/image\/","url":"https:\/\/i0.wp.com\/havusnow.com\/wp-content\/uploads\/2020\/09\/logo.png?fit=847%2C839&ssl=1","contentUrl":"https:\/\/i0.wp.com\/havusnow.com\/wp-content\/uploads\/2020\/09\/logo.png?fit=847%2C839&ssl=1","width":847,"height":839,"caption":"Havu Snow"},"image":{"@id":"https:\/\/havusnow.com\/#\/schema\/logo\/image\/"},"sameAs":["https:\/\/www.facebook.com\/Havu-Snow-105382571245950","https:\/\/www.instagram.com\/havusnow\/"]}]}},"_links":{"self":[{"href":"https:\/\/havusnow.com\/fi\/wp-json\/wp\/v2\/product\/3252","targetHints":{"allow":["GET"]}}],"collection":[{"href":"https:\/\/havusnow.com\/fi\/wp-json\/wp\/v2\/product"}],"about":[{"href":"https:\/\/havusnow.com\/fi\/wp-json\/wp\/v2\/types\/product"}],"replies":[{"embeddable":true,"href":"https:\/\/havusnow.com\/fi\/wp-json\/wp\/v2\/comments?post=3252"}],"wp:featuredmedia":[{"embeddable":true,"href":"https:\/\/havusnow.com\/fi\/wp-json\/wp\/v2\/media\/3258"}],"wp:attachment":[{"href":"https:\/\/havusnow.com\/fi\/wp-json\/wp\/v2\/media?parent=3252"}],"wp:term":[{"taxonomy":"product_brand","embeddable":true,"href":"https:\/\/havusnow.com\/fi\/wp-json\/wp\/v2\/product_brand?post=3252"},{"taxonomy":"product_cat","embeddable":true,"href":"https:\/\/havusnow.com\/fi\/wp-json\/wp\/v2\/product_cat?post=3252"},{"taxonomy":"product_tag","embeddable":true,"href":"https:\/\/havusnow.com\/fi\/wp-json\/wp\/v2\/product_tag?post=3252"}],"curies":[{"name":"wp","href":"https:\/\/api.w.org\/{rel}","templated":true}]}}