{"id":4148,"date":"2023-11-01T10:43:14","date_gmt":"2023-11-01T10:43:14","guid":{"rendered":"https:\/\/havusnow.com\/?post_type=product&#038;p=4148"},"modified":"2026-03-24T08:40:34","modified_gmt":"2026-03-24T08:40:34","slug":"havu-kettu-backcountry-skis","status":"publish","type":"product","link":"https:\/\/havusnow.com\/fi\/tuote\/havu-kettu-backcountry-skis\/","title":{"rendered":"HAVU Kettu 170 karvapohjasukset"},"content":{"rendered":"<p><em>Puun yksil\u00f6llisyyden takia suksien pinnan v\u00e4ri tai kuvio voivat poiketa kuvista.<\/em><\/p>\n<p>HAVU Kettu liukulumikeng\u00e4t kehitettiin kahta asiaa silm\u00e4ll\u00e4 pit\u00e4en - pidempi\u00e4 seikkailuita ja suorituskyky\u00e4 alam\u00e4iss\u00e4. Verstaamme ymp\u00e4rist\u00f6ss\u00e4 olevissa lumisissa metsiss\u00e4 ja kukkuloilla tehdyn huolellisen testauksen j\u00e4lkeen emme voisi olla tyytyv\u00e4isempi\u00e4 suksien suorituskykyyn. Optimaalisen kokoisen pitokarva-alueen ansiosta ne ovat todella nopeat ja vaivattomat hiiht\u00e4\u00e4 pitki\u00e4 matkoja, sek\u00e4 niin hauskat laskuissa, ett\u00e4 haluat kurvailla telemark-k\u00e4\u00e4nn\u00f6ksi\u00e4 kaikki l\u00f6yt\u00e4m\u00e4si m\u00e4et alas! Perinteisten puusuksien uusi aikakausi!<\/p>\n<p>Valmistettu kuten ymp\u00e4rist\u00f6yst\u00e4v\u00e4lliset laskettelusuksemme! Suksien rakenteeseen sis\u00e4ltyv\u00e4t t\u00e4yspuuydin oman mets\u00e4mme puusta, eritt\u00e4in kest\u00e4v\u00e4 mattalakattu puupinta, metalliset kantit, sek\u00e4 kierr\u00e4tetty pohjamateriaali. Luonnonmateriaaleja on jopa 60% suksien rakenteesta. Ainutlaatuinen ulkon\u00e4k\u00f6, korkea laatu ja taattu kest\u00e4vyys aiheuttaen mahdollisimman v\u00e4h\u00e4n haittaa luonnolle!<\/p>\n<p>Kettu karvapohjasukset sis\u00e4lt\u00e4v\u00e4t valmiiksi asennetut helppok\u00e4ytt\u00f6iset yleissiteet 36-45 kokoiselle keng\u00e4lle tai Rottefella NNN BC Magnum siteet.<\/p>\n<p>Puuytimen ansiosta suksiin voi halutessaan asentaa my\u00f6s muuntyyppiset er\u00e4siteet.<\/p>\n<p>Huolellisesti testattu ja valmistettu Suomessa.<\/p>\n<p><strong>Yksityiskohdat<\/strong><\/p>\n<p>Pituus: 170cm<\/p>\n<p>Pohjassa korkealaatuinen Euroopassa valmistettu Mohair\/Nylon mix pitokarva. (V\u00e4ri saattaa vaihdella saatavuuden mukaan).<\/p>\n<p>Ydin  | 100% oman mets\u00e4mme Koivu ja Kuusi<\/p>\n<p>Pohja | Paksu kierr\u00e4tetty UHMW-PE muovi metallikanteilla<\/p>\n<p>Mitat | 113-85-103mm<\/p>","protected":false},"excerpt":{"rendered":"<p><em>Varastossa olevat sukset siteill\u00e4 l\u00e4hetet\u00e4\u00e4n 1-3 arkip\u00e4iv\u00e4n kuluessa siteiden asennuksen vuoksi. Jos tuote on loppu, valmistusaika noin 3 viikkoa. Tilaa omasi nyt!<\/em><\/p>","protected":false},"featured_media":4435,"comment_status":"open","ping_status":"closed","template":"","meta":{"nf_dc_page":""},"product_brand":[],"product_cat":[15,42],"product_tag":[],"class_list":{"0":"post-4148","1":"product","2":"type-product","3":"status-publish","4":"has-post-thumbnail","6":"product_cat-products","7":"product_cat-skis","8":"product_shipping_class-long","10":"entry","11":"has-media","13":"first","14":"instock","15":"shipping-taxable","16":"purchasable","17":"product-type-variable","18":"has-rating","19":"has-product-nav","20":"col","21":"span_1_of_4","22":"owp-content-center","23":"owp-thumbs-layout-horizontal","24":"owp-btn-normal","25":"owp-tabs-layout-horizontal","27":"circle-sale"},"yoast_head":"<!-- This site is optimized with the Yoast SEO plugin v27.2 - https:\/\/yoast.com\/product\/yoast-seo-wordpress\/ -->\n<title>HAVU Kettu 170 backcountry skis - HAVU Snow<\/title>\n<meta name=\"description\" content=\"In stock skis with bindings will be shipped in 1-3 business days due to the installation of bindings. If out of stock, production time about 3 weeks. Order yours now!\" \/>\n<meta name=\"robots\" content=\"index, follow, max-snippet:-1, max-image-preview:large, max-video-preview:-1\" \/>\n<link rel=\"canonical\" href=\"https:\/\/havusnow.com\/fi\/tuote\/havu-kettu-backcountry-skis\/\" \/>\n<meta property=\"og:locale\" content=\"fi_FI\" \/>\n<meta property=\"og:type\" content=\"article\" \/>\n<meta property=\"og:title\" content=\"HAVU Kettu 170 backcountry skis - HAVU Snow\" \/>\n<meta property=\"og:description\" content=\"In stock skis with bindings will be shipped in 1-3 business days due to the installation of bindings. If out of stock, production time about 3 weeks. Order yours now!\" \/>\n<meta property=\"og:url\" content=\"https:\/\/havusnow.com\/fi\/tuote\/havu-kettu-backcountry-skis\/\" \/>\n<meta property=\"og:site_name\" content=\"HAVU Snow\" \/>\n<meta property=\"article:publisher\" content=\"https:\/\/www.facebook.com\/Havu-Snow-105382571245950\" \/>\n<meta property=\"article:modified_time\" content=\"2026-03-24T08:40:34+00:00\" \/>\n<meta property=\"og:image\" content=\"https:\/\/havusnow.com\/wp-content\/uploads\/2023\/11\/kettu-top-base.jpg\" \/>\n\t<meta property=\"og:image:width\" content=\"2000\" \/>\n\t<meta property=\"og:image:height\" content=\"2000\" \/>\n\t<meta property=\"og:image:type\" content=\"image\/jpeg\" \/>\n<meta name=\"twitter:card\" content=\"summary_large_image\" \/>\n<meta name=\"twitter:label1\" content=\"Arvioitu lukuaika\" \/>\n\t<meta name=\"twitter:data1\" content=\"2 minuuttia\" \/>\n<script type=\"application\/ld+json\" class=\"yoast-schema-graph\">{\"@context\":\"https:\/\/schema.org\",\"@graph\":[{\"@type\":\"WebPage\",\"@id\":\"https:\/\/havusnow.com\/product\/havu-kettu-backcountry-skis\/\",\"url\":\"https:\/\/havusnow.com\/product\/havu-kettu-backcountry-skis\/\",\"name\":\"HAVU Kettu 170 backcountry skis - HAVU Snow\",\"isPartOf\":{\"@id\":\"https:\/\/havusnow.com\/#website\"},\"primaryImageOfPage\":{\"@id\":\"https:\/\/havusnow.com\/product\/havu-kettu-backcountry-skis\/#primaryimage\"},\"image\":{\"@id\":\"https:\/\/havusnow.com\/product\/havu-kettu-backcountry-skis\/#primaryimage\"},\"thumbnailUrl\":\"https:\/\/havusnow.com\/wp-content\/uploads\/2023\/11\/kettu-top-base.jpg\",\"datePublished\":\"2023-11-01T10:43:14+00:00\",\"dateModified\":\"2026-03-24T08:40:34+00:00\",\"description\":\"In stock skis with bindings will be shipped in 1-3 business days due to the installation of bindings. If out of stock, production time about 3 weeks. Order yours now!\",\"breadcrumb\":{\"@id\":\"https:\/\/havusnow.com\/product\/havu-kettu-backcountry-skis\/#breadcrumb\"},\"inLanguage\":\"fi\",\"potentialAction\":[{\"@type\":\"ReadAction\",\"target\":[\"https:\/\/havusnow.com\/product\/havu-kettu-backcountry-skis\/\"]}]},{\"@type\":\"ImageObject\",\"inLanguage\":\"fi\",\"@id\":\"https:\/\/havusnow.com\/product\/havu-kettu-backcountry-skis\/#primaryimage\",\"url\":\"https:\/\/havusnow.com\/wp-content\/uploads\/2023\/11\/kettu-top-base.jpg\",\"contentUrl\":\"https:\/\/havusnow.com\/wp-content\/uploads\/2023\/11\/kettu-top-base.jpg\",\"width\":2000,\"height\":2000},{\"@type\":\"BreadcrumbList\",\"@id\":\"https:\/\/havusnow.com\/product\/havu-kettu-backcountry-skis\/#breadcrumb\",\"itemListElement\":[{\"@type\":\"ListItem\",\"position\":1,\"name\":\"Home\",\"item\":\"https:\/\/havusnow.com\/\"},{\"@type\":\"ListItem\",\"position\":2,\"name\":\"Products\",\"item\":\"https:\/\/havusnow.com\/products\/\"},{\"@type\":\"ListItem\",\"position\":3,\"name\":\"HAVU Kettu 170 backcountry skis\"}]},{\"@type\":\"WebSite\",\"@id\":\"https:\/\/havusnow.com\/#website\",\"url\":\"https:\/\/havusnow.com\/\",\"name\":\"HAVU Snow\",\"description\":\"sustainable skis, boards handmade in Finland\",\"publisher\":{\"@id\":\"https:\/\/havusnow.com\/#organization\"},\"inLanguage\":\"fi\"},{\"@type\":\"Organization\",\"@id\":\"https:\/\/havusnow.com\/#organization\",\"name\":\"Havu Snow\",\"url\":\"https:\/\/havusnow.com\/\",\"logo\":{\"@type\":\"ImageObject\",\"inLanguage\":\"fi\",\"@id\":\"https:\/\/havusnow.com\/#\/schema\/logo\/image\/\",\"url\":\"https:\/\/i0.wp.com\/havusnow.com\/wp-content\/uploads\/2020\/09\/logo.png?fit=847%2C839&ssl=1\",\"contentUrl\":\"https:\/\/i0.wp.com\/havusnow.com\/wp-content\/uploads\/2020\/09\/logo.png?fit=847%2C839&ssl=1\",\"width\":847,\"height\":839,\"caption\":\"Havu Snow\"},\"image\":{\"@id\":\"https:\/\/havusnow.com\/#\/schema\/logo\/image\/\"},\"sameAs\":[\"https:\/\/www.facebook.com\/Havu-Snow-105382571245950\",\"https:\/\/www.instagram.com\/havusnow\/\"]}]}<\/script>\n<!-- \/ Yoast SEO plugin. -->","yoast_head_json":{"title":"HAVU Kettu 170 backcountry skis - HAVU Snow","description":"Varastossa olevat sukset siteill\u00e4 l\u00e4hetet\u00e4\u00e4n 1-3 arkip\u00e4iv\u00e4n kuluessa siteiden asennuksen vuoksi. Jos tuote on loppu, valmistusaika noin 3 viikkoa. Tilaa omasi nyt!","robots":{"index":"index","follow":"follow","max-snippet":"max-snippet:-1","max-image-preview":"max-image-preview:large","max-video-preview":"max-video-preview:-1"},"canonical":"https:\/\/havusnow.com\/fi\/tuote\/havu-kettu-backcountry-skis\/","og_locale":"fi_FI","og_type":"article","og_title":"HAVU Kettu 170 backcountry skis - HAVU Snow","og_description":"In stock skis with bindings will be shipped in 1-3 business days due to the installation of bindings. If out of stock, production time about 3 weeks. Order yours now!","og_url":"https:\/\/havusnow.com\/fi\/tuote\/havu-kettu-backcountry-skis\/","og_site_name":"HAVU Snow","article_publisher":"https:\/\/www.facebook.com\/Havu-Snow-105382571245950","article_modified_time":"2026-03-24T08:40:34+00:00","og_image":[{"width":2000,"height":2000,"url":"https:\/\/havusnow.com\/wp-content\/uploads\/2023\/11\/kettu-top-base.jpg","type":"image\/jpeg"}],"twitter_card":"summary_large_image","twitter_misc":{"Arvioitu lukuaika":"2 minuuttia"},"schema":{"@context":"https:\/\/schema.org","@graph":[{"@type":"WebPage","@id":"https:\/\/havusnow.com\/product\/havu-kettu-backcountry-skis\/","url":"https:\/\/havusnow.com\/product\/havu-kettu-backcountry-skis\/","name":"HAVU Kettu 170 backcountry skis - HAVU Snow","isPartOf":{"@id":"https:\/\/havusnow.com\/#website"},"primaryImageOfPage":{"@id":"https:\/\/havusnow.com\/product\/havu-kettu-backcountry-skis\/#primaryimage"},"image":{"@id":"https:\/\/havusnow.com\/product\/havu-kettu-backcountry-skis\/#primaryimage"},"thumbnailUrl":"https:\/\/havusnow.com\/wp-content\/uploads\/2023\/11\/kettu-top-base.jpg","datePublished":"2023-11-01T10:43:14+00:00","dateModified":"2026-03-24T08:40:34+00:00","description":"Varastossa olevat sukset siteill\u00e4 l\u00e4hetet\u00e4\u00e4n 1-3 arkip\u00e4iv\u00e4n kuluessa siteiden asennuksen vuoksi. Jos tuote on loppu, valmistusaika noin 3 viikkoa. Tilaa omasi nyt!","breadcrumb":{"@id":"https:\/\/havusnow.com\/product\/havu-kettu-backcountry-skis\/#breadcrumb"},"inLanguage":"fi","potentialAction":[{"@type":"ReadAction","target":["https:\/\/havusnow.com\/product\/havu-kettu-backcountry-skis\/"]}]},{"@type":"ImageObject","inLanguage":"fi","@id":"https:\/\/havusnow.com\/product\/havu-kettu-backcountry-skis\/#primaryimage","url":"https:\/\/havusnow.com\/wp-content\/uploads\/2023\/11\/kettu-top-base.jpg","contentUrl":"https:\/\/havusnow.com\/wp-content\/uploads\/2023\/11\/kettu-top-base.jpg","width":2000,"height":2000},{"@type":"BreadcrumbList","@id":"https:\/\/havusnow.com\/product\/havu-kettu-backcountry-skis\/#breadcrumb","itemListElement":[{"@type":"ListItem","position":1,"name":"Home","item":"https:\/\/havusnow.com\/"},{"@type":"ListItem","position":2,"name":"Products","item":"https:\/\/havusnow.com\/products\/"},{"@type":"ListItem","position":3,"name":"HAVU Kettu 170 backcountry skis"}]},{"@type":"WebSite","@id":"https:\/\/havusnow.com\/#website","url":"https:\/\/havusnow.com\/","name":"HAVU Snow","description":"sustainable skis, boards handmade in Finland","publisher":{"@id":"https:\/\/havusnow.com\/#organization"},"inLanguage":"fi"},{"@type":"Organization","@id":"https:\/\/havusnow.com\/#organization","name":"Havu Snow","url":"https:\/\/havusnow.com\/","logo":{"@type":"ImageObject","inLanguage":"fi","@id":"https:\/\/havusnow.com\/#\/schema\/logo\/image\/","url":"https:\/\/i0.wp.com\/havusnow.com\/wp-content\/uploads\/2020\/09\/logo.png?fit=847%2C839&ssl=1","contentUrl":"https:\/\/i0.wp.com\/havusnow.com\/wp-content\/uploads\/2020\/09\/logo.png?fit=847%2C839&ssl=1","width":847,"height":839,"caption":"Havu Snow"},"image":{"@id":"https:\/\/havusnow.com\/#\/schema\/logo\/image\/"},"sameAs":["https:\/\/www.facebook.com\/Havu-Snow-105382571245950","https:\/\/www.instagram.com\/havusnow\/"]}]}},"_links":{"self":[{"href":"https:\/\/havusnow.com\/fi\/wp-json\/wp\/v2\/product\/4148","targetHints":{"allow":["GET"]}}],"collection":[{"href":"https:\/\/havusnow.com\/fi\/wp-json\/wp\/v2\/product"}],"about":[{"href":"https:\/\/havusnow.com\/fi\/wp-json\/wp\/v2\/types\/product"}],"replies":[{"embeddable":true,"href":"https:\/\/havusnow.com\/fi\/wp-json\/wp\/v2\/comments?post=4148"}],"wp:featuredmedia":[{"embeddable":true,"href":"https:\/\/havusnow.com\/fi\/wp-json\/wp\/v2\/media\/4435"}],"wp:attachment":[{"href":"https:\/\/havusnow.com\/fi\/wp-json\/wp\/v2\/media?parent=4148"}],"wp:term":[{"taxonomy":"product_brand","embeddable":true,"href":"https:\/\/havusnow.com\/fi\/wp-json\/wp\/v2\/product_brand?post=4148"},{"taxonomy":"product_cat","embeddable":true,"href":"https:\/\/havusnow.com\/fi\/wp-json\/wp\/v2\/product_cat?post=4148"},{"taxonomy":"product_tag","embeddable":true,"href":"https:\/\/havusnow.com\/fi\/wp-json\/wp\/v2\/product_tag?post=4148"}],"curies":[{"name":"wp","href":"https:\/\/api.w.org\/{rel}","templated":true}]}}