{"id":4370,"date":"2023-12-21T17:27:42","date_gmt":"2023-12-21T17:27:42","guid":{"rendered":"https:\/\/havusnow.com\/?post_type=product&#038;p=4370"},"modified":"2024-10-29T18:13:27","modified_gmt":"2024-10-29T18:13:27","slug":"havu-vison","status":"publish","type":"product","link":"https:\/\/havusnow.com\/fi\/tuote\/havu-vison\/","title":{"rendered":"HAVU Vison"},"content":{"rendered":"<p><em>Puun yksil\u00f6llisyyden takia suksien pinnan v\u00e4ri tai kuvio voivat poiketa kuvista.<\/em><\/p>\n<p class=\"p1\">Rinnesuksi jollaisesta olet haaveillut on t\u00e4\u00e4ll\u00e4! HAVU Vison pit\u00e4\u00e4 sis\u00e4ll\u00e4\u00e4n todellisen kilpasuksen DNA:n ja on valmis sy\u00f6ksym\u00e4\u00e4n alas rinteit\u00e4. Loistava suksi niin rajuun, kuin my\u00f6s rentoon kurvailuun. Valmistettu innovatiivisella <span class=\"s1\"><a href=\"https:\/\/havusnow.com\/fi\/sustainable-technology\/\">#thegreenskis<\/a><\/span> rakenteellamme, jonka pellavakuidun voiman valjastat k\u00e4ytt\u00f6\u00f6n nauttiaksesi uskomattomasta vakaudesta ja ketteryydest\u00e4 kaikissa lumiolosuhteissa suksien keveyden avustamana. Hieman rokkeria k\u00e4rjiss\u00e4 ja pitk\u00e4 tehokantti tekev\u00e4t suksesta eritt\u00e4in suorituskykyisen monenlaisissa olosuhteissa.<\/p>\n<p class=\"p1\">Vison on valmistettu alaa johtavalla <span class=\"s1\"><a href=\"https:\/\/havusnow.com\/fi\/sustainable-technology\/\">Bio-rakenteellamme<\/a><\/span>. Se koostuu 70% luonnonmateriaaleista. 100% pellavakuituvahvikkeet, puuydin, kest\u00e4v\u00e4t <span class=\"s1\"><a href=\"https:\/\/havusnow.com\/fi\/wood-sidewalls\/\">kovapuu sidewallit<\/a><\/span> ja aito eritt\u00e4in kest\u00e4v\u00e4ll\u00e4 lakalla pinnoitettu puuviilupinta antavat sukselle uskomattoman luonnollisen tuntuman ja hyv\u00e4n kest\u00e4vyyden. Kierr\u00e4tetty korkealaatuinen pohjamateriaali on kest\u00e4v\u00e4\u00e4 ja nopeaa pienemm\u00e4ll\u00e4 ymp\u00e4rist\u00f6vaikutuksella. T\u00e4m\u00e4 tekee suksesta eritt\u00e4in vakaan ja t\u00e4rin\u00e4vapaan, ja siin\u00e4 on reilusti voimaa laskemiseen kaikissa olosuhteissa.<\/p>\n<p class=\"p1\">Ekologisesti valmistettu Suomessa. Sukset eiv\u00e4t sis\u00e4ll\u00e4 siteit\u00e4.<\/p>\n<p class=\"p1\"><b>Yksityiskohdat <\/b>(175)<\/p>\n<p class=\"p1\">Mitat (mm) | 127-83-112<\/p>\n<p class=\"p1\">Paino | 1800g<\/p>\n<p class=\"p1\">K\u00e4\u00e4nt\u00f6s\u00e4de | 15.8 m<\/p>\n<p class=\"p1\">J\u00e4ykkyys | 8<\/p>\n<p class=\"p1\">K\u00e4rjen rocker | 200 mm<\/p>\n<p class=\"p1\"><b>Rakenne<\/b><\/p>\n<ul class=\"ul1\">\n<li class=\"li2\"><span style=\"color: #000000;\"><span class=\"s2\">Vahvikekuidut | 100% luonnollinen Amplitex<\/span><span class=\"s3\">\u2122\ufe0f<\/span><span class=\"s2\"> pellava<\/span><\/span><\/li>\n<li class=\"li2\"><span class=\"s2\" style=\"color: #000000;\">Ydin | oman mets\u00e4mme Koivu ja Kuusi<\/span><\/li>\n<li class=\"li2\"><span class=\"s2\" style=\"color: #000000;\">Bio liima<\/span><\/li>\n<li class=\"li2\"><span class=\"s2\" style=\"color: #000000;\">Pohja | Kierr\u00e4tetty Die-Cut 7500 PTex<\/span><\/li>\n<li class=\"li2\"><span class=\"s2\" style=\"color: #000000;\">2.2\u00d71.8 mm kantit<\/span><\/li>\n<\/ul>","protected":false},"excerpt":{"rendered":"<p><span style=\"color: #000000;\"><strong>Tilaa nyt! Toimitusaika tuotteen ollessa loppu 2-3 viikkoa.\u00a0<\/strong><\/span><\/p>\n<p>&nbsp;<\/p>","protected":false},"featured_media":4434,"comment_status":"open","ping_status":"closed","template":"","meta":{"nf_dc_page":""},"product_brand":[],"product_cat":[15,42],"product_tag":[],"class_list":{"0":"post-4370","1":"product","2":"type-product","3":"status-publish","4":"has-post-thumbnail","6":"product_cat-products","7":"product_cat-skis","8":"product_shipping_class-long","10":"entry","11":"has-media","13":"first","14":"onbackorder","15":"shipping-taxable","16":"purchasable","17":"product-type-variable","18":"has-product-nav","19":"col","20":"span_1_of_4","21":"owp-content-center","22":"owp-thumbs-layout-horizontal","23":"owp-btn-normal","24":"owp-tabs-layout-horizontal","26":"circle-sale"},"yoast_head":"<!-- This site is optimized with the Yoast SEO plugin v27.2 - https:\/\/yoast.com\/product\/yoast-seo-wordpress\/ -->\n<title>HAVU Vison - HAVU Snow<\/title>\n<meta name=\"description\" content=\"Order now! If out of stock, production time approximately 2-3 weeks.\u00a0  &nbsp;\" \/>\n<meta name=\"robots\" content=\"index, follow, max-snippet:-1, max-image-preview:large, max-video-preview:-1\" \/>\n<link rel=\"canonical\" href=\"https:\/\/havusnow.com\/fi\/tuote\/havu-vison\/\" \/>\n<meta property=\"og:locale\" content=\"fi_FI\" \/>\n<meta property=\"og:type\" content=\"article\" \/>\n<meta property=\"og:title\" content=\"HAVU Vison - HAVU Snow\" \/>\n<meta property=\"og:description\" content=\"Order now! If out of stock, production time approximately 2-3 weeks.\u00a0  &nbsp;\" \/>\n<meta property=\"og:url\" content=\"https:\/\/havusnow.com\/fi\/tuote\/havu-vison\/\" \/>\n<meta property=\"og:site_name\" content=\"HAVU Snow\" \/>\n<meta property=\"article:publisher\" content=\"https:\/\/www.facebook.com\/Havu-Snow-105382571245950\" \/>\n<meta property=\"article:modified_time\" content=\"2024-10-29T18:13:27+00:00\" \/>\n<meta property=\"og:image\" content=\"https:\/\/havusnow.com\/wp-content\/uploads\/2023\/12\/vison-top-1.jpg\" \/>\n\t<meta property=\"og:image:width\" content=\"2000\" \/>\n\t<meta property=\"og:image:height\" content=\"2000\" \/>\n\t<meta property=\"og:image:type\" content=\"image\/jpeg\" \/>\n<meta name=\"twitter:card\" content=\"summary_large_image\" \/>\n<meta name=\"twitter:label1\" content=\"Arvioitu lukuaika\" \/>\n\t<meta name=\"twitter:data1\" content=\"2 minuuttia\" \/>\n<script type=\"application\/ld+json\" class=\"yoast-schema-graph\">{\"@context\":\"https:\/\/schema.org\",\"@graph\":[{\"@type\":\"WebPage\",\"@id\":\"https:\/\/havusnow.com\/product\/havu-vison\/\",\"url\":\"https:\/\/havusnow.com\/product\/havu-vison\/\",\"name\":\"HAVU Vison - HAVU Snow\",\"isPartOf\":{\"@id\":\"https:\/\/havusnow.com\/#website\"},\"primaryImageOfPage\":{\"@id\":\"https:\/\/havusnow.com\/product\/havu-vison\/#primaryimage\"},\"image\":{\"@id\":\"https:\/\/havusnow.com\/product\/havu-vison\/#primaryimage\"},\"thumbnailUrl\":\"https:\/\/havusnow.com\/wp-content\/uploads\/2023\/12\/vison-top-1.jpg\",\"datePublished\":\"2023-12-21T17:27:42+00:00\",\"dateModified\":\"2024-10-29T18:13:27+00:00\",\"description\":\"Order now! If out of stock, production time approximately 2-3 weeks.\u00a0 &nbsp;\",\"breadcrumb\":{\"@id\":\"https:\/\/havusnow.com\/product\/havu-vison\/#breadcrumb\"},\"inLanguage\":\"fi\",\"potentialAction\":[{\"@type\":\"ReadAction\",\"target\":[\"https:\/\/havusnow.com\/product\/havu-vison\/\"]}]},{\"@type\":\"ImageObject\",\"inLanguage\":\"fi\",\"@id\":\"https:\/\/havusnow.com\/product\/havu-vison\/#primaryimage\",\"url\":\"https:\/\/havusnow.com\/wp-content\/uploads\/2023\/12\/vison-top-1.jpg\",\"contentUrl\":\"https:\/\/havusnow.com\/wp-content\/uploads\/2023\/12\/vison-top-1.jpg\",\"width\":2000,\"height\":2000},{\"@type\":\"BreadcrumbList\",\"@id\":\"https:\/\/havusnow.com\/product\/havu-vison\/#breadcrumb\",\"itemListElement\":[{\"@type\":\"ListItem\",\"position\":1,\"name\":\"Home\",\"item\":\"https:\/\/havusnow.com\/\"},{\"@type\":\"ListItem\",\"position\":2,\"name\":\"Products\",\"item\":\"https:\/\/havusnow.com\/products\/\"},{\"@type\":\"ListItem\",\"position\":3,\"name\":\"HAVU Vison\"}]},{\"@type\":\"WebSite\",\"@id\":\"https:\/\/havusnow.com\/#website\",\"url\":\"https:\/\/havusnow.com\/\",\"name\":\"HAVU Snow\",\"description\":\"sustainable skis, boards handmade in Finland\",\"publisher\":{\"@id\":\"https:\/\/havusnow.com\/#organization\"},\"inLanguage\":\"fi\"},{\"@type\":\"Organization\",\"@id\":\"https:\/\/havusnow.com\/#organization\",\"name\":\"Havu Snow\",\"url\":\"https:\/\/havusnow.com\/\",\"logo\":{\"@type\":\"ImageObject\",\"inLanguage\":\"fi\",\"@id\":\"https:\/\/havusnow.com\/#\/schema\/logo\/image\/\",\"url\":\"https:\/\/i0.wp.com\/havusnow.com\/wp-content\/uploads\/2020\/09\/logo.png?fit=847%2C839&ssl=1\",\"contentUrl\":\"https:\/\/i0.wp.com\/havusnow.com\/wp-content\/uploads\/2020\/09\/logo.png?fit=847%2C839&ssl=1\",\"width\":847,\"height\":839,\"caption\":\"Havu Snow\"},\"image\":{\"@id\":\"https:\/\/havusnow.com\/#\/schema\/logo\/image\/\"},\"sameAs\":[\"https:\/\/www.facebook.com\/Havu-Snow-105382571245950\",\"https:\/\/www.instagram.com\/havusnow\/\"]}]}<\/script>\n<!-- \/ Yoast SEO plugin. -->","yoast_head_json":{"title":"HAVU Vison - HAVU Snow","description":"Tilaa nyt! Toimitusaika tuotteen ollessa loppu 2-3 viikkoa.\u00a0  &nbsp;","robots":{"index":"index","follow":"follow","max-snippet":"max-snippet:-1","max-image-preview":"max-image-preview:large","max-video-preview":"max-video-preview:-1"},"canonical":"https:\/\/havusnow.com\/fi\/tuote\/havu-vison\/","og_locale":"fi_FI","og_type":"article","og_title":"HAVU Vison - HAVU Snow","og_description":"Order now! If out of stock, production time approximately 2-3 weeks.\u00a0  &nbsp;","og_url":"https:\/\/havusnow.com\/fi\/tuote\/havu-vison\/","og_site_name":"HAVU Snow","article_publisher":"https:\/\/www.facebook.com\/Havu-Snow-105382571245950","article_modified_time":"2024-10-29T18:13:27+00:00","og_image":[{"width":2000,"height":2000,"url":"https:\/\/havusnow.com\/wp-content\/uploads\/2023\/12\/vison-top-1.jpg","type":"image\/jpeg"}],"twitter_card":"summary_large_image","twitter_misc":{"Arvioitu lukuaika":"2 minuuttia"},"schema":{"@context":"https:\/\/schema.org","@graph":[{"@type":"WebPage","@id":"https:\/\/havusnow.com\/product\/havu-vison\/","url":"https:\/\/havusnow.com\/product\/havu-vison\/","name":"HAVU Vison - HAVU Snow","isPartOf":{"@id":"https:\/\/havusnow.com\/#website"},"primaryImageOfPage":{"@id":"https:\/\/havusnow.com\/product\/havu-vison\/#primaryimage"},"image":{"@id":"https:\/\/havusnow.com\/product\/havu-vison\/#primaryimage"},"thumbnailUrl":"https:\/\/havusnow.com\/wp-content\/uploads\/2023\/12\/vison-top-1.jpg","datePublished":"2023-12-21T17:27:42+00:00","dateModified":"2024-10-29T18:13:27+00:00","description":"Tilaa nyt! Toimitusaika tuotteen ollessa loppu 2-3 viikkoa.\u00a0 &nbsp;","breadcrumb":{"@id":"https:\/\/havusnow.com\/product\/havu-vison\/#breadcrumb"},"inLanguage":"fi","potentialAction":[{"@type":"ReadAction","target":["https:\/\/havusnow.com\/product\/havu-vison\/"]}]},{"@type":"ImageObject","inLanguage":"fi","@id":"https:\/\/havusnow.com\/product\/havu-vison\/#primaryimage","url":"https:\/\/havusnow.com\/wp-content\/uploads\/2023\/12\/vison-top-1.jpg","contentUrl":"https:\/\/havusnow.com\/wp-content\/uploads\/2023\/12\/vison-top-1.jpg","width":2000,"height":2000},{"@type":"BreadcrumbList","@id":"https:\/\/havusnow.com\/product\/havu-vison\/#breadcrumb","itemListElement":[{"@type":"ListItem","position":1,"name":"Home","item":"https:\/\/havusnow.com\/"},{"@type":"ListItem","position":2,"name":"Products","item":"https:\/\/havusnow.com\/products\/"},{"@type":"ListItem","position":3,"name":"HAVU Vison"}]},{"@type":"WebSite","@id":"https:\/\/havusnow.com\/#website","url":"https:\/\/havusnow.com\/","name":"HAVU Snow","description":"sustainable skis, boards handmade in Finland","publisher":{"@id":"https:\/\/havusnow.com\/#organization"},"inLanguage":"fi"},{"@type":"Organization","@id":"https:\/\/havusnow.com\/#organization","name":"Havu Snow","url":"https:\/\/havusnow.com\/","logo":{"@type":"ImageObject","inLanguage":"fi","@id":"https:\/\/havusnow.com\/#\/schema\/logo\/image\/","url":"https:\/\/i0.wp.com\/havusnow.com\/wp-content\/uploads\/2020\/09\/logo.png?fit=847%2C839&ssl=1","contentUrl":"https:\/\/i0.wp.com\/havusnow.com\/wp-content\/uploads\/2020\/09\/logo.png?fit=847%2C839&ssl=1","width":847,"height":839,"caption":"Havu Snow"},"image":{"@id":"https:\/\/havusnow.com\/#\/schema\/logo\/image\/"},"sameAs":["https:\/\/www.facebook.com\/Havu-Snow-105382571245950","https:\/\/www.instagram.com\/havusnow\/"]}]}},"_links":{"self":[{"href":"https:\/\/havusnow.com\/fi\/wp-json\/wp\/v2\/product\/4370","targetHints":{"allow":["GET"]}}],"collection":[{"href":"https:\/\/havusnow.com\/fi\/wp-json\/wp\/v2\/product"}],"about":[{"href":"https:\/\/havusnow.com\/fi\/wp-json\/wp\/v2\/types\/product"}],"replies":[{"embeddable":true,"href":"https:\/\/havusnow.com\/fi\/wp-json\/wp\/v2\/comments?post=4370"}],"wp:featuredmedia":[{"embeddable":true,"href":"https:\/\/havusnow.com\/fi\/wp-json\/wp\/v2\/media\/4434"}],"wp:attachment":[{"href":"https:\/\/havusnow.com\/fi\/wp-json\/wp\/v2\/media?parent=4370"}],"wp:term":[{"taxonomy":"product_brand","embeddable":true,"href":"https:\/\/havusnow.com\/fi\/wp-json\/wp\/v2\/product_brand?post=4370"},{"taxonomy":"product_cat","embeddable":true,"href":"https:\/\/havusnow.com\/fi\/wp-json\/wp\/v2\/product_cat?post=4370"},{"taxonomy":"product_tag","embeddable":true,"href":"https:\/\/havusnow.com\/fi\/wp-json\/wp\/v2\/product_tag?post=4370"}],"curies":[{"name":"wp","href":"https:\/\/api.w.org\/{rel}","templated":true}]}}