{"id":4560,"date":"2024-04-17T18:32:44","date_gmt":"2024-04-17T18:32:44","guid":{"rendered":"https:\/\/havusnow.com\/?post_type=product&#038;p=4560"},"modified":"2025-12-09T19:40:25","modified_gmt":"2025-12-09T19:40:25","slug":"havu-balance-board-roller","status":"publish","type":"product","link":"https:\/\/havusnow.com\/fi\/tuote\/havu-balance-board-roller\/","title":{"rendered":"HAVU tasapainolaudan rulla"},"content":{"rendered":"<p>Haluatko pienemm\u00e4n rullan opetellaksesi tasapainolautailun perusteita tai uuden rullan vanhaa tasapainolautaasi varten?<\/p>\n<p>HAVU rulla on ymp\u00e4rist\u00f6yst\u00e4v\u00e4llinen ja todella kest\u00e4v\u00e4 massiivipuurulla! Tehty omasta mets\u00e4st\u00e4mme per\u00e4isin olevasta kirjanpainajakuoriaisten tappamasta puusta. Uusi el\u00e4m\u00e4 t\u00e4ysin virheett\u00f6m\u00e4lle puuainekselle!<\/p>\n<p>Rullan halkaisija 110 mm : Oletuksena laudan mukana tuleva rulla. Hyv\u00e4 kaikille taitotasoille.<\/p>\n<p>Rullan halkaisija 80 mm : Hyv\u00e4 valinta tasapainolautailun perusteiden opetteluun tai lasten k\u00e4ytt\u00f6\u00f6n.<\/p>\n<p>Huom! Vain rulla, ei sis\u00e4ll\u00e4 lautaa.<\/p>","protected":false},"excerpt":{"rendered":"<p>Want to get a smaller roller to learn the basics of balance boarding, or to get a new roller for your old balance board? HAVU roller is a completely eco-friendly and really durable solid wood roller! Made out of beetle killed spruce wood from our own forest. New life for perfectly flawless trees! Roller diameter [&hellip;]<\/p>\n","protected":false},"featured_media":3862,"comment_status":"closed","ping_status":"closed","template":"","meta":{"nf_dc_page":""},"product_brand":[],"product_cat":[43,15],"product_tag":[],"class_list":{"0":"post-4560","1":"product","2":"type-product","3":"status-publish","4":"has-post-thumbnail","6":"product_cat-boards","7":"product_cat-products","8":"product_shipping_class-basic","10":"entry","11":"has-media","13":"first","14":"instock","15":"shipping-taxable","16":"purchasable","17":"product-type-variable","18":"has-product-nav","19":"col","20":"span_1_of_4","21":"owp-content-center","22":"owp-thumbs-layout-horizontal","23":"owp-btn-normal","24":"owp-tabs-layout-horizontal","26":"circle-sale"},"yoast_head":"<!-- This site is optimized with the Yoast SEO plugin v27.2 - https:\/\/yoast.com\/product\/yoast-seo-wordpress\/ -->\n<title>HAVU Balance Board Roller - HAVU Snow<\/title>\n<meta name=\"description\" content=\"Want to get a smaller roller to learn the basics of balance boarding, or to get a new roller for your old balance board? HAVU roller is a completely\" \/>\n<meta name=\"robots\" content=\"index, follow, max-snippet:-1, max-image-preview:large, max-video-preview:-1\" \/>\n<link rel=\"canonical\" href=\"https:\/\/havusnow.com\/fi\/tuote\/havu-balance-board-roller\/\" \/>\n<meta property=\"og:locale\" content=\"fi_FI\" \/>\n<meta property=\"og:type\" content=\"article\" \/>\n<meta property=\"og:title\" content=\"HAVU Balance Board Roller - HAVU Snow\" \/>\n<meta property=\"og:description\" content=\"Want to get a smaller roller to learn the basics of balance boarding, or to get a new roller for your old balance board? HAVU roller is a completely\" \/>\n<meta property=\"og:url\" content=\"https:\/\/havusnow.com\/fi\/tuote\/havu-balance-board-roller\/\" \/>\n<meta property=\"og:site_name\" content=\"HAVU Snow\" \/>\n<meta property=\"article:publisher\" content=\"https:\/\/www.facebook.com\/Havu-Snow-105382571245950\" \/>\n<meta property=\"article:modified_time\" content=\"2025-12-09T19:40:25+00:00\" \/>\n<meta property=\"og:image\" content=\"https:\/\/havusnow.com\/wp-content\/uploads\/2021\/06\/havu-roller-1.jpg\" \/>\n\t<meta property=\"og:image:width\" content=\"1500\" \/>\n\t<meta property=\"og:image:height\" content=\"1500\" \/>\n\t<meta property=\"og:image:type\" content=\"image\/jpeg\" \/>\n<meta name=\"twitter:card\" content=\"summary_large_image\" \/>\n<meta name=\"twitter:label1\" content=\"Arvioitu lukuaika\" \/>\n\t<meta name=\"twitter:data1\" content=\"1 minuutti\" \/>\n<script type=\"application\/ld+json\" class=\"yoast-schema-graph\">{\"@context\":\"https:\/\/schema.org\",\"@graph\":[{\"@type\":\"WebPage\",\"@id\":\"https:\/\/havusnow.com\/product\/havu-balance-board-roller\/\",\"url\":\"https:\/\/havusnow.com\/product\/havu-balance-board-roller\/\",\"name\":\"HAVU Balance Board Roller - HAVU Snow\",\"isPartOf\":{\"@id\":\"https:\/\/havusnow.com\/#website\"},\"primaryImageOfPage\":{\"@id\":\"https:\/\/havusnow.com\/product\/havu-balance-board-roller\/#primaryimage\"},\"image\":{\"@id\":\"https:\/\/havusnow.com\/product\/havu-balance-board-roller\/#primaryimage\"},\"thumbnailUrl\":\"https:\/\/havusnow.com\/wp-content\/uploads\/2021\/06\/havu-roller-1.jpg\",\"datePublished\":\"2024-04-17T18:32:44+00:00\",\"dateModified\":\"2025-12-09T19:40:25+00:00\",\"description\":\"Want to get a smaller roller to learn the basics of balance boarding, or to get a new roller for your old balance board? HAVU roller is a completely\",\"breadcrumb\":{\"@id\":\"https:\/\/havusnow.com\/product\/havu-balance-board-roller\/#breadcrumb\"},\"inLanguage\":\"fi\",\"potentialAction\":[{\"@type\":\"ReadAction\",\"target\":[\"https:\/\/havusnow.com\/product\/havu-balance-board-roller\/\"]}]},{\"@type\":\"ImageObject\",\"inLanguage\":\"fi\",\"@id\":\"https:\/\/havusnow.com\/product\/havu-balance-board-roller\/#primaryimage\",\"url\":\"https:\/\/havusnow.com\/wp-content\/uploads\/2021\/06\/havu-roller-1.jpg\",\"contentUrl\":\"https:\/\/havusnow.com\/wp-content\/uploads\/2021\/06\/havu-roller-1.jpg\",\"width\":1500,\"height\":1500},{\"@type\":\"BreadcrumbList\",\"@id\":\"https:\/\/havusnow.com\/product\/havu-balance-board-roller\/#breadcrumb\",\"itemListElement\":[{\"@type\":\"ListItem\",\"position\":1,\"name\":\"Home\",\"item\":\"https:\/\/havusnow.com\/\"},{\"@type\":\"ListItem\",\"position\":2,\"name\":\"Products\",\"item\":\"https:\/\/havusnow.com\/products\/\"},{\"@type\":\"ListItem\",\"position\":3,\"name\":\"HAVU Balance Board Roller\"}]},{\"@type\":\"WebSite\",\"@id\":\"https:\/\/havusnow.com\/#website\",\"url\":\"https:\/\/havusnow.com\/\",\"name\":\"HAVU Snow\",\"description\":\"sustainable skis, boards handmade in Finland\",\"publisher\":{\"@id\":\"https:\/\/havusnow.com\/#organization\"},\"inLanguage\":\"fi\"},{\"@type\":\"Organization\",\"@id\":\"https:\/\/havusnow.com\/#organization\",\"name\":\"Havu Snow\",\"url\":\"https:\/\/havusnow.com\/\",\"logo\":{\"@type\":\"ImageObject\",\"inLanguage\":\"fi\",\"@id\":\"https:\/\/havusnow.com\/#\/schema\/logo\/image\/\",\"url\":\"https:\/\/i0.wp.com\/havusnow.com\/wp-content\/uploads\/2020\/09\/logo.png?fit=847%2C839&ssl=1\",\"contentUrl\":\"https:\/\/i0.wp.com\/havusnow.com\/wp-content\/uploads\/2020\/09\/logo.png?fit=847%2C839&ssl=1\",\"width\":847,\"height\":839,\"caption\":\"Havu Snow\"},\"image\":{\"@id\":\"https:\/\/havusnow.com\/#\/schema\/logo\/image\/\"},\"sameAs\":[\"https:\/\/www.facebook.com\/Havu-Snow-105382571245950\",\"https:\/\/www.instagram.com\/havusnow\/\"]}]}<\/script>\n<!-- \/ Yoast SEO plugin. -->","yoast_head_json":{"title":"HAVU Balance Board Roller - HAVU Snow","description":"Want to get a smaller roller to learn the basics of balance boarding, or to get a new roller for your old balance board? HAVU roller is a completely","robots":{"index":"index","follow":"follow","max-snippet":"max-snippet:-1","max-image-preview":"max-image-preview:large","max-video-preview":"max-video-preview:-1"},"canonical":"https:\/\/havusnow.com\/fi\/tuote\/havu-balance-board-roller\/","og_locale":"fi_FI","og_type":"article","og_title":"HAVU Balance Board Roller - HAVU Snow","og_description":"Want to get a smaller roller to learn the basics of balance boarding, or to get a new roller for your old balance board? HAVU roller is a completely","og_url":"https:\/\/havusnow.com\/fi\/tuote\/havu-balance-board-roller\/","og_site_name":"HAVU Snow","article_publisher":"https:\/\/www.facebook.com\/Havu-Snow-105382571245950","article_modified_time":"2025-12-09T19:40:25+00:00","og_image":[{"width":1500,"height":1500,"url":"https:\/\/havusnow.com\/wp-content\/uploads\/2021\/06\/havu-roller-1.jpg","type":"image\/jpeg"}],"twitter_card":"summary_large_image","twitter_misc":{"Arvioitu lukuaika":"1 minuutti"},"schema":{"@context":"https:\/\/schema.org","@graph":[{"@type":"WebPage","@id":"https:\/\/havusnow.com\/product\/havu-balance-board-roller\/","url":"https:\/\/havusnow.com\/product\/havu-balance-board-roller\/","name":"HAVU Balance Board Roller - HAVU Snow","isPartOf":{"@id":"https:\/\/havusnow.com\/#website"},"primaryImageOfPage":{"@id":"https:\/\/havusnow.com\/product\/havu-balance-board-roller\/#primaryimage"},"image":{"@id":"https:\/\/havusnow.com\/product\/havu-balance-board-roller\/#primaryimage"},"thumbnailUrl":"https:\/\/havusnow.com\/wp-content\/uploads\/2021\/06\/havu-roller-1.jpg","datePublished":"2024-04-17T18:32:44+00:00","dateModified":"2025-12-09T19:40:25+00:00","description":"Want to get a smaller roller to learn the basics of balance boarding, or to get a new roller for your old balance board? HAVU roller is a completely","breadcrumb":{"@id":"https:\/\/havusnow.com\/product\/havu-balance-board-roller\/#breadcrumb"},"inLanguage":"fi","potentialAction":[{"@type":"ReadAction","target":["https:\/\/havusnow.com\/product\/havu-balance-board-roller\/"]}]},{"@type":"ImageObject","inLanguage":"fi","@id":"https:\/\/havusnow.com\/product\/havu-balance-board-roller\/#primaryimage","url":"https:\/\/havusnow.com\/wp-content\/uploads\/2021\/06\/havu-roller-1.jpg","contentUrl":"https:\/\/havusnow.com\/wp-content\/uploads\/2021\/06\/havu-roller-1.jpg","width":1500,"height":1500},{"@type":"BreadcrumbList","@id":"https:\/\/havusnow.com\/product\/havu-balance-board-roller\/#breadcrumb","itemListElement":[{"@type":"ListItem","position":1,"name":"Home","item":"https:\/\/havusnow.com\/"},{"@type":"ListItem","position":2,"name":"Products","item":"https:\/\/havusnow.com\/products\/"},{"@type":"ListItem","position":3,"name":"HAVU Balance Board Roller"}]},{"@type":"WebSite","@id":"https:\/\/havusnow.com\/#website","url":"https:\/\/havusnow.com\/","name":"HAVU Snow","description":"sustainable skis, boards handmade in Finland","publisher":{"@id":"https:\/\/havusnow.com\/#organization"},"inLanguage":"fi"},{"@type":"Organization","@id":"https:\/\/havusnow.com\/#organization","name":"Havu Snow","url":"https:\/\/havusnow.com\/","logo":{"@type":"ImageObject","inLanguage":"fi","@id":"https:\/\/havusnow.com\/#\/schema\/logo\/image\/","url":"https:\/\/i0.wp.com\/havusnow.com\/wp-content\/uploads\/2020\/09\/logo.png?fit=847%2C839&ssl=1","contentUrl":"https:\/\/i0.wp.com\/havusnow.com\/wp-content\/uploads\/2020\/09\/logo.png?fit=847%2C839&ssl=1","width":847,"height":839,"caption":"Havu Snow"},"image":{"@id":"https:\/\/havusnow.com\/#\/schema\/logo\/image\/"},"sameAs":["https:\/\/www.facebook.com\/Havu-Snow-105382571245950","https:\/\/www.instagram.com\/havusnow\/"]}]}},"_links":{"self":[{"href":"https:\/\/havusnow.com\/fi\/wp-json\/wp\/v2\/product\/4560","targetHints":{"allow":["GET"]}}],"collection":[{"href":"https:\/\/havusnow.com\/fi\/wp-json\/wp\/v2\/product"}],"about":[{"href":"https:\/\/havusnow.com\/fi\/wp-json\/wp\/v2\/types\/product"}],"replies":[{"embeddable":true,"href":"https:\/\/havusnow.com\/fi\/wp-json\/wp\/v2\/comments?post=4560"}],"wp:featuredmedia":[{"embeddable":true,"href":"https:\/\/havusnow.com\/fi\/wp-json\/wp\/v2\/media\/3862"}],"wp:attachment":[{"href":"https:\/\/havusnow.com\/fi\/wp-json\/wp\/v2\/media?parent=4560"}],"wp:term":[{"taxonomy":"product_brand","embeddable":true,"href":"https:\/\/havusnow.com\/fi\/wp-json\/wp\/v2\/product_brand?post=4560"},{"taxonomy":"product_cat","embeddable":true,"href":"https:\/\/havusnow.com\/fi\/wp-json\/wp\/v2\/product_cat?post=4560"},{"taxonomy":"product_tag","embeddable":true,"href":"https:\/\/havusnow.com\/fi\/wp-json\/wp\/v2\/product_tag?post=4560"}],"curies":[{"name":"wp","href":"https:\/\/api.w.org\/{rel}","templated":true}]}}