{"id":712,"date":"2020-08-24T15:49:09","date_gmt":"2020-08-24T15:49:09","guid":{"rendered":"https:\/\/havusnow.com\/?post_type=product&#038;p=712"},"modified":"2025-01-21T09:37:55","modified_gmt":"2025-01-21T09:37:55","slug":"havu-nivalis","status":"publish","type":"product","link":"https:\/\/havusnow.com\/fi\/tuote\/havu-nivalis\/","title":{"rendered":"HAVU Nivalis"},"content":{"rendered":"<p><em>Puun yksil\u00f6llisyyden takia suksien pinnan v\u00e4ri tai kuvio voivat poiketa kuvista.<\/em><\/p>\n<p>Nivalis on yht\u00e4 ketter\u00e4 ja nopea kuin Lumikko, jonka mukaan se on nimetty. Loistava suksi hyppimiseen, py\u00f6rimiseen, reileihin, kurvailuun ja kaikkeen muuhun. Kevyen rakenteen ansiosta laskeminen kumminkin p\u00e4in on vaivatonta ja suunnanvaihdot helppoja. Tiukka k\u00e4\u00e4nt\u00f6s\u00e4de ja hillitty camber saavat sen tuntumaan kovalla rinteell\u00e4 carving-sukselta. 96mm keskileveys ja rocker k\u00e4rjiss\u00e4 ja kannoissa varmistavat, ettei my\u00f6sk\u00e4\u00e4n pehme\u00e4 lumi ole ongelma. J\u00e4ykk\u00e4 keskelt\u00e4 vakaammille alastuloille ja l\u00f6ysempi k\u00e4rjist\u00e4 helpompaa jibbailua varten.<\/p>\n<p>Valloita koko laskumaastosi maailman ensimm\u00e4isell\u00e4 kokonaan luonnonkuiduilla vahvistetulla all-mountain freestylesuksella. T\u00e4m\u00e4 loistava ja monik\u00e4ytt\u00f6inen suksi on yli kolmen vuoden kehitysty\u00f6n tulos. Pellavakuitu on tulevaisuuden vahvikemateriaali. Se on kokonaan luonnontuote, sill\u00e4 on loistavat vaimennusominaisuudet ja se on eritt\u00e4in kest\u00e4v\u00e4\u00e4.<\/p>\n<p>Yhteens\u00e4 70% suksen materiaaleista on <a href=\"https:\/\/havusnow.com\/fi\/sustainable-technology\/\">luonnonmateriaaleja<\/a>. Aito puuviilupinta, <a href=\"https:\/\/havusnow.com\/fi\/wood-sidewalls\/\">kovapuu sidewallit<\/a>, puuydin, pellavakuidut ja biopohjainen liima. Kest\u00e4vyys on silti korkealla tasolla laadukkaiden materiaalien ja perusteellisen testauksen ansiosta. T\u00e4lle kaudelle veimme t\u00e4m\u00e4n viel\u00e4 askelta pidemm\u00e4lle vaihtamalla perinteisen pohjamuovin kierr\u00e4tettyyn kilpatason pohjamuoviin!<\/p>\n<p>Ekologisesti valmistettu Suomessa. Sukset eiv\u00e4t sis\u00e4ll\u00e4 siteit\u00e4.<\/p>\n<p>Saatavilla my\u00f6s Max-versio, jossa paksumpi pohja ja kantit parhaan kest\u00e4vyyden takaamiseksi. Pohjan v\u00e4ritys on sinist\u00e4 ja mustaa.<\/p>\n<p><strong>Yksityiskohdat\u00a0 <\/strong>(185)<\/p>\n<p>Mitat (mm) | 126-96-121<\/p>\n<p>Paino | 1770g<\/p>\n<p>K\u00e4\u00e4nt\u00f6s\u00e4de | 16,4 m<\/p>\n<p>J\u00e4ykkyys | 8<\/p>\n<p>K\u00e4rjen rocker | 270 mm<\/p>\n<p>Kannan rocker | 260 mm<\/p>\n<p><strong>Rakenne<\/strong><\/p>\n<ul>\n<li><span style=\"color: #000000;\">Vahvikekuidut | 100% luonnollinen Amplitex\u2122\ufe0f pellava<\/span><\/li>\n<li><span style=\"color: #000000;\">Ydin | oman mets\u00e4mme koivu, haapa, vaahtera<\/span><\/li>\n<li><span style=\"color: #000000;\">Bio liima<\/span><\/li>\n<li><span style=\"color: #000000;\">Pohja | Kierr\u00e4tetty Die-Cut 7500 PTex<\/span><\/li>\n<li><span style=\"color: #000000;\">Standardi: 2.2\u00d71.8 mm kantit, Max-versio: 2.2\u00d72.5 mm kantit<\/span><\/li>\n<\/ul>\n<p class=\"responsive-video-wrap clr\"><iframe title=\"HAVU Nivalis Skis | Freestyle skis designed for everything\" width=\"1200\" height=\"675\" src=\"https:\/\/www.youtube.com\/embed\/g4wf08wNtLQ?feature=oembed\" frameborder=\"0\" allow=\"accelerometer; autoplay; clipboard-write; encrypted-media; gyroscope; picture-in-picture; web-share\" referrerpolicy=\"strict-origin-when-cross-origin\" allowfullscreen><\/iframe><\/p>","protected":false},"excerpt":{"rendered":"<p><span style=\"color: #000000;\"><strong>Tilaa nyt! Toimitusaika tuotteen ollessa loppu 2-3 viikkoa.\u00a0<\/strong><\/span><\/p>","protected":false},"featured_media":2090,"comment_status":"open","ping_status":"closed","template":"","meta":{"nf_dc_page":""},"product_brand":[],"product_cat":[15,42],"product_tag":[],"class_list":{"0":"post-712","1":"product","2":"type-product","3":"status-publish","4":"has-post-thumbnail","6":"product_cat-products","7":"product_cat-skis","8":"product_shipping_class-long","10":"entry","11":"has-media","13":"first","14":"onbackorder","15":"shipping-taxable","16":"purchasable","17":"product-type-variable","18":"has-product-nav","19":"col","20":"span_1_of_4","21":"owp-content-center","22":"owp-thumbs-layout-horizontal","23":"owp-btn-normal","24":"owp-tabs-layout-horizontal","26":"circle-sale"},"yoast_head":"<!-- This site is optimized with the Yoast SEO plugin v27.2 - https:\/\/yoast.com\/product\/yoast-seo-wordpress\/ -->\n<title>HAVU Nivalis - HAVU Snow<\/title>\n<meta name=\"description\" content=\"Entirely natural fiber reinforced all-mountain freestyle ski. 96mm underfoot, playful flex and versatile rocker-camber shape. Environment friendly materials.\" \/>\n<meta name=\"robots\" content=\"index, follow, max-snippet:-1, max-image-preview:large, max-video-preview:-1\" \/>\n<link rel=\"canonical\" href=\"https:\/\/havusnow.com\/fi\/tuote\/havu-nivalis\/\" \/>\n<meta property=\"og:locale\" content=\"fi_FI\" \/>\n<meta property=\"og:type\" content=\"article\" \/>\n<meta property=\"og:title\" content=\"HAVU Nivalis - HAVU Snow\" \/>\n<meta property=\"og:description\" content=\"Entirely natural fiber reinforced all-mountain freestyle ski. 96mm underfoot, playful flex and versatile rocker-camber shape. Environment friendly materials.\" \/>\n<meta property=\"og:url\" content=\"https:\/\/havusnow.com\/fi\/tuote\/havu-nivalis\/\" \/>\n<meta property=\"og:site_name\" content=\"HAVU Snow\" \/>\n<meta property=\"article:publisher\" content=\"https:\/\/www.facebook.com\/Havu-Snow-105382571245950\" \/>\n<meta property=\"article:modified_time\" content=\"2025-01-21T09:37:55+00:00\" \/>\n<meta property=\"og:image\" content=\"https:\/\/havusnow.com\/wp-content\/uploads\/2020\/08\/Nivalis-22-top-2.jpg\" \/>\n\t<meta property=\"og:image:width\" content=\"2000\" \/>\n\t<meta property=\"og:image:height\" content=\"2000\" \/>\n\t<meta property=\"og:image:type\" content=\"image\/jpeg\" \/>\n<meta name=\"twitter:card\" content=\"summary_large_image\" \/>\n<meta name=\"twitter:label1\" content=\"Arvioitu lukuaika\" \/>\n\t<meta name=\"twitter:data1\" content=\"2 minuuttia\" \/>\n<script type=\"application\/ld+json\" class=\"yoast-schema-graph\">{\"@context\":\"https:\/\/schema.org\",\"@graph\":[{\"@type\":\"WebPage\",\"@id\":\"https:\/\/havusnow.com\/product\/havu-nivalis\/\",\"url\":\"https:\/\/havusnow.com\/product\/havu-nivalis\/\",\"name\":\"HAVU Nivalis - HAVU Snow\",\"isPartOf\":{\"@id\":\"https:\/\/havusnow.com\/#website\"},\"primaryImageOfPage\":{\"@id\":\"https:\/\/havusnow.com\/product\/havu-nivalis\/#primaryimage\"},\"image\":{\"@id\":\"https:\/\/havusnow.com\/product\/havu-nivalis\/#primaryimage\"},\"thumbnailUrl\":\"https:\/\/havusnow.com\/wp-content\/uploads\/2020\/08\/Nivalis-22-top-2.jpg\",\"datePublished\":\"2020-08-24T15:49:09+00:00\",\"dateModified\":\"2025-01-21T09:37:55+00:00\",\"description\":\"Entirely natural fiber reinforced all-mountain freestyle ski. 96mm underfoot, playful flex and versatile rocker-camber shape. Environment friendly materials.\",\"breadcrumb\":{\"@id\":\"https:\/\/havusnow.com\/product\/havu-nivalis\/#breadcrumb\"},\"inLanguage\":\"fi\",\"potentialAction\":[{\"@type\":\"ReadAction\",\"target\":[\"https:\/\/havusnow.com\/product\/havu-nivalis\/\"]}]},{\"@type\":\"ImageObject\",\"inLanguage\":\"fi\",\"@id\":\"https:\/\/havusnow.com\/product\/havu-nivalis\/#primaryimage\",\"url\":\"https:\/\/havusnow.com\/wp-content\/uploads\/2020\/08\/Nivalis-22-top-2.jpg\",\"contentUrl\":\"https:\/\/havusnow.com\/wp-content\/uploads\/2020\/08\/Nivalis-22-top-2.jpg\",\"width\":2000,\"height\":2000},{\"@type\":\"BreadcrumbList\",\"@id\":\"https:\/\/havusnow.com\/product\/havu-nivalis\/#breadcrumb\",\"itemListElement\":[{\"@type\":\"ListItem\",\"position\":1,\"name\":\"Home\",\"item\":\"https:\/\/havusnow.com\/\"},{\"@type\":\"ListItem\",\"position\":2,\"name\":\"Products\",\"item\":\"https:\/\/havusnow.com\/products\/\"},{\"@type\":\"ListItem\",\"position\":3,\"name\":\"HAVU Nivalis\"}]},{\"@type\":\"WebSite\",\"@id\":\"https:\/\/havusnow.com\/#website\",\"url\":\"https:\/\/havusnow.com\/\",\"name\":\"HAVU Snow\",\"description\":\"sustainable skis, boards handmade in Finland\",\"publisher\":{\"@id\":\"https:\/\/havusnow.com\/#organization\"},\"inLanguage\":\"fi\"},{\"@type\":\"Organization\",\"@id\":\"https:\/\/havusnow.com\/#organization\",\"name\":\"Havu Snow\",\"url\":\"https:\/\/havusnow.com\/\",\"logo\":{\"@type\":\"ImageObject\",\"inLanguage\":\"fi\",\"@id\":\"https:\/\/havusnow.com\/#\/schema\/logo\/image\/\",\"url\":\"https:\/\/i0.wp.com\/havusnow.com\/wp-content\/uploads\/2020\/09\/logo.png?fit=847%2C839&ssl=1\",\"contentUrl\":\"https:\/\/i0.wp.com\/havusnow.com\/wp-content\/uploads\/2020\/09\/logo.png?fit=847%2C839&ssl=1\",\"width\":847,\"height\":839,\"caption\":\"Havu Snow\"},\"image\":{\"@id\":\"https:\/\/havusnow.com\/#\/schema\/logo\/image\/\"},\"sameAs\":[\"https:\/\/www.facebook.com\/Havu-Snow-105382571245950\",\"https:\/\/www.instagram.com\/havusnow\/\"]}]}<\/script>\n<!-- \/ Yoast SEO plugin. -->","yoast_head_json":{"title":"HAVU Nivalis - HAVU Snow","description":"Entirely natural fiber reinforced all-mountain freestyle ski. 96mm underfoot, playful flex and versatile rocker-camber shape. Environment friendly materials.","robots":{"index":"index","follow":"follow","max-snippet":"max-snippet:-1","max-image-preview":"max-image-preview:large","max-video-preview":"max-video-preview:-1"},"canonical":"https:\/\/havusnow.com\/fi\/tuote\/havu-nivalis\/","og_locale":"fi_FI","og_type":"article","og_title":"HAVU Nivalis - HAVU Snow","og_description":"Entirely natural fiber reinforced all-mountain freestyle ski. 96mm underfoot, playful flex and versatile rocker-camber shape. Environment friendly materials.","og_url":"https:\/\/havusnow.com\/fi\/tuote\/havu-nivalis\/","og_site_name":"HAVU Snow","article_publisher":"https:\/\/www.facebook.com\/Havu-Snow-105382571245950","article_modified_time":"2025-01-21T09:37:55+00:00","og_image":[{"width":2000,"height":2000,"url":"https:\/\/havusnow.com\/wp-content\/uploads\/2020\/08\/Nivalis-22-top-2.jpg","type":"image\/jpeg"}],"twitter_card":"summary_large_image","twitter_misc":{"Arvioitu lukuaika":"2 minuuttia"},"schema":{"@context":"https:\/\/schema.org","@graph":[{"@type":"WebPage","@id":"https:\/\/havusnow.com\/product\/havu-nivalis\/","url":"https:\/\/havusnow.com\/product\/havu-nivalis\/","name":"HAVU Nivalis - HAVU Snow","isPartOf":{"@id":"https:\/\/havusnow.com\/#website"},"primaryImageOfPage":{"@id":"https:\/\/havusnow.com\/product\/havu-nivalis\/#primaryimage"},"image":{"@id":"https:\/\/havusnow.com\/product\/havu-nivalis\/#primaryimage"},"thumbnailUrl":"https:\/\/havusnow.com\/wp-content\/uploads\/2020\/08\/Nivalis-22-top-2.jpg","datePublished":"2020-08-24T15:49:09+00:00","dateModified":"2025-01-21T09:37:55+00:00","description":"Entirely natural fiber reinforced all-mountain freestyle ski. 96mm underfoot, playful flex and versatile rocker-camber shape. Environment friendly materials.","breadcrumb":{"@id":"https:\/\/havusnow.com\/product\/havu-nivalis\/#breadcrumb"},"inLanguage":"fi","potentialAction":[{"@type":"ReadAction","target":["https:\/\/havusnow.com\/product\/havu-nivalis\/"]}]},{"@type":"ImageObject","inLanguage":"fi","@id":"https:\/\/havusnow.com\/product\/havu-nivalis\/#primaryimage","url":"https:\/\/havusnow.com\/wp-content\/uploads\/2020\/08\/Nivalis-22-top-2.jpg","contentUrl":"https:\/\/havusnow.com\/wp-content\/uploads\/2020\/08\/Nivalis-22-top-2.jpg","width":2000,"height":2000},{"@type":"BreadcrumbList","@id":"https:\/\/havusnow.com\/product\/havu-nivalis\/#breadcrumb","itemListElement":[{"@type":"ListItem","position":1,"name":"Home","item":"https:\/\/havusnow.com\/"},{"@type":"ListItem","position":2,"name":"Products","item":"https:\/\/havusnow.com\/products\/"},{"@type":"ListItem","position":3,"name":"HAVU Nivalis"}]},{"@type":"WebSite","@id":"https:\/\/havusnow.com\/#website","url":"https:\/\/havusnow.com\/","name":"HAVU Snow","description":"sustainable skis, boards handmade in Finland","publisher":{"@id":"https:\/\/havusnow.com\/#organization"},"inLanguage":"fi"},{"@type":"Organization","@id":"https:\/\/havusnow.com\/#organization","name":"Havu Snow","url":"https:\/\/havusnow.com\/","logo":{"@type":"ImageObject","inLanguage":"fi","@id":"https:\/\/havusnow.com\/#\/schema\/logo\/image\/","url":"https:\/\/i0.wp.com\/havusnow.com\/wp-content\/uploads\/2020\/09\/logo.png?fit=847%2C839&ssl=1","contentUrl":"https:\/\/i0.wp.com\/havusnow.com\/wp-content\/uploads\/2020\/09\/logo.png?fit=847%2C839&ssl=1","width":847,"height":839,"caption":"Havu Snow"},"image":{"@id":"https:\/\/havusnow.com\/#\/schema\/logo\/image\/"},"sameAs":["https:\/\/www.facebook.com\/Havu-Snow-105382571245950","https:\/\/www.instagram.com\/havusnow\/"]}]}},"_links":{"self":[{"href":"https:\/\/havusnow.com\/fi\/wp-json\/wp\/v2\/product\/712","targetHints":{"allow":["GET"]}}],"collection":[{"href":"https:\/\/havusnow.com\/fi\/wp-json\/wp\/v2\/product"}],"about":[{"href":"https:\/\/havusnow.com\/fi\/wp-json\/wp\/v2\/types\/product"}],"replies":[{"embeddable":true,"href":"https:\/\/havusnow.com\/fi\/wp-json\/wp\/v2\/comments?post=712"}],"wp:featuredmedia":[{"embeddable":true,"href":"https:\/\/havusnow.com\/fi\/wp-json\/wp\/v2\/media\/2090"}],"wp:attachment":[{"href":"https:\/\/havusnow.com\/fi\/wp-json\/wp\/v2\/media?parent=712"}],"wp:term":[{"taxonomy":"product_brand","embeddable":true,"href":"https:\/\/havusnow.com\/fi\/wp-json\/wp\/v2\/product_brand?post=712"},{"taxonomy":"product_cat","embeddable":true,"href":"https:\/\/havusnow.com\/fi\/wp-json\/wp\/v2\/product_cat?post=712"},{"taxonomy":"product_tag","embeddable":true,"href":"https:\/\/havusnow.com\/fi\/wp-json\/wp\/v2\/product_tag?post=712"}],"curies":[{"name":"wp","href":"https:\/\/api.w.org\/{rel}","templated":true}]}}